{"id":25844,"date":"2025-12-23T16:43:41","date_gmt":"2025-12-23T15:43:41","guid":{"rendered":"https:\/\/sviluppo.faravetrerie.it\/blog\/?post_type=product&#038;p=25844"},"modified":"2026-01-27T17:30:07","modified_gmt":"2026-01-27T16:30:07","slug":"coppa-roma-1960-fizz","status":"publish","type":"product","link":"https:\/\/faravetrerie.it\/en\/shop-en\/cocktails-en\/cocktail-glasses-and-chalices\/coppa-roma-1960-fizz\/","title":{"rendered":"COPPA ROMA 1960 FIZZ"},"content":{"rendered":"<article class=\"group\/turn w-full text-token-text-primary focus-visible:outline-2 focus-visible:outline-offset-[-4px]\" dir=\"auto\" data-testid=\"conversation-turn-12\" data-scroll-anchor=\"true\">\n<div class=\"text-base my-auto mx-auto py-[18px] px-6\">\n<div class=\"mx-auto flex flex-1 text-base gap-4 md:gap-5 lg:gap-6 md:max-w-3xl\">\n<div class=\"group\/conversation-turn relative flex w-full min-w-0 flex-col agent-turn @xs\/thread:px-0 @sm\/thread:px-1.5 @md\/thread:px-4\">\n<div class=\"flex-col gap-1 md:gap-3\">\n<div class=\"flex max-w-full flex-col flex-grow\">\n<div class=\"min-h-8 text-message relative flex w-full flex-col items-end gap-2 whitespace-normal break-words text-start [.text-message+&amp;]:mt-5\" dir=\"auto\" data-message-author-role=\"assistant\" data-message-id=\"9bac627d-0907-45fd-95f2-ff047f8dbcbf\" data-message-model-slug=\"gpt-4o-mini\">\n<div class=\"flex w-full flex-col gap-1 empty:hidden first:pt-[3px]\">\n<div class=\"markdown prose w-full break-words dark:prose-invert light\">\n<h4 data-start=\"0\" data-end=\"62\"><strong data-start=\"0\" data-end=\"62\">Coppa Roma 1960 Fizz: Eleganza Vintage per i Tuoi Cocktail<\/strong><\/h4>\n<p data-start=\"64\" data-end=\"389\">Ispirata ai classici bicchieri degli anni &#8217;60, la Coppa Roma 1960 Fizz \u00e8 un omaggio alle atmosfere iconiche della dolce vita romana. Con il suo design r\u00e9tro e sofisticato, questa coppa \u00e8 perfetta per chi desidera aggiungere un tocco di fascino vintage ai propri cocktail, creando un&#8217;atmosfera unica e senza tempo.<\/p>\n<h5 data-start=\"391\" data-end=\"428\">Un Design che Evoca la Dolce Vita<\/h5>\n<p data-start=\"430\" data-end=\"798\">La Coppa\u00a0cattura l\u2019essenza degli anni &#8217;60 con linee eleganti e una forma distintiva, rendendola ideale per servire cocktail frizzanti e freschi come il classico Fizz o un elegante Martini. La sua silhouette ampia e sinuosa permette di godere pienamente dei profumi del cocktail, trasportandoti direttamente nelle glamour delle serate romane.<\/p>\n<h5 data-start=\"800\" data-end=\"856\">Un Tributo alla Tradizione e al Fascino dei Cocktail<\/h5>\n<p data-start=\"858\" data-end=\"1198\">Questa coppa non \u00e8 solo un elemento di design, ma anche un oggetto funzionale per preparare cocktail di grande fascino. Perfetta per aperitivi, cocktail party o occasioni speciali. La Coppa Roma 1960 Fizz aggiunge un tocco di classe e raffinatezza, invitando chi la utilizza a riscoprire il piacere di un&#8217;epoca indimenticabile.<\/p>\n<h5 data-start=\"1200\" data-end=\"1223\">Un Cocktail da Film<\/h5>\n<p data-start=\"1225\" data-end=\"1593\">Ogni sorso servito in questa coppa diventa un&#8217;esperienza cinematografica. Che si tratti di un fresco Fizz o di un elegante Negroni, la Coppa \u00e8 perfetta per creare cocktail di sicuro fascino, proprio come quelli che accompagnavano le notti romane degli anni &#8217;60, tra il glamour di Federico Fellini e la leggerezza della vita notturna di Roma.<\/p>\n<h5 data-start=\"1595\" data-end=\"1610\">Conclusioni<\/h5>\n<p data-start=\"1612\" data-end=\"1889\" data-is-last-node=\"\" data-is-only-node=\"\">Aggiungi un po\u2019 di dolce vita alla tua tavola con la Coppa Roma 1960 Fizz. Perfetta per servire cocktail dal fascino senza tempo, questa coppa \u00e8 l&#8217;accessorio ideale per chi ama l\u2019eleganza retr\u00f2 e la qualit\u00e0, trasportando ogni brindisi in un\u2019atmosfera di classe e stile.<\/p>\n<\/div>\n<\/div>\n<\/div>\n<\/div>\n<\/div>\n<\/div>\n<\/div>\n<\/div>\n<\/article>\n","protected":false},"excerpt":{"rendered":"<p>Ispirato ai classici bicchieri anni &#8217;60 questa linea ci riporta alle atmosfere della dolce vita romana. Una coppa per creare cocktail di sicuro fascino<\/p>\n<p>cl. 26<\/p>\n<p>fl.oz. 9,15<\/p>\n<p>h. 156 mm.<\/p>\n<p>\u00d8 96 mm.<\/p>\n","protected":false},"featured_media":23530,"template":"","meta":{"inline_featured_image":false},"product_brand":[],"product_cat":[27,38],"product_tag":[1002],"class_list":{"0":"post-25844","1":"product","2":"type-product","3":"status-publish","4":"has-post-thumbnail","6":"product_cat-cocktail","7":"product_cat-bicchieri-e-calici-cocktail","8":"product_tag-coppa","10":"first","11":"instock","12":"taxable","13":"shipping-taxable","14":"product-type-simple"},"yoast_head":"<!-- This site is optimized with the Yoast SEO plugin v26.6 - https:\/\/yoast.com\/wordpress\/plugins\/seo\/ -->\n<title>COPPA ROMA 1960 FIZZ - Fara Vetrerie e Cristallerie<\/title>\n<meta name=\"description\" content=\"Coppa Roma 1960 fizz Ispirato ai classici bicchieri anni &#039;60 questa linea ci riporta alle atmosfere della dolce vita romana per creare cocktail di fascino\" \/>\n<meta name=\"robots\" content=\"index, follow, max-snippet:-1, max-image-preview:large, max-video-preview:-1\" \/>\n<link rel=\"canonical\" href=\"https:\/\/faravetrerie.it\/en\/shop-en\/cocktails-en\/cocktail-glasses-and-chalices\/coppa-roma-1960-fizz\/\" \/>\n<meta property=\"og:locale\" content=\"en_US\" \/>\n<meta property=\"og:type\" content=\"article\" \/>\n<meta property=\"og:title\" content=\"COPPA ROMA 1960 FIZZ - Fara Vetrerie e Cristallerie\" \/>\n<meta property=\"og:description\" content=\"Coppa Roma 1960 fizz Ispirato ai classici bicchieri anni &#039;60 questa linea ci riporta alle atmosfere della dolce vita romana per creare cocktail di fascino\" \/>\n<meta property=\"og:url\" content=\"https:\/\/faravetrerie.it\/en\/shop-en\/cocktails-en\/cocktail-glasses-and-chalices\/coppa-roma-1960-fizz\/\" \/>\n<meta property=\"og:site_name\" content=\"Fara Vetrerie e Cristallerie\" \/>\n<meta property=\"article:modified_time\" content=\"2026-01-27T16:30:07+00:00\" \/>\n<meta property=\"og:image\" content=\"https:\/\/faravetrerie.it\/wp-content\/uploads\/2025\/12\/BLROMFIZ-scaled-4.jpg\" \/>\n\t<meta property=\"og:image:width\" content=\"2377\" \/>\n\t<meta property=\"og:image:height\" content=\"2560\" \/>\n\t<meta property=\"og:image:type\" content=\"image\/jpeg\" \/>\n<meta name=\"twitter:card\" content=\"summary_large_image\" \/>\n<meta name=\"twitter:label1\" content=\"Est. reading time\" \/>\n\t<meta name=\"twitter:data1\" content=\"2 minutes\" \/>\n<script type=\"application\/ld+json\" class=\"yoast-schema-graph\">{\"@context\":\"https:\/\/schema.org\",\"@graph\":[{\"@type\":\"WebPage\",\"@id\":\"https:\/\/faravetrerie.it\/en\/shop-en\/cocktails-en\/cocktail-glasses-and-chalices\/coppa-roma-1960-fizz\/\",\"url\":\"https:\/\/faravetrerie.it\/en\/shop-en\/cocktails-en\/cocktail-glasses-and-chalices\/coppa-roma-1960-fizz\/\",\"name\":\"COPPA ROMA 1960 FIZZ - Fara Vetrerie e Cristallerie\",\"isPartOf\":{\"@id\":\"https:\/\/faravetrerie.it\/en\/#website\"},\"primaryImageOfPage\":{\"@id\":\"https:\/\/faravetrerie.it\/en\/shop-en\/cocktails-en\/cocktail-glasses-and-chalices\/coppa-roma-1960-fizz\/#primaryimage\"},\"image\":{\"@id\":\"https:\/\/faravetrerie.it\/en\/shop-en\/cocktails-en\/cocktail-glasses-and-chalices\/coppa-roma-1960-fizz\/#primaryimage\"},\"thumbnailUrl\":\"https:\/\/faravetrerie.it\/wp-content\/uploads\/2025\/12\/BLROMFIZ-scaled-4.jpg\",\"datePublished\":\"2025-12-23T15:43:41+00:00\",\"dateModified\":\"2026-01-27T16:30:07+00:00\",\"description\":\"Coppa Roma 1960 fizz Ispirato ai classici bicchieri anni '60 questa linea ci riporta alle atmosfere della dolce vita romana per creare cocktail di fascino\",\"breadcrumb\":{\"@id\":\"https:\/\/faravetrerie.it\/en\/shop-en\/cocktails-en\/cocktail-glasses-and-chalices\/coppa-roma-1960-fizz\/#breadcrumb\"},\"inLanguage\":\"en-US\",\"potentialAction\":[{\"@type\":\"ReadAction\",\"target\":[\"https:\/\/faravetrerie.it\/en\/shop-en\/cocktails-en\/cocktail-glasses-and-chalices\/coppa-roma-1960-fizz\/\"]}]},{\"@type\":\"ImageObject\",\"inLanguage\":\"en-US\",\"@id\":\"https:\/\/faravetrerie.it\/en\/shop-en\/cocktails-en\/cocktail-glasses-and-chalices\/coppa-roma-1960-fizz\/#primaryimage\",\"url\":\"https:\/\/faravetrerie.it\/wp-content\/uploads\/2025\/12\/BLROMFIZ-scaled-4.jpg\",\"contentUrl\":\"https:\/\/faravetrerie.it\/wp-content\/uploads\/2025\/12\/BLROMFIZ-scaled-4.jpg\",\"width\":2377,\"height\":2560,\"caption\":\"Coppa Roma 1960 Fizz\"},{\"@type\":\"BreadcrumbList\",\"@id\":\"https:\/\/faravetrerie.it\/en\/shop-en\/cocktails-en\/cocktail-glasses-and-chalices\/coppa-roma-1960-fizz\/#breadcrumb\",\"itemListElement\":[{\"@type\":\"ListItem\",\"position\":1,\"name\":\"Home\",\"item\":\"https:\/\/faravetrerie.it\/en\/\"},{\"@type\":\"ListItem\",\"position\":2,\"name\":\"Shop\",\"item\":\"https:\/\/faravetrerie.it\/en\/shop-en\/\"},{\"@type\":\"ListItem\",\"position\":3,\"name\":\"COPPA ROMA 1960 FIZZ\"}]},{\"@type\":\"WebSite\",\"@id\":\"https:\/\/faravetrerie.it\/en\/#website\",\"url\":\"https:\/\/faravetrerie.it\/en\/\",\"name\":\"Fara Vetrerie e Cristallerie\",\"description\":\"\",\"publisher\":{\"@id\":\"https:\/\/faravetrerie.it\/en\/#organization\"},\"potentialAction\":[{\"@type\":\"SearchAction\",\"target\":{\"@type\":\"EntryPoint\",\"urlTemplate\":\"https:\/\/faravetrerie.it\/en\/?s={search_term_string}\"},\"query-input\":{\"@type\":\"PropertyValueSpecification\",\"valueRequired\":true,\"valueName\":\"search_term_string\"}}],\"inLanguage\":\"en-US\"},{\"@type\":\"Organization\",\"@id\":\"https:\/\/faravetrerie.it\/en\/#organization\",\"name\":\"Fara Vetrerie e Cristallerie\",\"url\":\"https:\/\/faravetrerie.it\/en\/\",\"logo\":{\"@type\":\"ImageObject\",\"inLanguage\":\"en-US\",\"@id\":\"https:\/\/faravetrerie.it\/en\/#\/schema\/logo\/image\/\",\"url\":\"https:\/\/faravetrerie.it\/wp-content\/uploads\/2025\/12\/logo-fara-bianco.png\",\"contentUrl\":\"https:\/\/faravetrerie.it\/wp-content\/uploads\/2025\/12\/logo-fara-bianco.png\",\"width\":2038,\"height\":2942,\"caption\":\"Fara Vetrerie e Cristallerie\"},\"image\":{\"@id\":\"https:\/\/faravetrerie.it\/en\/#\/schema\/logo\/image\/\"}}]}<\/script>\n<!-- \/ Yoast SEO plugin. -->","yoast_head_json":{"title":"COPPA ROMA 1960 FIZZ - Fara Vetrerie e Cristallerie","description":"Coppa Roma 1960 fizz Ispirato ai classici bicchieri anni '60 questa linea ci riporta alle atmosfere della dolce vita romana per creare cocktail di fascino","robots":{"index":"index","follow":"follow","max-snippet":"max-snippet:-1","max-image-preview":"max-image-preview:large","max-video-preview":"max-video-preview:-1"},"canonical":"https:\/\/faravetrerie.it\/en\/shop-en\/cocktails-en\/cocktail-glasses-and-chalices\/coppa-roma-1960-fizz\/","og_locale":"en_US","og_type":"article","og_title":"COPPA ROMA 1960 FIZZ - Fara Vetrerie e Cristallerie","og_description":"Coppa Roma 1960 fizz Ispirato ai classici bicchieri anni '60 questa linea ci riporta alle atmosfere della dolce vita romana per creare cocktail di fascino","og_url":"https:\/\/faravetrerie.it\/en\/shop-en\/cocktails-en\/cocktail-glasses-and-chalices\/coppa-roma-1960-fizz\/","og_site_name":"Fara Vetrerie e Cristallerie","article_modified_time":"2026-01-27T16:30:07+00:00","og_image":[{"width":2377,"height":2560,"url":"https:\/\/faravetrerie.it\/wp-content\/uploads\/2025\/12\/BLROMFIZ-scaled-4.jpg","type":"image\/jpeg"}],"twitter_card":"summary_large_image","twitter_misc":{"Est. reading time":"2 minutes"},"schema":{"@context":"https:\/\/schema.org","@graph":[{"@type":"WebPage","@id":"https:\/\/faravetrerie.it\/en\/shop-en\/cocktails-en\/cocktail-glasses-and-chalices\/coppa-roma-1960-fizz\/","url":"https:\/\/faravetrerie.it\/en\/shop-en\/cocktails-en\/cocktail-glasses-and-chalices\/coppa-roma-1960-fizz\/","name":"COPPA ROMA 1960 FIZZ - Fara Vetrerie e Cristallerie","isPartOf":{"@id":"https:\/\/faravetrerie.it\/en\/#website"},"primaryImageOfPage":{"@id":"https:\/\/faravetrerie.it\/en\/shop-en\/cocktails-en\/cocktail-glasses-and-chalices\/coppa-roma-1960-fizz\/#primaryimage"},"image":{"@id":"https:\/\/faravetrerie.it\/en\/shop-en\/cocktails-en\/cocktail-glasses-and-chalices\/coppa-roma-1960-fizz\/#primaryimage"},"thumbnailUrl":"https:\/\/faravetrerie.it\/wp-content\/uploads\/2025\/12\/BLROMFIZ-scaled-4.jpg","datePublished":"2025-12-23T15:43:41+00:00","dateModified":"2026-01-27T16:30:07+00:00","description":"Coppa Roma 1960 fizz Ispirato ai classici bicchieri anni '60 questa linea ci riporta alle atmosfere della dolce vita romana per creare cocktail di fascino","breadcrumb":{"@id":"https:\/\/faravetrerie.it\/en\/shop-en\/cocktails-en\/cocktail-glasses-and-chalices\/coppa-roma-1960-fizz\/#breadcrumb"},"inLanguage":"en-US","potentialAction":[{"@type":"ReadAction","target":["https:\/\/faravetrerie.it\/en\/shop-en\/cocktails-en\/cocktail-glasses-and-chalices\/coppa-roma-1960-fizz\/"]}]},{"@type":"ImageObject","inLanguage":"en-US","@id":"https:\/\/faravetrerie.it\/en\/shop-en\/cocktails-en\/cocktail-glasses-and-chalices\/coppa-roma-1960-fizz\/#primaryimage","url":"https:\/\/faravetrerie.it\/wp-content\/uploads\/2025\/12\/BLROMFIZ-scaled-4.jpg","contentUrl":"https:\/\/faravetrerie.it\/wp-content\/uploads\/2025\/12\/BLROMFIZ-scaled-4.jpg","width":2377,"height":2560,"caption":"Coppa Roma 1960 Fizz"},{"@type":"BreadcrumbList","@id":"https:\/\/faravetrerie.it\/en\/shop-en\/cocktails-en\/cocktail-glasses-and-chalices\/coppa-roma-1960-fizz\/#breadcrumb","itemListElement":[{"@type":"ListItem","position":1,"name":"Home","item":"https:\/\/faravetrerie.it\/en\/"},{"@type":"ListItem","position":2,"name":"Shop","item":"https:\/\/faravetrerie.it\/en\/shop-en\/"},{"@type":"ListItem","position":3,"name":"COPPA ROMA 1960 FIZZ"}]},{"@type":"WebSite","@id":"https:\/\/faravetrerie.it\/en\/#website","url":"https:\/\/faravetrerie.it\/en\/","name":"Fara Vetrerie e Cristallerie","description":"","publisher":{"@id":"https:\/\/faravetrerie.it\/en\/#organization"},"potentialAction":[{"@type":"SearchAction","target":{"@type":"EntryPoint","urlTemplate":"https:\/\/faravetrerie.it\/en\/?s={search_term_string}"},"query-input":{"@type":"PropertyValueSpecification","valueRequired":true,"valueName":"search_term_string"}}],"inLanguage":"en-US"},{"@type":"Organization","@id":"https:\/\/faravetrerie.it\/en\/#organization","name":"Fara Vetrerie e Cristallerie","url":"https:\/\/faravetrerie.it\/en\/","logo":{"@type":"ImageObject","inLanguage":"en-US","@id":"https:\/\/faravetrerie.it\/en\/#\/schema\/logo\/image\/","url":"https:\/\/faravetrerie.it\/wp-content\/uploads\/2025\/12\/logo-fara-bianco.png","contentUrl":"https:\/\/faravetrerie.it\/wp-content\/uploads\/2025\/12\/logo-fara-bianco.png","width":2038,"height":2942,"caption":"Fara Vetrerie e Cristallerie"},"image":{"@id":"https:\/\/faravetrerie.it\/en\/#\/schema\/logo\/image\/"}}]}},"_links":{"self":[{"href":"https:\/\/faravetrerie.it\/en\/wp-json\/wp\/v2\/product\/25844","targetHints":{"allow":["GET"]}}],"collection":[{"href":"https:\/\/faravetrerie.it\/en\/wp-json\/wp\/v2\/product"}],"about":[{"href":"https:\/\/faravetrerie.it\/en\/wp-json\/wp\/v2\/types\/product"}],"wp:featuredmedia":[{"embeddable":true,"href":"https:\/\/faravetrerie.it\/en\/wp-json\/wp\/v2\/media\/23530"}],"wp:attachment":[{"href":"https:\/\/faravetrerie.it\/en\/wp-json\/wp\/v2\/media?parent=25844"}],"wp:term":[{"taxonomy":"product_brand","embeddable":true,"href":"https:\/\/faravetrerie.it\/en\/wp-json\/wp\/v2\/product_brand?post=25844"},{"taxonomy":"product_cat","embeddable":true,"href":"https:\/\/faravetrerie.it\/en\/wp-json\/wp\/v2\/product_cat?post=25844"},{"taxonomy":"product_tag","embeddable":true,"href":"https:\/\/faravetrerie.it\/en\/wp-json\/wp\/v2\/product_tag?post=25844"}],"curies":[{"name":"wp","href":"https:\/\/api.w.org\/{rel}","templated":true}]}}