{"id":25847,"date":"2025-12-23T16:43:41","date_gmt":"2025-12-23T15:43:41","guid":{"rendered":"https:\/\/sviluppo.faravetrerie.it\/blog\/?post_type=product&#038;p=25847"},"modified":"2026-01-27T17:41:11","modified_gmt":"2026-01-27T16:41:11","slug":"bicchiere-diva-bibita","status":"publish","type":"product","link":"https:\/\/faravetrerie.it\/en\/shop-en\/cocktails-en\/cocktail-glasses-and-chalices\/bicchiere-diva-bibita\/","title":{"rendered":"BICCHIERE DIVA BIBITA"},"content":{"rendered":"<div class=\"flex flex-1 grow basis-auto flex-col overflow-hidden\">\n<div class=\"relative h-full\">\n<div class=\"flex h-full flex-col overflow-y-auto [scrollbar-gutter:stable]\">\n<div class=\"mt-1.5 flex flex-col text-sm @thread-xl\/thread:pt-header-height md:pb-9\">\n<article class=\"group\/turn w-full text-token-text-primary focus-visible:outline-2 focus-visible:outline-offset-[-4px]\" dir=\"auto\" data-testid=\"conversation-turn-20\" data-scroll-anchor=\"true\">\n<div class=\"text-base my-auto mx-auto py-[18px] px-6\">\n<div class=\"mx-auto flex flex-1 text-base gap-4 md:gap-5 lg:gap-6 md:max-w-3xl\">\n<div class=\"group\/conversation-turn relative flex w-full min-w-0 flex-col agent-turn @xs\/thread:px-0 @sm\/thread:px-1.5 @md\/thread:px-4\">\n<div class=\"flex-col gap-1 md:gap-3\">\n<div class=\"flex max-w-full flex-col flex-grow\">\n<div class=\"min-h-8 text-message relative flex w-full flex-col items-end gap-2 whitespace-normal break-words text-start [.text-message+&amp;]:mt-5\" dir=\"auto\" data-message-author-role=\"assistant\" data-message-id=\"32810ca1-f79d-4d5f-bcf8-7e239e15a405\" data-message-model-slug=\"gpt-4o-mini\">\n<div class=\"flex w-full flex-col gap-1 empty:hidden first:pt-[3px]\">\n<div class=\"markdown prose w-full break-words dark:prose-invert light\">\n<h4 data-start=\"0\" data-end=\"86\"><strong data-start=\"0\" data-end=\"86\">Bicchiere Diva Bibita Impilabile: Eleganza e Praticit\u00e0 per la Ristorazione<\/strong><\/h4>\n<p class=\"\" data-start=\"142\" data-end=\"550\">Il Bicchiere Diva Bibita Impilabile \u00e8 la scelta ideale per chi cerca un equilibrio perfetto tra eleganza e funzionalit\u00e0 nella ristorazione. Caratterizzato da linee verticali che impreziosiscono tutta la superficie, questo bicchiere unisce un design sofisticato alla praticit\u00e0, rendendolo perfetto per l&#8217;uso quotidiano nei ristoranti, nei bar e in ogni ambiente dove l&#8217;efficienza e l&#8217;estetica sono essenziali.<\/p>\n<h5 data-start=\"552\" data-end=\"602\"><strong data-start=\"552\" data-end=\"602\">Design Elegante con Linee Verticali Distintive<\/strong><\/h5>\n<p class=\"\" data-start=\"604\" data-end=\"1064\">Il Bicchiere Diva si distingue per il suo design elegante, con linee verticali che percorrono tutta la superficie, creando un effetto visivo dinamico e raffinato. Questo dettaglio non solo arricchisce l\u2019aspetto del bicchiere, ma ne migliora anche la presa, offrendo una comodit\u00e0 extra a chi lo utilizza. Le linee verticali rendono il bicchiere particolarmente attraente, elevando l\u2019esperienza del servizio e facendo risaltare le bevande che vi vengono servite.<\/p>\n<h5 data-start=\"1066\" data-end=\"1121\"><strong data-start=\"1066\" data-end=\"1121\">Funzionalit\u00e0 Impilabile per una Maggiore Efficienza<\/strong><\/h5>\n<p class=\"\" data-start=\"1123\" data-end=\"1646\">Una delle caratteristiche principali del Bicchiere Diva Bibita \u00e8 la sua capacit\u00e0 di essere impilato. Questa funzionalit\u00e0 lo rende estremamente pratico per l\u2019organizzazione e lo stoccaggio in ambienti ristorativi ad alto volume. Gli spazi in cucina o al bar sono ottimizzati, permettendo di risparmiare spazio senza sacrificare la qualit\u00e0 o l\u2019estetica del servizio. La possibilit\u00e0 di impilare i bicchieri \u00e8 un grande vantaggio per i professionisti della ristorazione, che apprezzano la praticit\u00e0 nelle operazioni quotidiane.<\/p>\n<h5 data-start=\"1648\" data-end=\"1692\"><strong data-start=\"1648\" data-end=\"1692\">Eleganza e Praticit\u00e0 per la Ristorazione<\/strong><\/h5>\n<p class=\"\" data-start=\"1694\" data-end=\"2124\">Il Bicchiere Diva Bibita \u00e8 progettato non solo per essere esteticamente piacevole, ma anche altamente funzionale. La sua struttura robusta e il design elegante lo rendono ideale per servire bibite, succhi di frutta, acqua e altre bevande, offrendo un servizio impeccabile in ogni occasione. La sua versatilit\u00e0 lo rende perfetto per un\u2019ampia gamma di ristoranti, bar, e locali, dove sia la praticit\u00e0 che l\u2019eleganza sono essenziali.<\/p>\n<h5 data-start=\"2126\" data-end=\"2190\"><strong data-start=\"2126\" data-end=\"2190\">Conclusione: Un Bicchiere Elegante e Pratico per Ogni Locale<\/strong><\/h5>\n<p class=\"\" data-start=\"2192\" data-end=\"2644\">Il Bicchiere Diva Bibita Impilabile rappresenta un mix perfetto di estetica e funzionalit\u00e0. Le sue linee verticali eleganti e la possibilit\u00e0 di impilarlo lo rendono una scelta ideale per i professionisti della ristorazione che cercano praticit\u00e0 senza rinunciare a un design raffinato. Perfetto per ogni tipo di locale, questo bicchiere si adatta facilmente a qualsiasi ambiente, garantendo un servizio impeccabile e un tocco di classe in ogni brindis<\/p>\n<\/div>\n<\/div>\n<\/div>\n<\/div>\n<\/div>\n<\/div>\n<\/div>\n<\/div>\n<\/article>\n<\/div>\n<\/div>\n<\/div>\n<\/div>\n","protected":false},"excerpt":{"rendered":"<p>Il bicchiere bibita impilabile impreziosito dalle linee verticali su tutta la superficie. Per un servizio elegante e pratico nella ristorazione<\/p>\n<p>cl. 41<\/p>\n<p>fl.oz. 14,43<\/p>\n<p>h. 140 mm.<\/p>\n<p>\u00d8 84 mm.<\/p>\n","protected":false},"featured_media":23533,"template":"","meta":{"inline_featured_image":false},"product_brand":[],"product_cat":[27,38],"product_tag":[942],"class_list":{"0":"post-25847","1":"product","2":"type-product","3":"status-publish","4":"has-post-thumbnail","6":"product_cat-cocktail","7":"product_cat-bicchieri-e-calici-cocktail","8":"product_tag-bicchiere","10":"first","11":"instock","12":"taxable","13":"shipping-taxable","14":"product-type-simple"},"yoast_head":"<!-- This site is optimized with the Yoast SEO plugin v26.6 - https:\/\/yoast.com\/wordpress\/plugins\/seo\/ -->\n<title>BICCHIERE DIVA BIBITA - Fara Vetrerie e Cristallerie<\/title>\n<meta name=\"description\" content=\"Il bicchiere diva bibita impilabile impreziosito dalle linee verticali su tutta la superficie. Per un servizio elegante e pratico nella ristorazione\" \/>\n<meta name=\"robots\" content=\"index, follow, max-snippet:-1, max-image-preview:large, max-video-preview:-1\" \/>\n<link rel=\"canonical\" href=\"https:\/\/faravetrerie.it\/en\/shop-en\/cocktails-en\/cocktail-glasses-and-chalices\/bicchiere-diva-bibita\/\" \/>\n<meta property=\"og:locale\" content=\"en_US\" \/>\n<meta property=\"og:type\" content=\"article\" \/>\n<meta property=\"og:title\" content=\"BICCHIERE DIVA BIBITA - Fara Vetrerie e Cristallerie\" \/>\n<meta property=\"og:description\" content=\"Il bicchiere diva bibita impilabile impreziosito dalle linee verticali su tutta la superficie. Per un servizio elegante e pratico nella ristorazione\" \/>\n<meta property=\"og:url\" content=\"https:\/\/faravetrerie.it\/en\/shop-en\/cocktails-en\/cocktail-glasses-and-chalices\/bicchiere-diva-bibita\/\" \/>\n<meta property=\"og:site_name\" content=\"Fara Vetrerie e Cristallerie\" \/>\n<meta property=\"article:modified_time\" content=\"2026-01-27T16:41:11+00:00\" \/>\n<meta property=\"og:image\" content=\"https:\/\/faravetrerie.it\/wp-content\/uploads\/2025\/12\/VIDIVA41-scaled-4.jpg\" \/>\n\t<meta property=\"og:image:width\" content=\"2558\" \/>\n\t<meta property=\"og:image:height\" content=\"2560\" \/>\n\t<meta property=\"og:image:type\" content=\"image\/jpeg\" \/>\n<meta name=\"twitter:card\" content=\"summary_large_image\" \/>\n<meta name=\"twitter:label1\" content=\"Est. reading time\" \/>\n\t<meta name=\"twitter:data1\" content=\"3 minutes\" \/>\n<script type=\"application\/ld+json\" class=\"yoast-schema-graph\">{\"@context\":\"https:\/\/schema.org\",\"@graph\":[{\"@type\":\"WebPage\",\"@id\":\"https:\/\/faravetrerie.it\/en\/shop-en\/cocktails-en\/cocktail-glasses-and-chalices\/bicchiere-diva-bibita\/\",\"url\":\"https:\/\/faravetrerie.it\/en\/shop-en\/cocktails-en\/cocktail-glasses-and-chalices\/bicchiere-diva-bibita\/\",\"name\":\"BICCHIERE DIVA BIBITA - Fara Vetrerie e Cristallerie\",\"isPartOf\":{\"@id\":\"https:\/\/faravetrerie.it\/en\/#website\"},\"primaryImageOfPage\":{\"@id\":\"https:\/\/faravetrerie.it\/en\/shop-en\/cocktails-en\/cocktail-glasses-and-chalices\/bicchiere-diva-bibita\/#primaryimage\"},\"image\":{\"@id\":\"https:\/\/faravetrerie.it\/en\/shop-en\/cocktails-en\/cocktail-glasses-and-chalices\/bicchiere-diva-bibita\/#primaryimage\"},\"thumbnailUrl\":\"https:\/\/faravetrerie.it\/wp-content\/uploads\/2025\/12\/VIDIVA41-scaled-4.jpg\",\"datePublished\":\"2025-12-23T15:43:41+00:00\",\"dateModified\":\"2026-01-27T16:41:11+00:00\",\"description\":\"Il bicchiere diva bibita impilabile impreziosito dalle linee verticali su tutta la superficie. Per un servizio elegante e pratico nella ristorazione\",\"breadcrumb\":{\"@id\":\"https:\/\/faravetrerie.it\/en\/shop-en\/cocktails-en\/cocktail-glasses-and-chalices\/bicchiere-diva-bibita\/#breadcrumb\"},\"inLanguage\":\"en-US\",\"potentialAction\":[{\"@type\":\"ReadAction\",\"target\":[\"https:\/\/faravetrerie.it\/en\/shop-en\/cocktails-en\/cocktail-glasses-and-chalices\/bicchiere-diva-bibita\/\"]}]},{\"@type\":\"ImageObject\",\"inLanguage\":\"en-US\",\"@id\":\"https:\/\/faravetrerie.it\/en\/shop-en\/cocktails-en\/cocktail-glasses-and-chalices\/bicchiere-diva-bibita\/#primaryimage\",\"url\":\"https:\/\/faravetrerie.it\/wp-content\/uploads\/2025\/12\/VIDIVA41-scaled-4.jpg\",\"contentUrl\":\"https:\/\/faravetrerie.it\/wp-content\/uploads\/2025\/12\/VIDIVA41-scaled-4.jpg\",\"width\":2558,\"height\":2560,\"caption\":\"Bicchiere Diva Bibita Impilabile\"},{\"@type\":\"BreadcrumbList\",\"@id\":\"https:\/\/faravetrerie.it\/en\/shop-en\/cocktails-en\/cocktail-glasses-and-chalices\/bicchiere-diva-bibita\/#breadcrumb\",\"itemListElement\":[{\"@type\":\"ListItem\",\"position\":1,\"name\":\"Home\",\"item\":\"https:\/\/faravetrerie.it\/en\/\"},{\"@type\":\"ListItem\",\"position\":2,\"name\":\"Shop\",\"item\":\"https:\/\/faravetrerie.it\/en\/shop-en\/\"},{\"@type\":\"ListItem\",\"position\":3,\"name\":\"BICCHIERE DIVA BIBITA\"}]},{\"@type\":\"WebSite\",\"@id\":\"https:\/\/faravetrerie.it\/en\/#website\",\"url\":\"https:\/\/faravetrerie.it\/en\/\",\"name\":\"Fara Vetrerie e Cristallerie\",\"description\":\"\",\"publisher\":{\"@id\":\"https:\/\/faravetrerie.it\/en\/#organization\"},\"potentialAction\":[{\"@type\":\"SearchAction\",\"target\":{\"@type\":\"EntryPoint\",\"urlTemplate\":\"https:\/\/faravetrerie.it\/en\/?s={search_term_string}\"},\"query-input\":{\"@type\":\"PropertyValueSpecification\",\"valueRequired\":true,\"valueName\":\"search_term_string\"}}],\"inLanguage\":\"en-US\"},{\"@type\":\"Organization\",\"@id\":\"https:\/\/faravetrerie.it\/en\/#organization\",\"name\":\"Fara Vetrerie e Cristallerie\",\"url\":\"https:\/\/faravetrerie.it\/en\/\",\"logo\":{\"@type\":\"ImageObject\",\"inLanguage\":\"en-US\",\"@id\":\"https:\/\/faravetrerie.it\/en\/#\/schema\/logo\/image\/\",\"url\":\"https:\/\/faravetrerie.it\/wp-content\/uploads\/2025\/12\/logo-fara-bianco.png\",\"contentUrl\":\"https:\/\/faravetrerie.it\/wp-content\/uploads\/2025\/12\/logo-fara-bianco.png\",\"width\":2038,\"height\":2942,\"caption\":\"Fara Vetrerie e Cristallerie\"},\"image\":{\"@id\":\"https:\/\/faravetrerie.it\/en\/#\/schema\/logo\/image\/\"}}]}<\/script>\n<!-- \/ Yoast SEO plugin. -->","yoast_head_json":{"title":"BICCHIERE DIVA BIBITA - Fara Vetrerie e Cristallerie","description":"Il bicchiere diva bibita impilabile impreziosito dalle linee verticali su tutta la superficie. Per un servizio elegante e pratico nella ristorazione","robots":{"index":"index","follow":"follow","max-snippet":"max-snippet:-1","max-image-preview":"max-image-preview:large","max-video-preview":"max-video-preview:-1"},"canonical":"https:\/\/faravetrerie.it\/en\/shop-en\/cocktails-en\/cocktail-glasses-and-chalices\/bicchiere-diva-bibita\/","og_locale":"en_US","og_type":"article","og_title":"BICCHIERE DIVA BIBITA - Fara Vetrerie e Cristallerie","og_description":"Il bicchiere diva bibita impilabile impreziosito dalle linee verticali su tutta la superficie. Per un servizio elegante e pratico nella ristorazione","og_url":"https:\/\/faravetrerie.it\/en\/shop-en\/cocktails-en\/cocktail-glasses-and-chalices\/bicchiere-diva-bibita\/","og_site_name":"Fara Vetrerie e Cristallerie","article_modified_time":"2026-01-27T16:41:11+00:00","og_image":[{"width":2558,"height":2560,"url":"https:\/\/faravetrerie.it\/wp-content\/uploads\/2025\/12\/VIDIVA41-scaled-4.jpg","type":"image\/jpeg"}],"twitter_card":"summary_large_image","twitter_misc":{"Est. reading time":"3 minutes"},"schema":{"@context":"https:\/\/schema.org","@graph":[{"@type":"WebPage","@id":"https:\/\/faravetrerie.it\/en\/shop-en\/cocktails-en\/cocktail-glasses-and-chalices\/bicchiere-diva-bibita\/","url":"https:\/\/faravetrerie.it\/en\/shop-en\/cocktails-en\/cocktail-glasses-and-chalices\/bicchiere-diva-bibita\/","name":"BICCHIERE DIVA BIBITA - Fara Vetrerie e Cristallerie","isPartOf":{"@id":"https:\/\/faravetrerie.it\/en\/#website"},"primaryImageOfPage":{"@id":"https:\/\/faravetrerie.it\/en\/shop-en\/cocktails-en\/cocktail-glasses-and-chalices\/bicchiere-diva-bibita\/#primaryimage"},"image":{"@id":"https:\/\/faravetrerie.it\/en\/shop-en\/cocktails-en\/cocktail-glasses-and-chalices\/bicchiere-diva-bibita\/#primaryimage"},"thumbnailUrl":"https:\/\/faravetrerie.it\/wp-content\/uploads\/2025\/12\/VIDIVA41-scaled-4.jpg","datePublished":"2025-12-23T15:43:41+00:00","dateModified":"2026-01-27T16:41:11+00:00","description":"Il bicchiere diva bibita impilabile impreziosito dalle linee verticali su tutta la superficie. Per un servizio elegante e pratico nella ristorazione","breadcrumb":{"@id":"https:\/\/faravetrerie.it\/en\/shop-en\/cocktails-en\/cocktail-glasses-and-chalices\/bicchiere-diva-bibita\/#breadcrumb"},"inLanguage":"en-US","potentialAction":[{"@type":"ReadAction","target":["https:\/\/faravetrerie.it\/en\/shop-en\/cocktails-en\/cocktail-glasses-and-chalices\/bicchiere-diva-bibita\/"]}]},{"@type":"ImageObject","inLanguage":"en-US","@id":"https:\/\/faravetrerie.it\/en\/shop-en\/cocktails-en\/cocktail-glasses-and-chalices\/bicchiere-diva-bibita\/#primaryimage","url":"https:\/\/faravetrerie.it\/wp-content\/uploads\/2025\/12\/VIDIVA41-scaled-4.jpg","contentUrl":"https:\/\/faravetrerie.it\/wp-content\/uploads\/2025\/12\/VIDIVA41-scaled-4.jpg","width":2558,"height":2560,"caption":"Bicchiere Diva Bibita Impilabile"},{"@type":"BreadcrumbList","@id":"https:\/\/faravetrerie.it\/en\/shop-en\/cocktails-en\/cocktail-glasses-and-chalices\/bicchiere-diva-bibita\/#breadcrumb","itemListElement":[{"@type":"ListItem","position":1,"name":"Home","item":"https:\/\/faravetrerie.it\/en\/"},{"@type":"ListItem","position":2,"name":"Shop","item":"https:\/\/faravetrerie.it\/en\/shop-en\/"},{"@type":"ListItem","position":3,"name":"BICCHIERE DIVA BIBITA"}]},{"@type":"WebSite","@id":"https:\/\/faravetrerie.it\/en\/#website","url":"https:\/\/faravetrerie.it\/en\/","name":"Fara Vetrerie e Cristallerie","description":"","publisher":{"@id":"https:\/\/faravetrerie.it\/en\/#organization"},"potentialAction":[{"@type":"SearchAction","target":{"@type":"EntryPoint","urlTemplate":"https:\/\/faravetrerie.it\/en\/?s={search_term_string}"},"query-input":{"@type":"PropertyValueSpecification","valueRequired":true,"valueName":"search_term_string"}}],"inLanguage":"en-US"},{"@type":"Organization","@id":"https:\/\/faravetrerie.it\/en\/#organization","name":"Fara Vetrerie e Cristallerie","url":"https:\/\/faravetrerie.it\/en\/","logo":{"@type":"ImageObject","inLanguage":"en-US","@id":"https:\/\/faravetrerie.it\/en\/#\/schema\/logo\/image\/","url":"https:\/\/faravetrerie.it\/wp-content\/uploads\/2025\/12\/logo-fara-bianco.png","contentUrl":"https:\/\/faravetrerie.it\/wp-content\/uploads\/2025\/12\/logo-fara-bianco.png","width":2038,"height":2942,"caption":"Fara Vetrerie e Cristallerie"},"image":{"@id":"https:\/\/faravetrerie.it\/en\/#\/schema\/logo\/image\/"}}]}},"_links":{"self":[{"href":"https:\/\/faravetrerie.it\/en\/wp-json\/wp\/v2\/product\/25847","targetHints":{"allow":["GET"]}}],"collection":[{"href":"https:\/\/faravetrerie.it\/en\/wp-json\/wp\/v2\/product"}],"about":[{"href":"https:\/\/faravetrerie.it\/en\/wp-json\/wp\/v2\/types\/product"}],"wp:featuredmedia":[{"embeddable":true,"href":"https:\/\/faravetrerie.it\/en\/wp-json\/wp\/v2\/media\/23533"}],"wp:attachment":[{"href":"https:\/\/faravetrerie.it\/en\/wp-json\/wp\/v2\/media?parent=25847"}],"wp:term":[{"taxonomy":"product_brand","embeddable":true,"href":"https:\/\/faravetrerie.it\/en\/wp-json\/wp\/v2\/product_brand?post=25847"},{"taxonomy":"product_cat","embeddable":true,"href":"https:\/\/faravetrerie.it\/en\/wp-json\/wp\/v2\/product_cat?post=25847"},{"taxonomy":"product_tag","embeddable":true,"href":"https:\/\/faravetrerie.it\/en\/wp-json\/wp\/v2\/product_tag?post=25847"}],"curies":[{"name":"wp","href":"https:\/\/api.w.org\/{rel}","templated":true}]}}