{"id":25860,"date":"2025-12-23T16:43:43","date_gmt":"2025-12-23T15:43:43","guid":{"rendered":"https:\/\/sviluppo.faravetrerie.it\/blog\/?post_type=product&#038;p=25860"},"modified":"2026-01-27T17:16:59","modified_gmt":"2026-01-27T16:16:59","slug":"calice-vinoteque-spirits","status":"publish","type":"product","link":"https:\/\/faravetrerie.it\/en\/shop-en\/cocktails-en\/cocktail-glasses-and-chalices\/calice-vinoteque-spirits\/","title":{"rendered":"CALICE VINOTEQUE SPIRITS"},"content":{"rendered":"<article class=\"group\/turn w-full text-token-text-primary focus-visible:outline-2 focus-visible:outline-offset-[-4px]\" dir=\"auto\" data-testid=\"conversation-turn-38\" data-scroll-anchor=\"true\">\n<div class=\"text-base my-auto mx-auto py-[18px] px-6\">\n<div class=\"mx-auto flex flex-1 text-base gap-4 md:gap-5 lg:gap-6 md:max-w-3xl\">\n<div class=\"group\/conversation-turn relative flex w-full min-w-0 flex-col agent-turn @xs\/thread:px-0 @sm\/thread:px-1.5 @md\/thread:px-4\">\n<div class=\"flex-col gap-1 md:gap-3\">\n<div class=\"flex max-w-full flex-col flex-grow\">\n<div class=\"min-h-8 text-message relative flex w-full flex-col items-end gap-2 whitespace-normal break-words text-start [.text-message+&amp;]:mt-5\" dir=\"auto\" data-message-author-role=\"assistant\" data-message-id=\"6d5e3f8e-a36a-4994-989f-d30fc9b51feb\" data-message-model-slug=\"gpt-4o-mini\">\n<div class=\"flex w-full flex-col gap-1 empty:hidden first:pt-[3px]\">\n<div class=\"markdown prose w-full break-words dark:prose-invert light\">\n<h4 data-start=\"0\" data-end=\"98\"><strong data-start=\"0\" data-end=\"98\">Calice Vinoteque Spirits: Eleganza e Funzionalit\u00e0 per Vini da Meditazione e Distillati<\/strong><\/h4>\n<p class=\"\" data-start=\"146\" data-end=\"646\">Il Calice Vinoteque Spirits \u00e8 la scelta ideale per chi desidera un bicchiere elegante e funzionale per servire vini da meditazione o distillati pregiati. Con la sua forma raffinata e il vetro sonoro superiore, questo calice \u00e8 studiato appositamente per esaltare ogni sorso, valorizzando gli aromi e le sfumature delle bevande pi\u00f9 complesse. Perfetto per l&#8217;uso nella ristorazione, il Calice Vinoteque Spirits unisce estetica e praticit\u00e0, offrendo una soluzione ideale per i professionisti del settore.<\/p>\n<h5 data-start=\"648\" data-end=\"698\"><strong data-start=\"648\" data-end=\"698\">Design Elegante per una Degustazione Superiore<\/strong><\/h5>\n<p class=\"\" data-start=\"700\" data-end=\"1201\">Il Calice Vinoteque Spirits \u00e8 caratterizzato da una forma elegante che ne accentua la raffinatezza, rendendolo perfetto per occasioni speciali e degustazioni di alto livello. La sua coppa generosa consente una perfetta ossigenazione delle bevande, valorizzando al meglio le caratteristiche di vini da meditazione e distillati. La forma, studiata per concentrare gli aromi verso l\u2019alto, \u00e8 pensata per offrire un\u2019esperienza sensoriale unica, che permette di apprezzare ogni sfumatura di gusto e profumo.<\/p>\n<h5 data-start=\"1203\" data-end=\"1251\"><strong data-start=\"1203\" data-end=\"1251\">Vetro Sonoro Superiore: Qualit\u00e0 e Durabilit\u00e0<\/strong><\/h5>\n<p class=\"\" data-start=\"1253\" data-end=\"1702\">Realizzato in vetro sonoro superiore, il Calice non solo garantisce una brillantezza cristallina, ma \u00e8 anche estremamente resistente. Questo tipo di vetro, oltre a essere elegante, \u00e8 perfetto per un uso frequente nella ristorazione, dove qualit\u00e0 e resistenza sono fondamentali. Il vetro sonoro assicura anche una lunga durata, mantenendo intatte la lucentezza e la qualit\u00e0 visiva del calice nel tempo, anche dopo numerosi utilizzi.<\/p>\n<h5 data-start=\"1704\" data-end=\"1751\"><strong data-start=\"1704\" data-end=\"1751\">Ideale per Vini da Meditazione e Distillati<\/strong><\/h5>\n<p class=\"\" data-start=\"1753\" data-end=\"2333\">Con la sua forma studiata per esaltare la complessit\u00e0 dei vini da meditazione, come Porto o Sherry, e dei distillati, come il whisky o il cognac, il Calice Vinoteque Spirits \u00e8 pensato per offrire un\u2019esperienza di degustazione senza pari. La sua capacit\u00e0 di concentrare gli aromi in alto permette a chi beve di apprezzare ogni nota pi\u00f9 intima e profonda della bevanda, creando un\u2019esperienza sensoriale che coinvolge tutti i sensi. Questo bicchiere \u00e8 perfetto per coloro che amano prendersi il tempo per assaporare ogni sorso e scoprire nuove sfumature nelle loro bevande preferite.<\/p>\n<h5 data-start=\"2335\" data-end=\"2419\"><strong data-start=\"2335\" data-end=\"2419\">Conclusione: Un Calice Perfetto per la Ristorazione e per Degustazioni Esclusive<\/strong><\/h5>\n<p class=\"\" data-start=\"2421\" data-end=\"2920\">Il Calice Vinoteque Spirits \u00e8 un bicchiere che unisce eleganza, funzionalit\u00e0 e qualit\u00e0. Grazie al suo design raffinato, al vetro sonoro superiore e alla forma studiata per vini da meditazione e distillati, questo calice \u00e8 il prodotto ideale per ristoranti, bar e locali che desiderano offrire un\u2019esperienza di degustazione esclusiva ai propri clienti. Perfetto per ogni appassionato di bevande pregiate, il Calice Vinoteque Spirits \u00e8 l&#8217;accessorio ideale per valorizzare ogni momento di degustazione.<\/p>\n<\/div>\n<\/div>\n<\/div>\n<\/div>\n<\/div>\n<\/div>\n<\/div>\n<\/div>\n<\/article>\n","protected":false},"excerpt":{"rendered":"<p>Il calice per vini da meditazione o distillati dalla forma elegante. In vetro sonoro superiore studiato appositamente per l&#8217;uso nella ristorazione.<\/p>\n<p>cl. 17<\/p>\n<p>fl.oz. 5,98<\/p>\n<p>h. 165 mm.<\/p>\n<p>\u00d8 70 mm.<\/p>\n","protected":false},"featured_media":23541,"template":"","meta":{"inline_featured_image":false},"product_brand":[],"product_cat":[27,38],"product_tag":[936],"class_list":{"0":"post-25860","1":"product","2":"type-product","3":"status-publish","4":"has-post-thumbnail","6":"product_cat-cocktail","7":"product_cat-bicchieri-e-calici-cocktail","8":"product_tag-calice","10":"first","11":"instock","12":"taxable","13":"shipping-taxable","14":"product-type-simple"},"yoast_head":"<!-- This site is optimized with the Yoast SEO plugin v26.6 - https:\/\/yoast.com\/wordpress\/plugins\/seo\/ -->\n<title>CALICE VINOTEQUE SPIRITS - Fara Vetrerie e Cristallerie<\/title>\n<meta name=\"description\" content=\"Il calice vinoteque spirits per vini da meditazione o distillati dalla forma elegante. In vetro sonoro superiore ideale per l&#039;uso nella ristorazione.\" \/>\n<meta name=\"robots\" content=\"index, follow, max-snippet:-1, max-image-preview:large, max-video-preview:-1\" \/>\n<link rel=\"canonical\" href=\"https:\/\/faravetrerie.it\/en\/shop-en\/cocktails-en\/cocktail-glasses-and-chalices\/calice-vinoteque-spirits\/\" \/>\n<meta property=\"og:locale\" content=\"en_US\" \/>\n<meta property=\"og:type\" content=\"article\" \/>\n<meta property=\"og:title\" content=\"CALICE VINOTEQUE SPIRITS - Fara Vetrerie e Cristallerie\" \/>\n<meta property=\"og:description\" content=\"Il calice vinoteque spirits per vini da meditazione o distillati dalla forma elegante. In vetro sonoro superiore ideale per l&#039;uso nella ristorazione.\" \/>\n<meta property=\"og:url\" content=\"https:\/\/faravetrerie.it\/en\/shop-en\/cocktails-en\/cocktail-glasses-and-chalices\/calice-vinoteque-spirits\/\" \/>\n<meta property=\"og:site_name\" content=\"Fara Vetrerie e Cristallerie\" \/>\n<meta property=\"article:modified_time\" content=\"2026-01-27T16:16:59+00:00\" \/>\n<meta property=\"og:image\" content=\"https:\/\/faravetrerie.it\/wp-content\/uploads\/2025\/12\/BLVIN352_01-3.jpg\" \/>\n\t<meta property=\"og:image:width\" content=\"1256\" \/>\n\t<meta property=\"og:image:height\" content=\"1472\" \/>\n\t<meta property=\"og:image:type\" content=\"image\/jpeg\" \/>\n<meta name=\"twitter:card\" content=\"summary_large_image\" \/>\n<meta name=\"twitter:label1\" content=\"Est. reading time\" \/>\n\t<meta name=\"twitter:data1\" content=\"3 minutes\" \/>\n<script type=\"application\/ld+json\" class=\"yoast-schema-graph\">{\"@context\":\"https:\/\/schema.org\",\"@graph\":[{\"@type\":\"WebPage\",\"@id\":\"https:\/\/faravetrerie.it\/en\/shop-en\/cocktails-en\/cocktail-glasses-and-chalices\/calice-vinoteque-spirits\/\",\"url\":\"https:\/\/faravetrerie.it\/en\/shop-en\/cocktails-en\/cocktail-glasses-and-chalices\/calice-vinoteque-spirits\/\",\"name\":\"CALICE VINOTEQUE SPIRITS - Fara Vetrerie e Cristallerie\",\"isPartOf\":{\"@id\":\"https:\/\/faravetrerie.it\/en\/#website\"},\"primaryImageOfPage\":{\"@id\":\"https:\/\/faravetrerie.it\/en\/shop-en\/cocktails-en\/cocktail-glasses-and-chalices\/calice-vinoteque-spirits\/#primaryimage\"},\"image\":{\"@id\":\"https:\/\/faravetrerie.it\/en\/shop-en\/cocktails-en\/cocktail-glasses-and-chalices\/calice-vinoteque-spirits\/#primaryimage\"},\"thumbnailUrl\":\"https:\/\/faravetrerie.it\/wp-content\/uploads\/2025\/12\/BLVIN352_01-3.jpg\",\"datePublished\":\"2025-12-23T15:43:43+00:00\",\"dateModified\":\"2026-01-27T16:16:59+00:00\",\"description\":\"Il calice vinoteque spirits per vini da meditazione o distillati dalla forma elegante. In vetro sonoro superiore ideale per l'uso nella ristorazione.\",\"breadcrumb\":{\"@id\":\"https:\/\/faravetrerie.it\/en\/shop-en\/cocktails-en\/cocktail-glasses-and-chalices\/calice-vinoteque-spirits\/#breadcrumb\"},\"inLanguage\":\"en-US\",\"potentialAction\":[{\"@type\":\"ReadAction\",\"target\":[\"https:\/\/faravetrerie.it\/en\/shop-en\/cocktails-en\/cocktail-glasses-and-chalices\/calice-vinoteque-spirits\/\"]}]},{\"@type\":\"ImageObject\",\"inLanguage\":\"en-US\",\"@id\":\"https:\/\/faravetrerie.it\/en\/shop-en\/cocktails-en\/cocktail-glasses-and-chalices\/calice-vinoteque-spirits\/#primaryimage\",\"url\":\"https:\/\/faravetrerie.it\/wp-content\/uploads\/2025\/12\/BLVIN352_01-3.jpg\",\"contentUrl\":\"https:\/\/faravetrerie.it\/wp-content\/uploads\/2025\/12\/BLVIN352_01-3.jpg\",\"width\":1256,\"height\":1472,\"caption\":\"Calice Vinoteque Spirits\"},{\"@type\":\"BreadcrumbList\",\"@id\":\"https:\/\/faravetrerie.it\/en\/shop-en\/cocktails-en\/cocktail-glasses-and-chalices\/calice-vinoteque-spirits\/#breadcrumb\",\"itemListElement\":[{\"@type\":\"ListItem\",\"position\":1,\"name\":\"Home\",\"item\":\"https:\/\/faravetrerie.it\/en\/\"},{\"@type\":\"ListItem\",\"position\":2,\"name\":\"Shop\",\"item\":\"https:\/\/faravetrerie.it\/en\/shop-en\/\"},{\"@type\":\"ListItem\",\"position\":3,\"name\":\"CALICE VINOTEQUE SPIRITS\"}]},{\"@type\":\"WebSite\",\"@id\":\"https:\/\/faravetrerie.it\/en\/#website\",\"url\":\"https:\/\/faravetrerie.it\/en\/\",\"name\":\"Fara Vetrerie e Cristallerie\",\"description\":\"\",\"publisher\":{\"@id\":\"https:\/\/faravetrerie.it\/en\/#organization\"},\"potentialAction\":[{\"@type\":\"SearchAction\",\"target\":{\"@type\":\"EntryPoint\",\"urlTemplate\":\"https:\/\/faravetrerie.it\/en\/?s={search_term_string}\"},\"query-input\":{\"@type\":\"PropertyValueSpecification\",\"valueRequired\":true,\"valueName\":\"search_term_string\"}}],\"inLanguage\":\"en-US\"},{\"@type\":\"Organization\",\"@id\":\"https:\/\/faravetrerie.it\/en\/#organization\",\"name\":\"Fara Vetrerie e Cristallerie\",\"url\":\"https:\/\/faravetrerie.it\/en\/\",\"logo\":{\"@type\":\"ImageObject\",\"inLanguage\":\"en-US\",\"@id\":\"https:\/\/faravetrerie.it\/en\/#\/schema\/logo\/image\/\",\"url\":\"https:\/\/faravetrerie.it\/wp-content\/uploads\/2025\/12\/logo-fara-bianco.png\",\"contentUrl\":\"https:\/\/faravetrerie.it\/wp-content\/uploads\/2025\/12\/logo-fara-bianco.png\",\"width\":2038,\"height\":2942,\"caption\":\"Fara Vetrerie e Cristallerie\"},\"image\":{\"@id\":\"https:\/\/faravetrerie.it\/en\/#\/schema\/logo\/image\/\"}}]}<\/script>\n<!-- \/ Yoast SEO plugin. -->","yoast_head_json":{"title":"CALICE VINOTEQUE SPIRITS - Fara Vetrerie e Cristallerie","description":"Il calice vinoteque spirits per vini da meditazione o distillati dalla forma elegante. In vetro sonoro superiore ideale per l'uso nella ristorazione.","robots":{"index":"index","follow":"follow","max-snippet":"max-snippet:-1","max-image-preview":"max-image-preview:large","max-video-preview":"max-video-preview:-1"},"canonical":"https:\/\/faravetrerie.it\/en\/shop-en\/cocktails-en\/cocktail-glasses-and-chalices\/calice-vinoteque-spirits\/","og_locale":"en_US","og_type":"article","og_title":"CALICE VINOTEQUE SPIRITS - Fara Vetrerie e Cristallerie","og_description":"Il calice vinoteque spirits per vini da meditazione o distillati dalla forma elegante. In vetro sonoro superiore ideale per l'uso nella ristorazione.","og_url":"https:\/\/faravetrerie.it\/en\/shop-en\/cocktails-en\/cocktail-glasses-and-chalices\/calice-vinoteque-spirits\/","og_site_name":"Fara Vetrerie e Cristallerie","article_modified_time":"2026-01-27T16:16:59+00:00","og_image":[{"width":1256,"height":1472,"url":"https:\/\/faravetrerie.it\/wp-content\/uploads\/2025\/12\/BLVIN352_01-3.jpg","type":"image\/jpeg"}],"twitter_card":"summary_large_image","twitter_misc":{"Est. reading time":"3 minutes"},"schema":{"@context":"https:\/\/schema.org","@graph":[{"@type":"WebPage","@id":"https:\/\/faravetrerie.it\/en\/shop-en\/cocktails-en\/cocktail-glasses-and-chalices\/calice-vinoteque-spirits\/","url":"https:\/\/faravetrerie.it\/en\/shop-en\/cocktails-en\/cocktail-glasses-and-chalices\/calice-vinoteque-spirits\/","name":"CALICE VINOTEQUE SPIRITS - Fara Vetrerie e Cristallerie","isPartOf":{"@id":"https:\/\/faravetrerie.it\/en\/#website"},"primaryImageOfPage":{"@id":"https:\/\/faravetrerie.it\/en\/shop-en\/cocktails-en\/cocktail-glasses-and-chalices\/calice-vinoteque-spirits\/#primaryimage"},"image":{"@id":"https:\/\/faravetrerie.it\/en\/shop-en\/cocktails-en\/cocktail-glasses-and-chalices\/calice-vinoteque-spirits\/#primaryimage"},"thumbnailUrl":"https:\/\/faravetrerie.it\/wp-content\/uploads\/2025\/12\/BLVIN352_01-3.jpg","datePublished":"2025-12-23T15:43:43+00:00","dateModified":"2026-01-27T16:16:59+00:00","description":"Il calice vinoteque spirits per vini da meditazione o distillati dalla forma elegante. In vetro sonoro superiore ideale per l'uso nella ristorazione.","breadcrumb":{"@id":"https:\/\/faravetrerie.it\/en\/shop-en\/cocktails-en\/cocktail-glasses-and-chalices\/calice-vinoteque-spirits\/#breadcrumb"},"inLanguage":"en-US","potentialAction":[{"@type":"ReadAction","target":["https:\/\/faravetrerie.it\/en\/shop-en\/cocktails-en\/cocktail-glasses-and-chalices\/calice-vinoteque-spirits\/"]}]},{"@type":"ImageObject","inLanguage":"en-US","@id":"https:\/\/faravetrerie.it\/en\/shop-en\/cocktails-en\/cocktail-glasses-and-chalices\/calice-vinoteque-spirits\/#primaryimage","url":"https:\/\/faravetrerie.it\/wp-content\/uploads\/2025\/12\/BLVIN352_01-3.jpg","contentUrl":"https:\/\/faravetrerie.it\/wp-content\/uploads\/2025\/12\/BLVIN352_01-3.jpg","width":1256,"height":1472,"caption":"Calice Vinoteque Spirits"},{"@type":"BreadcrumbList","@id":"https:\/\/faravetrerie.it\/en\/shop-en\/cocktails-en\/cocktail-glasses-and-chalices\/calice-vinoteque-spirits\/#breadcrumb","itemListElement":[{"@type":"ListItem","position":1,"name":"Home","item":"https:\/\/faravetrerie.it\/en\/"},{"@type":"ListItem","position":2,"name":"Shop","item":"https:\/\/faravetrerie.it\/en\/shop-en\/"},{"@type":"ListItem","position":3,"name":"CALICE VINOTEQUE SPIRITS"}]},{"@type":"WebSite","@id":"https:\/\/faravetrerie.it\/en\/#website","url":"https:\/\/faravetrerie.it\/en\/","name":"Fara Vetrerie e Cristallerie","description":"","publisher":{"@id":"https:\/\/faravetrerie.it\/en\/#organization"},"potentialAction":[{"@type":"SearchAction","target":{"@type":"EntryPoint","urlTemplate":"https:\/\/faravetrerie.it\/en\/?s={search_term_string}"},"query-input":{"@type":"PropertyValueSpecification","valueRequired":true,"valueName":"search_term_string"}}],"inLanguage":"en-US"},{"@type":"Organization","@id":"https:\/\/faravetrerie.it\/en\/#organization","name":"Fara Vetrerie e Cristallerie","url":"https:\/\/faravetrerie.it\/en\/","logo":{"@type":"ImageObject","inLanguage":"en-US","@id":"https:\/\/faravetrerie.it\/en\/#\/schema\/logo\/image\/","url":"https:\/\/faravetrerie.it\/wp-content\/uploads\/2025\/12\/logo-fara-bianco.png","contentUrl":"https:\/\/faravetrerie.it\/wp-content\/uploads\/2025\/12\/logo-fara-bianco.png","width":2038,"height":2942,"caption":"Fara Vetrerie e Cristallerie"},"image":{"@id":"https:\/\/faravetrerie.it\/en\/#\/schema\/logo\/image\/"}}]}},"_links":{"self":[{"href":"https:\/\/faravetrerie.it\/en\/wp-json\/wp\/v2\/product\/25860","targetHints":{"allow":["GET"]}}],"collection":[{"href":"https:\/\/faravetrerie.it\/en\/wp-json\/wp\/v2\/product"}],"about":[{"href":"https:\/\/faravetrerie.it\/en\/wp-json\/wp\/v2\/types\/product"}],"wp:featuredmedia":[{"embeddable":true,"href":"https:\/\/faravetrerie.it\/en\/wp-json\/wp\/v2\/media\/23541"}],"wp:attachment":[{"href":"https:\/\/faravetrerie.it\/en\/wp-json\/wp\/v2\/media?parent=25860"}],"wp:term":[{"taxonomy":"product_brand","embeddable":true,"href":"https:\/\/faravetrerie.it\/en\/wp-json\/wp\/v2\/product_brand?post=25860"},{"taxonomy":"product_cat","embeddable":true,"href":"https:\/\/faravetrerie.it\/en\/wp-json\/wp\/v2\/product_cat?post=25860"},{"taxonomy":"product_tag","embeddable":true,"href":"https:\/\/faravetrerie.it\/en\/wp-json\/wp\/v2\/product_tag?post=25860"}],"curies":[{"name":"wp","href":"https:\/\/api.w.org\/{rel}","templated":true}]}}