{"id":25876,"date":"2025-12-23T16:43:52","date_gmt":"2025-12-23T15:43:52","guid":{"rendered":"https:\/\/sviluppo.faravetrerie.it\/blog\/?post_type=product&#038;p=25876"},"modified":"2026-01-26T11:11:25","modified_gmt":"2026-01-26T10:11:25","slug":"bicchiere-firenze-acqua","status":"publish","type":"product","link":"https:\/\/faravetrerie.it\/en\/shop-en\/water-en\/water-glasses\/bicchiere-firenze-acqua\/","title":{"rendered":"BICCHIERE FIRENZE ACQUA"},"content":{"rendered":"<article class=\"group\/turn w-full text-token-text-primary focus-visible:outline-2 focus-visible:outline-offset-[-4px]\" dir=\"auto\" data-testid=\"conversation-turn-22\" data-scroll-anchor=\"true\">\n<div class=\"text-base my-auto mx-auto py-[18px] px-6\">\n<div class=\"mx-auto flex flex-1 text-base gap-4 md:gap-5 lg:gap-6 md:max-w-3xl\">\n<div class=\"group\/conversation-turn relative flex w-full min-w-0 flex-col agent-turn @xs\/thread:px-0 @sm\/thread:px-1.5 @md\/thread:px-4\">\n<div class=\"flex-col gap-1 md:gap-3\">\n<div class=\"flex max-w-full flex-col flex-grow\">\n<div class=\"min-h-8 text-message relative flex w-full flex-col items-end gap-2 whitespace-normal break-words text-start [.text-message+&amp;]:mt-5\" dir=\"auto\" data-message-author-role=\"assistant\" data-message-id=\"28985e3f-e6db-4543-83f1-c2eea5d5ac9e\" data-message-model-slug=\"gpt-4o-mini\">\n<div class=\"flex w-full flex-col gap-1 empty:hidden first:pt-[3px]\">\n<div class=\"markdown prose w-full break-words dark:prose-invert light\">\n<h4 data-start=\"0\" data-end=\"80\"><strong data-start=\"0\" data-end=\"80\">Bicchiere Firenze Acqua: Leggerezza e Resistenza per la Ristorazione<\/strong><\/h4>\n<h5 data-start=\"82\" data-end=\"419\"><strong data-start=\"82\" data-end=\"135\">Leggero ma Estremamente Resistente<\/strong><\/h5>\n<p data-start=\"82\" data-end=\"419\">Il bicchiere Firenze Acqua \u00e8 progettato per unire leggerezza e resistenza, ideale per affrontare i ritmi intensi della ristorazione. La sua struttura robusta ma leggera lo rende perfetto per un uso quotidiano, mantenendo la sua integrit\u00e0 anche durante un servizio veloce e intenso.<\/p>\n<h5 data-start=\"421\" data-end=\"806\"><strong data-start=\"421\" data-end=\"485\">Perfetto per la Ristorazione Ad Alta Velocit\u00e0<\/strong><\/h5>\n<p data-start=\"421\" data-end=\"806\">Questo bicchiere \u00e8 pensato per resistere alle sfide di ambienti frenetici come bar, ristoranti e hotel, dove \u00e8 fondamentale avere un prodotto che possa sopportare un uso frequente senza compromettere la qualit\u00e0. La sua resistenza agli urti e la praticit\u00e0 lo rendono una scelta ideale per il settore della ristorazione.<\/p>\n<h5 data-start=\"808\" data-end=\"1154\"><strong data-start=\"808\" data-end=\"851\">Facile da Personalizzare<\/strong><\/h5>\n<p data-start=\"808\" data-end=\"1154\">Il bicchiere \u00e8 particolarmente indicato per essere personalizzato. Grazie alla sua superficie liscia e pulita, \u00e8 perfetto per essere inciso con loghi, nomi o messaggi speciali, rendendolo una scelta ideale per eventi, regali aziendali o come elemento distintivo per ristoranti e locali.<\/p>\n<h5 data-start=\"1156\" data-end=\"1486\"><strong data-start=\"1156\" data-end=\"1214\">Eleganza e Funzionalit\u00e0 per Ogni Tavola<\/strong><\/h5>\n<p data-start=\"1156\" data-end=\"1486\" data-is-last-node=\"\" data-is-only-node=\"\">Con il suo design semplice ma elegante, il bicchiere Firenze Acqua si adatta a qualsiasi stile di tavola, dalle occasioni pi\u00f9 informali alle cene pi\u00f9 eleganti. \u00c8 un prodotto versatile che offre praticit\u00e0 e bellezza, unendo funzionalit\u00e0 e estetica in un unico bicchiere.<\/p>\n<\/div>\n<\/div>\n<\/div>\n<\/div>\n<\/div>\n<\/div>\n<\/div>\n<\/div>\n<\/article>\n","protected":false},"excerpt":{"rendered":"<p>Il bicchiere acqua leggero ma resistente adatto ad una ristorazione dai ritmi intensi. Particolarmente indicato per essere personalizzato<\/p>\n<p>cl. 28<\/p>\n<p>fl.oz. 9,47<\/p>\n<p>h. 73 mm.<\/p>\n<p>\u00d8 81 mm.<\/p>\n<p>&nbsp;<\/p>\n","protected":false},"featured_media":23587,"template":"","meta":{"inline_featured_image":false},"product_brand":[],"product_cat":[23,34],"product_tag":[],"class_list":{"0":"post-25876","1":"product","2":"type-product","3":"status-publish","4":"has-post-thumbnail","6":"product_cat-acqua","7":"product_cat-bicchieri-acqua","9":"first","10":"instock","11":"taxable","12":"shipping-taxable","13":"product-type-simple"},"yoast_head":"<!-- This site is optimized with the Yoast SEO plugin v26.6 - https:\/\/yoast.com\/wordpress\/plugins\/seo\/ -->\n<title>BICCHIERE FIRENZE ACQUA - Fara Vetrerie e Cristallerie<\/title>\n<meta name=\"description\" content=\"Il bicchiere Firenze acqua leggero ma resistente adatto ad una ristorazione dai ritmi intensi. Particolarmente indicato per essere personalizzato\" \/>\n<meta name=\"robots\" content=\"index, follow, max-snippet:-1, max-image-preview:large, max-video-preview:-1\" \/>\n<link rel=\"canonical\" href=\"https:\/\/faravetrerie.it\/en\/shop-en\/water-en\/water-glasses\/bicchiere-firenze-acqua\/\" \/>\n<meta property=\"og:locale\" content=\"en_US\" \/>\n<meta property=\"og:type\" content=\"article\" \/>\n<meta property=\"og:title\" content=\"BICCHIERE FIRENZE ACQUA - Fara Vetrerie e Cristallerie\" \/>\n<meta property=\"og:description\" content=\"Il bicchiere Firenze acqua leggero ma resistente adatto ad una ristorazione dai ritmi intensi. Particolarmente indicato per essere personalizzato\" \/>\n<meta property=\"og:url\" content=\"https:\/\/faravetrerie.it\/en\/shop-en\/water-en\/water-glasses\/bicchiere-firenze-acqua\/\" \/>\n<meta property=\"og:site_name\" content=\"Fara Vetrerie e Cristallerie\" \/>\n<meta property=\"article:modified_time\" content=\"2026-01-26T10:11:25+00:00\" \/>\n<meta property=\"og:image\" content=\"https:\/\/faravetrerie.it\/wp-content\/uploads\/2025\/12\/BNNOL28_01-scaled-e1596638273907-3.jpg\" \/>\n\t<meta property=\"og:image:width\" content=\"2387\" \/>\n\t<meta property=\"og:image:height\" content=\"2342\" \/>\n\t<meta property=\"og:image:type\" content=\"image\/jpeg\" \/>\n<meta name=\"twitter:card\" content=\"summary_large_image\" \/>\n<meta name=\"twitter:label1\" content=\"Est. reading time\" \/>\n\t<meta name=\"twitter:data1\" content=\"2 minutes\" \/>\n<script type=\"application\/ld+json\" class=\"yoast-schema-graph\">{\"@context\":\"https:\/\/schema.org\",\"@graph\":[{\"@type\":\"WebPage\",\"@id\":\"https:\/\/faravetrerie.it\/en\/shop-en\/water-en\/water-glasses\/bicchiere-firenze-acqua\/\",\"url\":\"https:\/\/faravetrerie.it\/en\/shop-en\/water-en\/water-glasses\/bicchiere-firenze-acqua\/\",\"name\":\"BICCHIERE FIRENZE ACQUA - Fara Vetrerie e Cristallerie\",\"isPartOf\":{\"@id\":\"https:\/\/faravetrerie.it\/en\/#website\"},\"primaryImageOfPage\":{\"@id\":\"https:\/\/faravetrerie.it\/en\/shop-en\/water-en\/water-glasses\/bicchiere-firenze-acqua\/#primaryimage\"},\"image\":{\"@id\":\"https:\/\/faravetrerie.it\/en\/shop-en\/water-en\/water-glasses\/bicchiere-firenze-acqua\/#primaryimage\"},\"thumbnailUrl\":\"https:\/\/faravetrerie.it\/wp-content\/uploads\/2025\/12\/BNNOL28_01-scaled-e1596638273907-3.jpg\",\"datePublished\":\"2025-12-23T15:43:52+00:00\",\"dateModified\":\"2026-01-26T10:11:25+00:00\",\"description\":\"Il bicchiere Firenze acqua leggero ma resistente adatto ad una ristorazione dai ritmi intensi. Particolarmente indicato per essere personalizzato\",\"breadcrumb\":{\"@id\":\"https:\/\/faravetrerie.it\/en\/shop-en\/water-en\/water-glasses\/bicchiere-firenze-acqua\/#breadcrumb\"},\"inLanguage\":\"en-US\",\"potentialAction\":[{\"@type\":\"ReadAction\",\"target\":[\"https:\/\/faravetrerie.it\/en\/shop-en\/water-en\/water-glasses\/bicchiere-firenze-acqua\/\"]}]},{\"@type\":\"ImageObject\",\"inLanguage\":\"en-US\",\"@id\":\"https:\/\/faravetrerie.it\/en\/shop-en\/water-en\/water-glasses\/bicchiere-firenze-acqua\/#primaryimage\",\"url\":\"https:\/\/faravetrerie.it\/wp-content\/uploads\/2025\/12\/BNNOL28_01-scaled-e1596638273907-3.jpg\",\"contentUrl\":\"https:\/\/faravetrerie.it\/wp-content\/uploads\/2025\/12\/BNNOL28_01-scaled-e1596638273907-3.jpg\",\"width\":2387,\"height\":2342,\"caption\":\"Bicchiere Firenze Acqua\"},{\"@type\":\"BreadcrumbList\",\"@id\":\"https:\/\/faravetrerie.it\/en\/shop-en\/water-en\/water-glasses\/bicchiere-firenze-acqua\/#breadcrumb\",\"itemListElement\":[{\"@type\":\"ListItem\",\"position\":1,\"name\":\"Home\",\"item\":\"https:\/\/faravetrerie.it\/en\/\"},{\"@type\":\"ListItem\",\"position\":2,\"name\":\"Shop\",\"item\":\"https:\/\/faravetrerie.it\/en\/shop-en\/\"},{\"@type\":\"ListItem\",\"position\":3,\"name\":\"BICCHIERE FIRENZE ACQUA\"}]},{\"@type\":\"WebSite\",\"@id\":\"https:\/\/faravetrerie.it\/en\/#website\",\"url\":\"https:\/\/faravetrerie.it\/en\/\",\"name\":\"Fara Vetrerie e Cristallerie\",\"description\":\"\",\"publisher\":{\"@id\":\"https:\/\/faravetrerie.it\/en\/#organization\"},\"potentialAction\":[{\"@type\":\"SearchAction\",\"target\":{\"@type\":\"EntryPoint\",\"urlTemplate\":\"https:\/\/faravetrerie.it\/en\/?s={search_term_string}\"},\"query-input\":{\"@type\":\"PropertyValueSpecification\",\"valueRequired\":true,\"valueName\":\"search_term_string\"}}],\"inLanguage\":\"en-US\"},{\"@type\":\"Organization\",\"@id\":\"https:\/\/faravetrerie.it\/en\/#organization\",\"name\":\"Fara Vetrerie e Cristallerie\",\"url\":\"https:\/\/faravetrerie.it\/en\/\",\"logo\":{\"@type\":\"ImageObject\",\"inLanguage\":\"en-US\",\"@id\":\"https:\/\/faravetrerie.it\/en\/#\/schema\/logo\/image\/\",\"url\":\"https:\/\/faravetrerie.it\/wp-content\/uploads\/2025\/12\/logo-fara-bianco.png\",\"contentUrl\":\"https:\/\/faravetrerie.it\/wp-content\/uploads\/2025\/12\/logo-fara-bianco.png\",\"width\":2038,\"height\":2942,\"caption\":\"Fara Vetrerie e Cristallerie\"},\"image\":{\"@id\":\"https:\/\/faravetrerie.it\/en\/#\/schema\/logo\/image\/\"}}]}<\/script>\n<!-- \/ Yoast SEO plugin. -->","yoast_head_json":{"title":"BICCHIERE FIRENZE ACQUA - Fara Vetrerie e Cristallerie","description":"Il bicchiere Firenze acqua leggero ma resistente adatto ad una ristorazione dai ritmi intensi. Particolarmente indicato per essere personalizzato","robots":{"index":"index","follow":"follow","max-snippet":"max-snippet:-1","max-image-preview":"max-image-preview:large","max-video-preview":"max-video-preview:-1"},"canonical":"https:\/\/faravetrerie.it\/en\/shop-en\/water-en\/water-glasses\/bicchiere-firenze-acqua\/","og_locale":"en_US","og_type":"article","og_title":"BICCHIERE FIRENZE ACQUA - Fara Vetrerie e Cristallerie","og_description":"Il bicchiere Firenze acqua leggero ma resistente adatto ad una ristorazione dai ritmi intensi. Particolarmente indicato per essere personalizzato","og_url":"https:\/\/faravetrerie.it\/en\/shop-en\/water-en\/water-glasses\/bicchiere-firenze-acqua\/","og_site_name":"Fara Vetrerie e Cristallerie","article_modified_time":"2026-01-26T10:11:25+00:00","og_image":[{"width":2387,"height":2342,"url":"https:\/\/faravetrerie.it\/wp-content\/uploads\/2025\/12\/BNNOL28_01-scaled-e1596638273907-3.jpg","type":"image\/jpeg"}],"twitter_card":"summary_large_image","twitter_misc":{"Est. reading time":"2 minutes"},"schema":{"@context":"https:\/\/schema.org","@graph":[{"@type":"WebPage","@id":"https:\/\/faravetrerie.it\/en\/shop-en\/water-en\/water-glasses\/bicchiere-firenze-acqua\/","url":"https:\/\/faravetrerie.it\/en\/shop-en\/water-en\/water-glasses\/bicchiere-firenze-acqua\/","name":"BICCHIERE FIRENZE ACQUA - Fara Vetrerie e Cristallerie","isPartOf":{"@id":"https:\/\/faravetrerie.it\/en\/#website"},"primaryImageOfPage":{"@id":"https:\/\/faravetrerie.it\/en\/shop-en\/water-en\/water-glasses\/bicchiere-firenze-acqua\/#primaryimage"},"image":{"@id":"https:\/\/faravetrerie.it\/en\/shop-en\/water-en\/water-glasses\/bicchiere-firenze-acqua\/#primaryimage"},"thumbnailUrl":"https:\/\/faravetrerie.it\/wp-content\/uploads\/2025\/12\/BNNOL28_01-scaled-e1596638273907-3.jpg","datePublished":"2025-12-23T15:43:52+00:00","dateModified":"2026-01-26T10:11:25+00:00","description":"Il bicchiere Firenze acqua leggero ma resistente adatto ad una ristorazione dai ritmi intensi. Particolarmente indicato per essere personalizzato","breadcrumb":{"@id":"https:\/\/faravetrerie.it\/en\/shop-en\/water-en\/water-glasses\/bicchiere-firenze-acqua\/#breadcrumb"},"inLanguage":"en-US","potentialAction":[{"@type":"ReadAction","target":["https:\/\/faravetrerie.it\/en\/shop-en\/water-en\/water-glasses\/bicchiere-firenze-acqua\/"]}]},{"@type":"ImageObject","inLanguage":"en-US","@id":"https:\/\/faravetrerie.it\/en\/shop-en\/water-en\/water-glasses\/bicchiere-firenze-acqua\/#primaryimage","url":"https:\/\/faravetrerie.it\/wp-content\/uploads\/2025\/12\/BNNOL28_01-scaled-e1596638273907-3.jpg","contentUrl":"https:\/\/faravetrerie.it\/wp-content\/uploads\/2025\/12\/BNNOL28_01-scaled-e1596638273907-3.jpg","width":2387,"height":2342,"caption":"Bicchiere Firenze Acqua"},{"@type":"BreadcrumbList","@id":"https:\/\/faravetrerie.it\/en\/shop-en\/water-en\/water-glasses\/bicchiere-firenze-acqua\/#breadcrumb","itemListElement":[{"@type":"ListItem","position":1,"name":"Home","item":"https:\/\/faravetrerie.it\/en\/"},{"@type":"ListItem","position":2,"name":"Shop","item":"https:\/\/faravetrerie.it\/en\/shop-en\/"},{"@type":"ListItem","position":3,"name":"BICCHIERE FIRENZE ACQUA"}]},{"@type":"WebSite","@id":"https:\/\/faravetrerie.it\/en\/#website","url":"https:\/\/faravetrerie.it\/en\/","name":"Fara Vetrerie e Cristallerie","description":"","publisher":{"@id":"https:\/\/faravetrerie.it\/en\/#organization"},"potentialAction":[{"@type":"SearchAction","target":{"@type":"EntryPoint","urlTemplate":"https:\/\/faravetrerie.it\/en\/?s={search_term_string}"},"query-input":{"@type":"PropertyValueSpecification","valueRequired":true,"valueName":"search_term_string"}}],"inLanguage":"en-US"},{"@type":"Organization","@id":"https:\/\/faravetrerie.it\/en\/#organization","name":"Fara Vetrerie e Cristallerie","url":"https:\/\/faravetrerie.it\/en\/","logo":{"@type":"ImageObject","inLanguage":"en-US","@id":"https:\/\/faravetrerie.it\/en\/#\/schema\/logo\/image\/","url":"https:\/\/faravetrerie.it\/wp-content\/uploads\/2025\/12\/logo-fara-bianco.png","contentUrl":"https:\/\/faravetrerie.it\/wp-content\/uploads\/2025\/12\/logo-fara-bianco.png","width":2038,"height":2942,"caption":"Fara Vetrerie e Cristallerie"},"image":{"@id":"https:\/\/faravetrerie.it\/en\/#\/schema\/logo\/image\/"}}]}},"_links":{"self":[{"href":"https:\/\/faravetrerie.it\/en\/wp-json\/wp\/v2\/product\/25876","targetHints":{"allow":["GET"]}}],"collection":[{"href":"https:\/\/faravetrerie.it\/en\/wp-json\/wp\/v2\/product"}],"about":[{"href":"https:\/\/faravetrerie.it\/en\/wp-json\/wp\/v2\/types\/product"}],"wp:featuredmedia":[{"embeddable":true,"href":"https:\/\/faravetrerie.it\/en\/wp-json\/wp\/v2\/media\/23587"}],"wp:attachment":[{"href":"https:\/\/faravetrerie.it\/en\/wp-json\/wp\/v2\/media?parent=25876"}],"wp:term":[{"taxonomy":"product_brand","embeddable":true,"href":"https:\/\/faravetrerie.it\/en\/wp-json\/wp\/v2\/product_brand?post=25876"},{"taxonomy":"product_cat","embeddable":true,"href":"https:\/\/faravetrerie.it\/en\/wp-json\/wp\/v2\/product_cat?post=25876"},{"taxonomy":"product_tag","embeddable":true,"href":"https:\/\/faravetrerie.it\/en\/wp-json\/wp\/v2\/product_tag?post=25876"}],"curies":[{"name":"wp","href":"https:\/\/api.w.org\/{rel}","templated":true}]}}