{"id":25878,"date":"2025-12-23T16:43:52","date_gmt":"2025-12-23T15:43:52","guid":{"rendered":"https:\/\/sviluppo.faravetrerie.it\/blog\/?post_type=product&#038;p=25878"},"modified":"2026-01-26T11:13:26","modified_gmt":"2026-01-26T10:13:26","slug":"bicchiere-taurus-acqua","status":"publish","type":"product","link":"https:\/\/faravetrerie.it\/en\/shop-en\/water-en\/water-glasses\/bicchiere-taurus-acqua\/","title":{"rendered":"BICCHIERE TAURUS ACQUA"},"content":{"rendered":"<div class=\"flex-1 grow overflow-hidden @container\/thread\">\n<div class=\"relative h-full\">\n<div class=\"flex h-full flex-col overflow-y-auto [scrollbar-gutter:stable]\">\n<div class=\"flex flex-col text-sm md:pb-9\">\n<article class=\"w-full text-token-text-primary focus-visible:outline-2 focus-visible:outline-offset-[-4px]\" dir=\"auto\" data-testid=\"conversation-turn-41\" data-scroll-anchor=\"true\">\n<div class=\"m-auto text-base py-[18px] px-6\">\n<div class=\"mx-auto flex flex-1 text-base gap-4 md:gap-5 lg:gap-6 md:max-w-3xl\">\n<div class=\"group\/conversation-turn relative flex w-full min-w-0 flex-col agent-turn @xs\/thread:px-0 @sm\/thread:px-1.5 @md\/thread:px-4\">\n<div class=\"flex-col gap-1 md:gap-3\">\n<div class=\"flex max-w-full flex-col flex-grow\">\n<div class=\"min-h-8 text-message relative flex w-full flex-col items-end gap-2 whitespace-normal break-words text-start [.text-message+&amp;]:mt-5\" dir=\"auto\" data-message-author-role=\"assistant\" data-message-id=\"41c0dc5c-2413-443f-8558-5cf23694cae1\" data-message-model-slug=\"gpt-4o-mini\">\n<div class=\"flex w-full flex-col gap-1 empty:hidden first:pt-[3px]\">\n<div class=\"markdown prose w-full break-words dark:prose-invert light\">\n<h4 data-start=\"0\" data-end=\"75\"><strong data-start=\"0\" data-end=\"75\">Bicchiere Taurus Acqua: Eleganza e Raffinatezza per una Tavola Distinta<\/strong><\/h4>\n<p data-start=\"77\" data-end=\"443\">Il <strong data-start=\"80\" data-end=\"106\">bicchiere Taurus Acqua<\/strong> \u00e8 il bicchiere ideale per chi desidera una <strong data-start=\"150\" data-end=\"170\">tavola raffinata<\/strong> ed <strong data-start=\"174\" data-end=\"186\">elegante<\/strong>, con un\u2019attenzione particolare ai <strong data-start=\"221\" data-end=\"241\">piccoli dettagli<\/strong> che fanno la differenza. Realizzato in vetro sonoro superiore, questo bicchiere unisce alta qualit\u00e0, brillantezza e resistenza, creando una perfetta armonia tra estetica e funzionalit\u00e0.<\/p>\n<h5 data-start=\"445\" data-end=\"498\">Vetro Sonoro Superiore: Brillantezza e Durabilit\u00e0<\/h5>\n<p data-start=\"499\" data-end=\"819\">Il vetro sonoro superiore conferisce al bicchiere Taurus Acqua una grande lucentezza e una strutturale resistenza che lo rendono perfetto per l&#8217;uso quotidiano, ma anche per occasioni speciali. La luminosit\u00e0 del vetro esalta ogni bevanda, facendo s\u00ec che anche l&#8217;acqua venga servita con un tocco di classe.<\/p>\n<h5 data-start=\"821\" data-end=\"851\">Linea Elegante e Raffinata<\/h5>\n<p data-start=\"852\" data-end=\"1213\">Il design del bicchiere\u00a0 \u00e8 pensato per distinguersi con eleganza. Le sue linee sobrie e moderne lo rendono perfetto per ogni tipo di tavola, dal pranzo informale alla cena pi\u00f9 formale. \u00c8 un bicchiere che non solo serve, ma arricchisce la presentazione dei tuoi piatti, aggiungendo un tocco di raffinatezza anche nei dettagli pi\u00f9 piccoli.<\/p>\n<h5 data-start=\"1215\" data-end=\"1242\">Versatilit\u00e0 e Praticit\u00e0<\/h5>\n<p data-start=\"1243\" data-end=\"1575\">Non solo elegante, il bicchiere\u00a0 \u00e8 anche estremamente funzionale. La sua forma comoda lo rende perfetto per l&#8217;uso quotidiano, sia in ambienti domestici che in locali di alta classe. Facile da maneggiare e da pulire, questo bicchiere \u00e8 ideale per chi cerca un prodotto che unisca praticit\u00e0 e stilisticit\u00e0.<\/p>\n<h5 data-start=\"1577\" data-end=\"1592\">Conclusione<\/h5>\n<p data-start=\"1593\" data-end=\"1996\" data-is-last-node=\"\" data-is-only-node=\"\">Il bicchiere Taurus Acqua \u00e8 la scelta ideale per chi vuole distinguere la propria tavola con eleganza, senza trascurare la qualit\u00e0 e la durabilit\u00e0. Realizzato in vetro sonoro superiore, questo bicchiere offre un\u2019esperienza visiva e tattile di alta classe, rendendo ogni momento speciale. Perfetto per ogni occasione, \u00e8 l&#8217;accessorio ideale per chi ama prestare attenzione ai dettagli.<\/p>\n<\/div>\n<\/div>\n<\/div>\n<\/div>\n<\/div>\n<\/div>\n<\/div>\n<\/div>\n<\/article>\n<\/div>\n<\/div>\n<\/div>\n<\/div>\n","protected":false},"excerpt":{"rendered":"<p>Il bicchiere taurus acqua in vetro sonoro superiore dalla linea elegante e raffinata per una tavola che si vuole distinguere anche sui piccoli particolari<\/p>\n<p>cl. 37<\/p>\n<p>fl.oz. 12,51<\/p>\n<p>h. 90 mm.<\/p>\n<p>\u00d8 65 mm.<\/p>\n<p>&nbsp;<\/p>\n","protected":false},"featured_media":23589,"template":"","meta":{"inline_featured_image":false},"product_brand":[],"product_cat":[23,34],"product_tag":[],"class_list":{"0":"post-25878","1":"product","2":"type-product","3":"status-publish","4":"has-post-thumbnail","6":"product_cat-acqua","7":"product_cat-bicchieri-acqua","9":"first","10":"instock","11":"taxable","12":"shipping-taxable","13":"product-type-simple"},"yoast_head":"<!-- This site is optimized with the Yoast SEO plugin v26.6 - https:\/\/yoast.com\/wordpress\/plugins\/seo\/ -->\n<title>BICCHIERE TAURUS ACQUA - Fara Vetrerie e Cristallerie<\/title>\n<meta name=\"description\" content=\"Il bicchiere taurus acqua in vetro sonoro superiore dalla linea elegante e raffinata per una tavola che si vuole distinguere anche sui piccoli particolari\" \/>\n<meta name=\"robots\" content=\"index, follow, max-snippet:-1, max-image-preview:large, max-video-preview:-1\" \/>\n<link rel=\"canonical\" href=\"https:\/\/faravetrerie.it\/en\/shop-en\/water-en\/water-glasses\/bicchiere-taurus-acqua\/\" \/>\n<meta property=\"og:locale\" content=\"en_US\" \/>\n<meta property=\"og:type\" content=\"article\" \/>\n<meta property=\"og:title\" content=\"BICCHIERE TAURUS ACQUA - Fara Vetrerie e Cristallerie\" \/>\n<meta property=\"og:description\" content=\"Il bicchiere taurus acqua in vetro sonoro superiore dalla linea elegante e raffinata per una tavola che si vuole distinguere anche sui piccoli particolari\" \/>\n<meta property=\"og:url\" content=\"https:\/\/faravetrerie.it\/en\/shop-en\/water-en\/water-glasses\/bicchiere-taurus-acqua\/\" \/>\n<meta property=\"og:site_name\" content=\"Fara Vetrerie e Cristallerie\" \/>\n<meta property=\"article:modified_time\" content=\"2026-01-26T10:13:26+00:00\" \/>\n<meta property=\"og:image\" content=\"https:\/\/faravetrerie.it\/wp-content\/uploads\/2025\/12\/FVAUR375_01-3.jpg\" \/>\n\t<meta property=\"og:image:width\" content=\"1164\" \/>\n\t<meta property=\"og:image:height\" content=\"1165\" \/>\n\t<meta property=\"og:image:type\" content=\"image\/jpeg\" \/>\n<meta name=\"twitter:card\" content=\"summary_large_image\" \/>\n<meta name=\"twitter:label1\" content=\"Est. reading time\" \/>\n\t<meta name=\"twitter:data1\" content=\"2 minutes\" \/>\n<script type=\"application\/ld+json\" class=\"yoast-schema-graph\">{\"@context\":\"https:\/\/schema.org\",\"@graph\":[{\"@type\":\"WebPage\",\"@id\":\"https:\/\/faravetrerie.it\/en\/shop-en\/water-en\/water-glasses\/bicchiere-taurus-acqua\/\",\"url\":\"https:\/\/faravetrerie.it\/en\/shop-en\/water-en\/water-glasses\/bicchiere-taurus-acqua\/\",\"name\":\"BICCHIERE TAURUS ACQUA - Fara Vetrerie e Cristallerie\",\"isPartOf\":{\"@id\":\"https:\/\/faravetrerie.it\/en\/#website\"},\"primaryImageOfPage\":{\"@id\":\"https:\/\/faravetrerie.it\/en\/shop-en\/water-en\/water-glasses\/bicchiere-taurus-acqua\/#primaryimage\"},\"image\":{\"@id\":\"https:\/\/faravetrerie.it\/en\/shop-en\/water-en\/water-glasses\/bicchiere-taurus-acqua\/#primaryimage\"},\"thumbnailUrl\":\"https:\/\/faravetrerie.it\/wp-content\/uploads\/2025\/12\/FVAUR375_01-3.jpg\",\"datePublished\":\"2025-12-23T15:43:52+00:00\",\"dateModified\":\"2026-01-26T10:13:26+00:00\",\"description\":\"Il bicchiere taurus acqua in vetro sonoro superiore dalla linea elegante e raffinata per una tavola che si vuole distinguere anche sui piccoli particolari\",\"breadcrumb\":{\"@id\":\"https:\/\/faravetrerie.it\/en\/shop-en\/water-en\/water-glasses\/bicchiere-taurus-acqua\/#breadcrumb\"},\"inLanguage\":\"en-US\",\"potentialAction\":[{\"@type\":\"ReadAction\",\"target\":[\"https:\/\/faravetrerie.it\/en\/shop-en\/water-en\/water-glasses\/bicchiere-taurus-acqua\/\"]}]},{\"@type\":\"ImageObject\",\"inLanguage\":\"en-US\",\"@id\":\"https:\/\/faravetrerie.it\/en\/shop-en\/water-en\/water-glasses\/bicchiere-taurus-acqua\/#primaryimage\",\"url\":\"https:\/\/faravetrerie.it\/wp-content\/uploads\/2025\/12\/FVAUR375_01-3.jpg\",\"contentUrl\":\"https:\/\/faravetrerie.it\/wp-content\/uploads\/2025\/12\/FVAUR375_01-3.jpg\",\"width\":1164,\"height\":1165,\"caption\":\"Bicchiere Taurus Acqua\"},{\"@type\":\"BreadcrumbList\",\"@id\":\"https:\/\/faravetrerie.it\/en\/shop-en\/water-en\/water-glasses\/bicchiere-taurus-acqua\/#breadcrumb\",\"itemListElement\":[{\"@type\":\"ListItem\",\"position\":1,\"name\":\"Home\",\"item\":\"https:\/\/faravetrerie.it\/en\/\"},{\"@type\":\"ListItem\",\"position\":2,\"name\":\"Shop\",\"item\":\"https:\/\/faravetrerie.it\/en\/shop-en\/\"},{\"@type\":\"ListItem\",\"position\":3,\"name\":\"BICCHIERE TAURUS ACQUA\"}]},{\"@type\":\"WebSite\",\"@id\":\"https:\/\/faravetrerie.it\/en\/#website\",\"url\":\"https:\/\/faravetrerie.it\/en\/\",\"name\":\"Fara Vetrerie e Cristallerie\",\"description\":\"\",\"publisher\":{\"@id\":\"https:\/\/faravetrerie.it\/en\/#organization\"},\"potentialAction\":[{\"@type\":\"SearchAction\",\"target\":{\"@type\":\"EntryPoint\",\"urlTemplate\":\"https:\/\/faravetrerie.it\/en\/?s={search_term_string}\"},\"query-input\":{\"@type\":\"PropertyValueSpecification\",\"valueRequired\":true,\"valueName\":\"search_term_string\"}}],\"inLanguage\":\"en-US\"},{\"@type\":\"Organization\",\"@id\":\"https:\/\/faravetrerie.it\/en\/#organization\",\"name\":\"Fara Vetrerie e Cristallerie\",\"url\":\"https:\/\/faravetrerie.it\/en\/\",\"logo\":{\"@type\":\"ImageObject\",\"inLanguage\":\"en-US\",\"@id\":\"https:\/\/faravetrerie.it\/en\/#\/schema\/logo\/image\/\",\"url\":\"https:\/\/faravetrerie.it\/wp-content\/uploads\/2025\/12\/logo-fara-bianco.png\",\"contentUrl\":\"https:\/\/faravetrerie.it\/wp-content\/uploads\/2025\/12\/logo-fara-bianco.png\",\"width\":2038,\"height\":2942,\"caption\":\"Fara Vetrerie e Cristallerie\"},\"image\":{\"@id\":\"https:\/\/faravetrerie.it\/en\/#\/schema\/logo\/image\/\"}}]}<\/script>\n<!-- \/ Yoast SEO plugin. -->","yoast_head_json":{"title":"BICCHIERE TAURUS ACQUA - Fara Vetrerie e Cristallerie","description":"Il bicchiere taurus acqua in vetro sonoro superiore dalla linea elegante e raffinata per una tavola che si vuole distinguere anche sui piccoli particolari","robots":{"index":"index","follow":"follow","max-snippet":"max-snippet:-1","max-image-preview":"max-image-preview:large","max-video-preview":"max-video-preview:-1"},"canonical":"https:\/\/faravetrerie.it\/en\/shop-en\/water-en\/water-glasses\/bicchiere-taurus-acqua\/","og_locale":"en_US","og_type":"article","og_title":"BICCHIERE TAURUS ACQUA - Fara Vetrerie e Cristallerie","og_description":"Il bicchiere taurus acqua in vetro sonoro superiore dalla linea elegante e raffinata per una tavola che si vuole distinguere anche sui piccoli particolari","og_url":"https:\/\/faravetrerie.it\/en\/shop-en\/water-en\/water-glasses\/bicchiere-taurus-acqua\/","og_site_name":"Fara Vetrerie e Cristallerie","article_modified_time":"2026-01-26T10:13:26+00:00","og_image":[{"width":1164,"height":1165,"url":"https:\/\/faravetrerie.it\/wp-content\/uploads\/2025\/12\/FVAUR375_01-3.jpg","type":"image\/jpeg"}],"twitter_card":"summary_large_image","twitter_misc":{"Est. reading time":"2 minutes"},"schema":{"@context":"https:\/\/schema.org","@graph":[{"@type":"WebPage","@id":"https:\/\/faravetrerie.it\/en\/shop-en\/water-en\/water-glasses\/bicchiere-taurus-acqua\/","url":"https:\/\/faravetrerie.it\/en\/shop-en\/water-en\/water-glasses\/bicchiere-taurus-acqua\/","name":"BICCHIERE TAURUS ACQUA - Fara Vetrerie e Cristallerie","isPartOf":{"@id":"https:\/\/faravetrerie.it\/en\/#website"},"primaryImageOfPage":{"@id":"https:\/\/faravetrerie.it\/en\/shop-en\/water-en\/water-glasses\/bicchiere-taurus-acqua\/#primaryimage"},"image":{"@id":"https:\/\/faravetrerie.it\/en\/shop-en\/water-en\/water-glasses\/bicchiere-taurus-acqua\/#primaryimage"},"thumbnailUrl":"https:\/\/faravetrerie.it\/wp-content\/uploads\/2025\/12\/FVAUR375_01-3.jpg","datePublished":"2025-12-23T15:43:52+00:00","dateModified":"2026-01-26T10:13:26+00:00","description":"Il bicchiere taurus acqua in vetro sonoro superiore dalla linea elegante e raffinata per una tavola che si vuole distinguere anche sui piccoli particolari","breadcrumb":{"@id":"https:\/\/faravetrerie.it\/en\/shop-en\/water-en\/water-glasses\/bicchiere-taurus-acqua\/#breadcrumb"},"inLanguage":"en-US","potentialAction":[{"@type":"ReadAction","target":["https:\/\/faravetrerie.it\/en\/shop-en\/water-en\/water-glasses\/bicchiere-taurus-acqua\/"]}]},{"@type":"ImageObject","inLanguage":"en-US","@id":"https:\/\/faravetrerie.it\/en\/shop-en\/water-en\/water-glasses\/bicchiere-taurus-acqua\/#primaryimage","url":"https:\/\/faravetrerie.it\/wp-content\/uploads\/2025\/12\/FVAUR375_01-3.jpg","contentUrl":"https:\/\/faravetrerie.it\/wp-content\/uploads\/2025\/12\/FVAUR375_01-3.jpg","width":1164,"height":1165,"caption":"Bicchiere Taurus Acqua"},{"@type":"BreadcrumbList","@id":"https:\/\/faravetrerie.it\/en\/shop-en\/water-en\/water-glasses\/bicchiere-taurus-acqua\/#breadcrumb","itemListElement":[{"@type":"ListItem","position":1,"name":"Home","item":"https:\/\/faravetrerie.it\/en\/"},{"@type":"ListItem","position":2,"name":"Shop","item":"https:\/\/faravetrerie.it\/en\/shop-en\/"},{"@type":"ListItem","position":3,"name":"BICCHIERE TAURUS ACQUA"}]},{"@type":"WebSite","@id":"https:\/\/faravetrerie.it\/en\/#website","url":"https:\/\/faravetrerie.it\/en\/","name":"Fara Vetrerie e Cristallerie","description":"","publisher":{"@id":"https:\/\/faravetrerie.it\/en\/#organization"},"potentialAction":[{"@type":"SearchAction","target":{"@type":"EntryPoint","urlTemplate":"https:\/\/faravetrerie.it\/en\/?s={search_term_string}"},"query-input":{"@type":"PropertyValueSpecification","valueRequired":true,"valueName":"search_term_string"}}],"inLanguage":"en-US"},{"@type":"Organization","@id":"https:\/\/faravetrerie.it\/en\/#organization","name":"Fara Vetrerie e Cristallerie","url":"https:\/\/faravetrerie.it\/en\/","logo":{"@type":"ImageObject","inLanguage":"en-US","@id":"https:\/\/faravetrerie.it\/en\/#\/schema\/logo\/image\/","url":"https:\/\/faravetrerie.it\/wp-content\/uploads\/2025\/12\/logo-fara-bianco.png","contentUrl":"https:\/\/faravetrerie.it\/wp-content\/uploads\/2025\/12\/logo-fara-bianco.png","width":2038,"height":2942,"caption":"Fara Vetrerie e Cristallerie"},"image":{"@id":"https:\/\/faravetrerie.it\/en\/#\/schema\/logo\/image\/"}}]}},"_links":{"self":[{"href":"https:\/\/faravetrerie.it\/en\/wp-json\/wp\/v2\/product\/25878","targetHints":{"allow":["GET"]}}],"collection":[{"href":"https:\/\/faravetrerie.it\/en\/wp-json\/wp\/v2\/product"}],"about":[{"href":"https:\/\/faravetrerie.it\/en\/wp-json\/wp\/v2\/types\/product"}],"wp:featuredmedia":[{"embeddable":true,"href":"https:\/\/faravetrerie.it\/en\/wp-json\/wp\/v2\/media\/23589"}],"wp:attachment":[{"href":"https:\/\/faravetrerie.it\/en\/wp-json\/wp\/v2\/media?parent=25878"}],"wp:term":[{"taxonomy":"product_brand","embeddable":true,"href":"https:\/\/faravetrerie.it\/en\/wp-json\/wp\/v2\/product_brand?post=25878"},{"taxonomy":"product_cat","embeddable":true,"href":"https:\/\/faravetrerie.it\/en\/wp-json\/wp\/v2\/product_cat?post=25878"},{"taxonomy":"product_tag","embeddable":true,"href":"https:\/\/faravetrerie.it\/en\/wp-json\/wp\/v2\/product_tag?post=25878"}],"curies":[{"name":"wp","href":"https:\/\/api.w.org\/{rel}","templated":true}]}}