{"id":25887,"date":"2025-12-23T16:43:53","date_gmt":"2025-12-23T15:43:53","guid":{"rendered":"https:\/\/sviluppo.faravetrerie.it\/blog\/?post_type=product&#038;p=25887"},"modified":"2026-01-26T10:50:25","modified_gmt":"2026-01-26T09:50:25","slug":"calice-meravigliosi-tocai","status":"publish","type":"product","link":"https:\/\/faravetrerie.it\/en\/shop-en\/wine-glasses\/calice-meravigliosi-tocai\/","title":{"rendered":"CALICE MERAVIGLIOSI TOCAI"},"content":{"rendered":"<h4 data-start=\"0\" data-end=\"61\"><strong data-start=\"0\" data-end=\"61\">Calice Meravigliosi Tocai: Armonia e Eleganza Senza Tempo<\/strong><\/h4>\n<p data-start=\"63\" data-end=\"467\">Il <strong data-start=\"66\" data-end=\"95\">Calice Meravigliosi Tocai<\/strong> \u00e8 il risultato perfetto dell&#8217;armonia tra una forma elegante e la leggerezza del vetro sonoro superiore. Con il suo design dal gusto contemporaneo e raffinato, questo calice \u00e8 ideale per esaltare la qualit\u00e0 dei vini Tocai e altre variet\u00e0 di vino bianco. Ogni aspetto di questo calice \u00e8 pensato per offrire un&#8217;esperienza di degustazione unica e sofisticata.<\/p>\n<h4 data-start=\"469\" data-end=\"514\">Armonia Perfetta tra Forma e Funzionalit\u00e0<\/h4>\n<p data-start=\"516\" data-end=\"923\">Il Calice Meravigliosi Tocai \u00e8 progettato per accentuare la purezza e la delicatezza dei vini bianchi, in particolare il Tocai, che grazie alla sua forma unica trova il giusto spazio per sviluppare tutti i suoi aromi. Il suo design elegante, con linee fluide e proporzioni perfette, esprime una raffinatezza senza tempo, che lo rende adatto a ogni tipo di tavola e occasione.<\/p>\n<h5 data-start=\"925\" data-end=\"978\">Vetro Sonoro Superiore: Leggerezza e Brillantezza<\/h5>\n<p data-start=\"980\" data-end=\"1404\">Realizzato in vetro sonoro superiore, il Calice Meravigliosi Tocai si distingue per la sua straordinaria leggerezza e la brillantezza cristallina, che aggiungono un tocco di classe ad ogni degustazione. Il vetro sonoro \u00e8 particolarmente apprezzato per la sua resistenza e trasparenza. Permettono di apprezzare non solo il colore del vino ma anche la sua consistenza e le sue sfumature aromatiche.<\/p>\n<h5 data-start=\"1406\" data-end=\"1452\">Un Design Contemporaneo di Grande Eleganza<\/h5>\n<p data-start=\"1454\" data-end=\"1850\">Il design contemporaneo del Calice\u00a0si distingue per la sua capacit\u00e0 di unire l&#8217;estetica moderna con la funzionalit\u00e0. Perfetto per ambienti eleganti e per gli appassionati di vino. Il calice arricchisce ogni momento di degustazione con un senso di raffinatezza e sofisticazione. La sua bellezza \u00e8 pensata per trasformare ogni brindisi in un&#8217;esperienza unica.<\/p>\n<h5 data-start=\"1852\" data-end=\"1906\">Perfetto per la Ristorazione e gli Eventi Speciali<\/h5>\n<p data-start=\"1908\" data-end=\"2312\">Adatto tanto per <strong data-start=\"1925\" data-end=\"1939\">ristoranti<\/strong> raffinati quanto per <strong data-start=\"1961\" data-end=\"1980\">eventi speciali<\/strong> e <strong data-start=\"1983\" data-end=\"1999\">degustazioni.<\/strong> Il\u00a0Calice Meravigliosi Tocai \u00e8 un prodotto di alta qualit\u00e0 che soddisfa le esigenze della ristorazione professionale. La sua robustezza e facilit\u00e0 di manutenzione lo rendono perfetto per l&#8217;uso quotidiano in ambienti di alta classe, mantenendo intatta la sua eleganza anche dopo numerosi lavaggi.<\/p>\n","protected":false},"excerpt":{"rendered":"<p>Una linea di calici dalla perfetta armonia tra forma e leggerezza del vetro sonoro superiore. Un design dal gusto contemporaneo di grande eleganza<\/p>\n<p>cl. 45<\/p>\n<p>fl.oz. 15,84<\/p>\n<p>h. 216 mm.<\/p>\n<p>\u00d8 88 mm.<\/p>\n","protected":false},"featured_media":24003,"template":"","meta":{"inline_featured_image":false},"product_brand":[],"product_cat":[30,40],"product_tag":[936],"class_list":{"0":"post-25887","1":"product","2":"type-product","3":"status-publish","4":"has-post-thumbnail","6":"product_cat-vino","7":"product_cat-calici-vino","8":"product_tag-calice","10":"first","11":"instock","12":"taxable","13":"shipping-taxable","14":"product-type-simple"},"yoast_head":"<!-- This site is optimized with the Yoast SEO plugin v26.6 - https:\/\/yoast.com\/wordpress\/plugins\/seo\/ -->\n<title>CALICE MERAVIGLIOSI TOCAI - Fara Vetrerie e Cristallerie<\/title>\n<meta name=\"description\" content=\"calice meravigliosi tocai dalla perfetta armonia tra forma e leggerezza del vetro sonoro superiore. Un design dal gusto contemporaneo di grande eleganza\" \/>\n<meta name=\"robots\" content=\"index, follow, max-snippet:-1, max-image-preview:large, max-video-preview:-1\" \/>\n<link rel=\"canonical\" href=\"https:\/\/faravetrerie.it\/en\/shop-en\/wine-glasses\/calice-meravigliosi-tocai\/\" \/>\n<meta property=\"og:locale\" content=\"en_US\" \/>\n<meta property=\"og:type\" content=\"article\" \/>\n<meta property=\"og:title\" content=\"CALICE MERAVIGLIOSI TOCAI - Fara Vetrerie e Cristallerie\" \/>\n<meta property=\"og:description\" content=\"calice meravigliosi tocai dalla perfetta armonia tra forma e leggerezza del vetro sonoro superiore. Un design dal gusto contemporaneo di grande eleganza\" \/>\n<meta property=\"og:url\" content=\"https:\/\/faravetrerie.it\/en\/shop-en\/wine-glasses\/calice-meravigliosi-tocai\/\" \/>\n<meta property=\"og:site_name\" content=\"Fara Vetrerie e Cristallerie\" \/>\n<meta property=\"article:modified_time\" content=\"2026-01-26T09:50:25+00:00\" \/>\n<meta property=\"og:image\" content=\"https:\/\/faravetrerie.it\/wp-content\/uploads\/2025\/12\/BLMER500_01-3.jpg\" \/>\n\t<meta property=\"og:image:width\" content=\"1196\" \/>\n\t<meta property=\"og:image:height\" content=\"1424\" \/>\n\t<meta property=\"og:image:type\" content=\"image\/jpeg\" \/>\n<meta name=\"twitter:card\" content=\"summary_large_image\" \/>\n<meta name=\"twitter:label1\" content=\"Est. reading time\" \/>\n\t<meta name=\"twitter:data1\" content=\"2 minutes\" \/>\n<script type=\"application\/ld+json\" class=\"yoast-schema-graph\">{\"@context\":\"https:\/\/schema.org\",\"@graph\":[{\"@type\":\"WebPage\",\"@id\":\"https:\/\/faravetrerie.it\/en\/shop-en\/wine-glasses\/calice-meravigliosi-tocai\/\",\"url\":\"https:\/\/faravetrerie.it\/en\/shop-en\/wine-glasses\/calice-meravigliosi-tocai\/\",\"name\":\"CALICE MERAVIGLIOSI TOCAI - Fara Vetrerie e Cristallerie\",\"isPartOf\":{\"@id\":\"https:\/\/faravetrerie.it\/en\/#website\"},\"primaryImageOfPage\":{\"@id\":\"https:\/\/faravetrerie.it\/en\/shop-en\/wine-glasses\/calice-meravigliosi-tocai\/#primaryimage\"},\"image\":{\"@id\":\"https:\/\/faravetrerie.it\/en\/shop-en\/wine-glasses\/calice-meravigliosi-tocai\/#primaryimage\"},\"thumbnailUrl\":\"https:\/\/faravetrerie.it\/wp-content\/uploads\/2025\/12\/BLMER500_01-3.jpg\",\"datePublished\":\"2025-12-23T15:43:53+00:00\",\"dateModified\":\"2026-01-26T09:50:25+00:00\",\"description\":\"calice meravigliosi tocai dalla perfetta armonia tra forma e leggerezza del vetro sonoro superiore. Un design dal gusto contemporaneo di grande eleganza\",\"breadcrumb\":{\"@id\":\"https:\/\/faravetrerie.it\/en\/shop-en\/wine-glasses\/calice-meravigliosi-tocai\/#breadcrumb\"},\"inLanguage\":\"en-US\",\"potentialAction\":[{\"@type\":\"ReadAction\",\"target\":[\"https:\/\/faravetrerie.it\/en\/shop-en\/wine-glasses\/calice-meravigliosi-tocai\/\"]}]},{\"@type\":\"ImageObject\",\"inLanguage\":\"en-US\",\"@id\":\"https:\/\/faravetrerie.it\/en\/shop-en\/wine-glasses\/calice-meravigliosi-tocai\/#primaryimage\",\"url\":\"https:\/\/faravetrerie.it\/wp-content\/uploads\/2025\/12\/BLMER500_01-3.jpg\",\"contentUrl\":\"https:\/\/faravetrerie.it\/wp-content\/uploads\/2025\/12\/BLMER500_01-3.jpg\",\"width\":1196,\"height\":1424,\"caption\":\"Calice Meravigliosi Tocai\"},{\"@type\":\"BreadcrumbList\",\"@id\":\"https:\/\/faravetrerie.it\/en\/shop-en\/wine-glasses\/calice-meravigliosi-tocai\/#breadcrumb\",\"itemListElement\":[{\"@type\":\"ListItem\",\"position\":1,\"name\":\"Home\",\"item\":\"https:\/\/faravetrerie.it\/en\/\"},{\"@type\":\"ListItem\",\"position\":2,\"name\":\"Shop\",\"item\":\"https:\/\/faravetrerie.it\/en\/shop-en\/\"},{\"@type\":\"ListItem\",\"position\":3,\"name\":\"CALICE MERAVIGLIOSI TOCAI\"}]},{\"@type\":\"WebSite\",\"@id\":\"https:\/\/faravetrerie.it\/en\/#website\",\"url\":\"https:\/\/faravetrerie.it\/en\/\",\"name\":\"Fara Vetrerie e Cristallerie\",\"description\":\"\",\"publisher\":{\"@id\":\"https:\/\/faravetrerie.it\/en\/#organization\"},\"potentialAction\":[{\"@type\":\"SearchAction\",\"target\":{\"@type\":\"EntryPoint\",\"urlTemplate\":\"https:\/\/faravetrerie.it\/en\/?s={search_term_string}\"},\"query-input\":{\"@type\":\"PropertyValueSpecification\",\"valueRequired\":true,\"valueName\":\"search_term_string\"}}],\"inLanguage\":\"en-US\"},{\"@type\":\"Organization\",\"@id\":\"https:\/\/faravetrerie.it\/en\/#organization\",\"name\":\"Fara Vetrerie e Cristallerie\",\"url\":\"https:\/\/faravetrerie.it\/en\/\",\"logo\":{\"@type\":\"ImageObject\",\"inLanguage\":\"en-US\",\"@id\":\"https:\/\/faravetrerie.it\/en\/#\/schema\/logo\/image\/\",\"url\":\"https:\/\/faravetrerie.it\/wp-content\/uploads\/2025\/12\/logo-fara-bianco.png\",\"contentUrl\":\"https:\/\/faravetrerie.it\/wp-content\/uploads\/2025\/12\/logo-fara-bianco.png\",\"width\":2038,\"height\":2942,\"caption\":\"Fara Vetrerie e Cristallerie\"},\"image\":{\"@id\":\"https:\/\/faravetrerie.it\/en\/#\/schema\/logo\/image\/\"}}]}<\/script>\n<!-- \/ Yoast SEO plugin. -->","yoast_head_json":{"title":"CALICE MERAVIGLIOSI TOCAI - Fara Vetrerie e Cristallerie","description":"calice meravigliosi tocai dalla perfetta armonia tra forma e leggerezza del vetro sonoro superiore. Un design dal gusto contemporaneo di grande eleganza","robots":{"index":"index","follow":"follow","max-snippet":"max-snippet:-1","max-image-preview":"max-image-preview:large","max-video-preview":"max-video-preview:-1"},"canonical":"https:\/\/faravetrerie.it\/en\/shop-en\/wine-glasses\/calice-meravigliosi-tocai\/","og_locale":"en_US","og_type":"article","og_title":"CALICE MERAVIGLIOSI TOCAI - Fara Vetrerie e Cristallerie","og_description":"calice meravigliosi tocai dalla perfetta armonia tra forma e leggerezza del vetro sonoro superiore. Un design dal gusto contemporaneo di grande eleganza","og_url":"https:\/\/faravetrerie.it\/en\/shop-en\/wine-glasses\/calice-meravigliosi-tocai\/","og_site_name":"Fara Vetrerie e Cristallerie","article_modified_time":"2026-01-26T09:50:25+00:00","og_image":[{"width":1196,"height":1424,"url":"https:\/\/faravetrerie.it\/wp-content\/uploads\/2025\/12\/BLMER500_01-3.jpg","type":"image\/jpeg"}],"twitter_card":"summary_large_image","twitter_misc":{"Est. reading time":"2 minutes"},"schema":{"@context":"https:\/\/schema.org","@graph":[{"@type":"WebPage","@id":"https:\/\/faravetrerie.it\/en\/shop-en\/wine-glasses\/calice-meravigliosi-tocai\/","url":"https:\/\/faravetrerie.it\/en\/shop-en\/wine-glasses\/calice-meravigliosi-tocai\/","name":"CALICE MERAVIGLIOSI TOCAI - Fara Vetrerie e Cristallerie","isPartOf":{"@id":"https:\/\/faravetrerie.it\/en\/#website"},"primaryImageOfPage":{"@id":"https:\/\/faravetrerie.it\/en\/shop-en\/wine-glasses\/calice-meravigliosi-tocai\/#primaryimage"},"image":{"@id":"https:\/\/faravetrerie.it\/en\/shop-en\/wine-glasses\/calice-meravigliosi-tocai\/#primaryimage"},"thumbnailUrl":"https:\/\/faravetrerie.it\/wp-content\/uploads\/2025\/12\/BLMER500_01-3.jpg","datePublished":"2025-12-23T15:43:53+00:00","dateModified":"2026-01-26T09:50:25+00:00","description":"calice meravigliosi tocai dalla perfetta armonia tra forma e leggerezza del vetro sonoro superiore. Un design dal gusto contemporaneo di grande eleganza","breadcrumb":{"@id":"https:\/\/faravetrerie.it\/en\/shop-en\/wine-glasses\/calice-meravigliosi-tocai\/#breadcrumb"},"inLanguage":"en-US","potentialAction":[{"@type":"ReadAction","target":["https:\/\/faravetrerie.it\/en\/shop-en\/wine-glasses\/calice-meravigliosi-tocai\/"]}]},{"@type":"ImageObject","inLanguage":"en-US","@id":"https:\/\/faravetrerie.it\/en\/shop-en\/wine-glasses\/calice-meravigliosi-tocai\/#primaryimage","url":"https:\/\/faravetrerie.it\/wp-content\/uploads\/2025\/12\/BLMER500_01-3.jpg","contentUrl":"https:\/\/faravetrerie.it\/wp-content\/uploads\/2025\/12\/BLMER500_01-3.jpg","width":1196,"height":1424,"caption":"Calice Meravigliosi Tocai"},{"@type":"BreadcrumbList","@id":"https:\/\/faravetrerie.it\/en\/shop-en\/wine-glasses\/calice-meravigliosi-tocai\/#breadcrumb","itemListElement":[{"@type":"ListItem","position":1,"name":"Home","item":"https:\/\/faravetrerie.it\/en\/"},{"@type":"ListItem","position":2,"name":"Shop","item":"https:\/\/faravetrerie.it\/en\/shop-en\/"},{"@type":"ListItem","position":3,"name":"CALICE MERAVIGLIOSI TOCAI"}]},{"@type":"WebSite","@id":"https:\/\/faravetrerie.it\/en\/#website","url":"https:\/\/faravetrerie.it\/en\/","name":"Fara Vetrerie e Cristallerie","description":"","publisher":{"@id":"https:\/\/faravetrerie.it\/en\/#organization"},"potentialAction":[{"@type":"SearchAction","target":{"@type":"EntryPoint","urlTemplate":"https:\/\/faravetrerie.it\/en\/?s={search_term_string}"},"query-input":{"@type":"PropertyValueSpecification","valueRequired":true,"valueName":"search_term_string"}}],"inLanguage":"en-US"},{"@type":"Organization","@id":"https:\/\/faravetrerie.it\/en\/#organization","name":"Fara Vetrerie e Cristallerie","url":"https:\/\/faravetrerie.it\/en\/","logo":{"@type":"ImageObject","inLanguage":"en-US","@id":"https:\/\/faravetrerie.it\/en\/#\/schema\/logo\/image\/","url":"https:\/\/faravetrerie.it\/wp-content\/uploads\/2025\/12\/logo-fara-bianco.png","contentUrl":"https:\/\/faravetrerie.it\/wp-content\/uploads\/2025\/12\/logo-fara-bianco.png","width":2038,"height":2942,"caption":"Fara Vetrerie e Cristallerie"},"image":{"@id":"https:\/\/faravetrerie.it\/en\/#\/schema\/logo\/image\/"}}]}},"_links":{"self":[{"href":"https:\/\/faravetrerie.it\/en\/wp-json\/wp\/v2\/product\/25887","targetHints":{"allow":["GET"]}}],"collection":[{"href":"https:\/\/faravetrerie.it\/en\/wp-json\/wp\/v2\/product"}],"about":[{"href":"https:\/\/faravetrerie.it\/en\/wp-json\/wp\/v2\/types\/product"}],"wp:featuredmedia":[{"embeddable":true,"href":"https:\/\/faravetrerie.it\/en\/wp-json\/wp\/v2\/media\/24003"}],"wp:attachment":[{"href":"https:\/\/faravetrerie.it\/en\/wp-json\/wp\/v2\/media?parent=25887"}],"wp:term":[{"taxonomy":"product_brand","embeddable":true,"href":"https:\/\/faravetrerie.it\/en\/wp-json\/wp\/v2\/product_brand?post=25887"},{"taxonomy":"product_cat","embeddable":true,"href":"https:\/\/faravetrerie.it\/en\/wp-json\/wp\/v2\/product_cat?post=25887"},{"taxonomy":"product_tag","embeddable":true,"href":"https:\/\/faravetrerie.it\/en\/wp-json\/wp\/v2\/product_tag?post=25887"}],"curies":[{"name":"wp","href":"https:\/\/api.w.org\/{rel}","templated":true}]}}