{"id":25888,"date":"2025-12-23T16:43:53","date_gmt":"2025-12-23T15:43:53","guid":{"rendered":"https:\/\/sviluppo.faravetrerie.it\/blog\/?post_type=product&#038;p=25888"},"modified":"2026-01-26T10:52:55","modified_gmt":"2026-01-26T09:52:55","slug":"bicchiere-stemless","status":"publish","type":"product","link":"https:\/\/faravetrerie.it\/en\/shop-en\/water-en\/water-glasses\/bicchiere-stemless\/","title":{"rendered":"BICCHIERE STEMLESS"},"content":{"rendered":"<article class=\"group\/turn w-full text-token-text-primary focus-visible:outline-2 focus-visible:outline-offset-[-4px]\" dir=\"auto\" data-testid=\"conversation-turn-4\" data-scroll-anchor=\"true\">\n<div class=\"text-base my-auto mx-auto py-[18px] px-6\">\n<div class=\"mx-auto flex flex-1 text-base gap-4 md:gap-5 lg:gap-6 md:max-w-3xl\">\n<div class=\"group\/conversation-turn relative flex w-full min-w-0 flex-col agent-turn @xs\/thread:px-0 @sm\/thread:px-1.5 @md\/thread:px-4\">\n<div class=\"flex-col gap-1 md:gap-3\">\n<div class=\"flex max-w-full flex-col flex-grow\">\n<div class=\"min-h-8 text-message relative flex w-full flex-col items-end gap-2 whitespace-normal break-words text-start [.text-message+&amp;]:mt-5\" dir=\"auto\" data-message-author-role=\"assistant\" data-message-id=\"61b067c5-ebef-4ead-9267-97fbe67626bb\" data-message-model-slug=\"gpt-4o-mini\">\n<div class=\"flex w-full flex-col gap-1 empty:hidden first:pt-[3px]\">\n<div class=\"markdown prose w-full break-words dark:prose-invert light\">\n<h4 data-start=\"0\" data-end=\"83\"><strong data-start=\"0\" data-end=\"83\">Bicchiere Stemless in Vetro Sonoro: Eleganza e Raffinatezza senza Tempo<\/strong><\/h4>\n<p data-start=\"0\" data-end=\"83\">Il bicchiere stemless in vetro sonoro \u00e8 l&#8217;emblema della raffinatezza e dell&#8217;eleganza. Caratterizzato da una forma senza piede, che ne esalta la modernit\u00e0, questo bicchiere \u00e8 perfetto per chi cerca uno stile sofisticato, ma al contempo discreto. La sua linea morbida e armoniosa lo rende adatto a qualsiasi ambiente, dalle occasioni informali ai momenti pi\u00f9 esclusivi. La trasparenza del vetro sonoro, con la sua finitura lucida e cristallina, aggiunge un tocco di lusso a ogni tavola.<\/p>\n<h5 data-start=\"622\" data-end=\"1087\">Un Bicchiere Ideale per l&#8217;Acqua<\/h5>\n<p data-start=\"622\" data-end=\"1087\"><br data-start=\"672\" data-end=\"675\" \/>Questo bicchiere \u00e8 pensato per un servizio dell&#8217;acqua elegante e senza tempo. Il vetro sonoro \u00e8 perfetto per esaltare la limpidezza e la purezza dell\u2019acqua, rendendo ogni sorso un&#8217;esperienza sensoriale unica. La forma stemless (senza piede) lo rende stabile e facile da maneggiare, mentre la sua qualit\u00e0 sonora d\u00e0 un tocco speciale all&#8217;atmosfera, con ogni movimento del bicchiere che emette un suono cristallino.<\/p>\n<h5 data-start=\"1089\" data-end=\"1515\">Un Accessorio Versatile per Ogni Occasione<\/h5>\n<p data-start=\"1089\" data-end=\"1515\"><br data-start=\"1150\" data-end=\"1153\" \/>Non si tratta solo di un bicchiere per l\u2019acqua, ma di un vero e proprio accessorio versatile. Perfetto per ristoranti di alta classe, cene eleganti o semplicemente per aggiungere un tocco di lusso alla tua tavola di tutti i giorni. La sua eleganza lo rende adatto anche come idea regalo di classe per occasioni speciali, come matrimoni, anniversari o compleanni.<\/p>\n<h5 data-start=\"1517\" data-end=\"1826\">\u00a0Qualit\u00e0 e Durabilit\u00e0<\/h5>\n<p data-start=\"1517\" data-end=\"1826\"><br data-start=\"1556\" data-end=\"1559\" \/>Realizzato con materiali di altissima qualit\u00e0, il bicchiere stemless in vetro sonoro \u00e8 resistente e durevole nel tempo, mantenendo intatta la sua bellezza e funzionalit\u00e0. Un acquisto che rimarr\u00e0 un pezzo intramontabile della tua collezione di accessori per la tavola.<\/p>\n<\/div>\n<\/div>\n<\/div>\n<\/div>\n<\/div>\n<\/div>\n<\/div>\n<\/div>\n<\/article>\n","protected":false},"excerpt":{"rendered":"<p>Il bicchiere acqua in vetro sonoro superiore dalla linea morbida ed elegante. Per un servizio dell&#8217;acqua di gusto classico e intramontabile<\/p>\n<p>cl. 45<\/p>\n<p>fl.oz. 15,84<\/p>\n<p>h. 99 mm.<\/p>\n<p>\u00d8 91 mm.<\/p>\n","protected":false},"featured_media":23590,"template":"","meta":{"inline_featured_image":false},"product_brand":[],"product_cat":[23,34],"product_tag":[],"class_list":{"0":"post-25888","1":"product","2":"type-product","3":"status-publish","4":"has-post-thumbnail","6":"product_cat-acqua","7":"product_cat-bicchieri-acqua","9":"first","10":"instock","11":"taxable","12":"shipping-taxable","13":"product-type-simple"},"yoast_head":"<!-- This site is optimized with the Yoast SEO plugin v26.6 - https:\/\/yoast.com\/wordpress\/plugins\/seo\/ -->\n<title>BICCHIERE STEMLESS - Fara Vetrerie e Cristallerie<\/title>\n<meta name=\"description\" content=\"Il bicchiere stemless in vetro sonoro superiore dalla linea morbida ed elegante. Per un servizio dell&#039;acqua di gusto classico e intramontabile\" \/>\n<meta name=\"robots\" content=\"index, follow, max-snippet:-1, max-image-preview:large, max-video-preview:-1\" \/>\n<link rel=\"canonical\" href=\"https:\/\/faravetrerie.it\/en\/shop-en\/water-en\/water-glasses\/bicchiere-stemless\/\" \/>\n<meta property=\"og:locale\" content=\"en_US\" \/>\n<meta property=\"og:type\" content=\"article\" \/>\n<meta property=\"og:title\" content=\"BICCHIERE STEMLESS - Fara Vetrerie e Cristallerie\" \/>\n<meta property=\"og:description\" content=\"Il bicchiere stemless in vetro sonoro superiore dalla linea morbida ed elegante. Per un servizio dell&#039;acqua di gusto classico e intramontabile\" \/>\n<meta property=\"og:url\" content=\"https:\/\/faravetrerie.it\/en\/shop-en\/water-en\/water-glasses\/bicchiere-stemless\/\" \/>\n<meta property=\"og:site_name\" content=\"Fara Vetrerie e Cristallerie\" \/>\n<meta property=\"article:modified_time\" content=\"2026-01-26T09:52:55+00:00\" \/>\n<meta property=\"og:image\" content=\"https:\/\/faravetrerie.it\/wp-content\/uploads\/2025\/12\/BLMER1054_01-3.jpg\" \/>\n\t<meta property=\"og:image:width\" content=\"1145\" \/>\n\t<meta property=\"og:image:height\" content=\"1146\" \/>\n\t<meta property=\"og:image:type\" content=\"image\/jpeg\" \/>\n<meta name=\"twitter:card\" content=\"summary_large_image\" \/>\n<meta name=\"twitter:label1\" content=\"Est. reading time\" \/>\n\t<meta name=\"twitter:data1\" content=\"2 minutes\" \/>\n<script type=\"application\/ld+json\" class=\"yoast-schema-graph\">{\"@context\":\"https:\/\/schema.org\",\"@graph\":[{\"@type\":\"WebPage\",\"@id\":\"https:\/\/faravetrerie.it\/en\/shop-en\/water-en\/water-glasses\/bicchiere-stemless\/\",\"url\":\"https:\/\/faravetrerie.it\/en\/shop-en\/water-en\/water-glasses\/bicchiere-stemless\/\",\"name\":\"BICCHIERE STEMLESS - Fara Vetrerie e Cristallerie\",\"isPartOf\":{\"@id\":\"https:\/\/faravetrerie.it\/en\/#website\"},\"primaryImageOfPage\":{\"@id\":\"https:\/\/faravetrerie.it\/en\/shop-en\/water-en\/water-glasses\/bicchiere-stemless\/#primaryimage\"},\"image\":{\"@id\":\"https:\/\/faravetrerie.it\/en\/shop-en\/water-en\/water-glasses\/bicchiere-stemless\/#primaryimage\"},\"thumbnailUrl\":\"https:\/\/faravetrerie.it\/wp-content\/uploads\/2025\/12\/BLMER1054_01-3.jpg\",\"datePublished\":\"2025-12-23T15:43:53+00:00\",\"dateModified\":\"2026-01-26T09:52:55+00:00\",\"description\":\"Il bicchiere stemless in vetro sonoro superiore dalla linea morbida ed elegante. Per un servizio dell'acqua di gusto classico e intramontabile\",\"breadcrumb\":{\"@id\":\"https:\/\/faravetrerie.it\/en\/shop-en\/water-en\/water-glasses\/bicchiere-stemless\/#breadcrumb\"},\"inLanguage\":\"en-US\",\"potentialAction\":[{\"@type\":\"ReadAction\",\"target\":[\"https:\/\/faravetrerie.it\/en\/shop-en\/water-en\/water-glasses\/bicchiere-stemless\/\"]}]},{\"@type\":\"ImageObject\",\"inLanguage\":\"en-US\",\"@id\":\"https:\/\/faravetrerie.it\/en\/shop-en\/water-en\/water-glasses\/bicchiere-stemless\/#primaryimage\",\"url\":\"https:\/\/faravetrerie.it\/wp-content\/uploads\/2025\/12\/BLMER1054_01-3.jpg\",\"contentUrl\":\"https:\/\/faravetrerie.it\/wp-content\/uploads\/2025\/12\/BLMER1054_01-3.jpg\",\"width\":1145,\"height\":1146,\"caption\":\"Bicchiere Stemless in Vetro Sonoro superiore\"},{\"@type\":\"BreadcrumbList\",\"@id\":\"https:\/\/faravetrerie.it\/en\/shop-en\/water-en\/water-glasses\/bicchiere-stemless\/#breadcrumb\",\"itemListElement\":[{\"@type\":\"ListItem\",\"position\":1,\"name\":\"Home\",\"item\":\"https:\/\/faravetrerie.it\/en\/\"},{\"@type\":\"ListItem\",\"position\":2,\"name\":\"Shop\",\"item\":\"https:\/\/faravetrerie.it\/en\/shop-en\/\"},{\"@type\":\"ListItem\",\"position\":3,\"name\":\"BICCHIERE STEMLESS\"}]},{\"@type\":\"WebSite\",\"@id\":\"https:\/\/faravetrerie.it\/en\/#website\",\"url\":\"https:\/\/faravetrerie.it\/en\/\",\"name\":\"Fara Vetrerie e Cristallerie\",\"description\":\"\",\"publisher\":{\"@id\":\"https:\/\/faravetrerie.it\/en\/#organization\"},\"potentialAction\":[{\"@type\":\"SearchAction\",\"target\":{\"@type\":\"EntryPoint\",\"urlTemplate\":\"https:\/\/faravetrerie.it\/en\/?s={search_term_string}\"},\"query-input\":{\"@type\":\"PropertyValueSpecification\",\"valueRequired\":true,\"valueName\":\"search_term_string\"}}],\"inLanguage\":\"en-US\"},{\"@type\":\"Organization\",\"@id\":\"https:\/\/faravetrerie.it\/en\/#organization\",\"name\":\"Fara Vetrerie e Cristallerie\",\"url\":\"https:\/\/faravetrerie.it\/en\/\",\"logo\":{\"@type\":\"ImageObject\",\"inLanguage\":\"en-US\",\"@id\":\"https:\/\/faravetrerie.it\/en\/#\/schema\/logo\/image\/\",\"url\":\"https:\/\/faravetrerie.it\/wp-content\/uploads\/2025\/12\/logo-fara-bianco.png\",\"contentUrl\":\"https:\/\/faravetrerie.it\/wp-content\/uploads\/2025\/12\/logo-fara-bianco.png\",\"width\":2038,\"height\":2942,\"caption\":\"Fara Vetrerie e Cristallerie\"},\"image\":{\"@id\":\"https:\/\/faravetrerie.it\/en\/#\/schema\/logo\/image\/\"}}]}<\/script>\n<!-- \/ Yoast SEO plugin. -->","yoast_head_json":{"title":"BICCHIERE STEMLESS - Fara Vetrerie e Cristallerie","description":"Il bicchiere stemless in vetro sonoro superiore dalla linea morbida ed elegante. Per un servizio dell'acqua di gusto classico e intramontabile","robots":{"index":"index","follow":"follow","max-snippet":"max-snippet:-1","max-image-preview":"max-image-preview:large","max-video-preview":"max-video-preview:-1"},"canonical":"https:\/\/faravetrerie.it\/en\/shop-en\/water-en\/water-glasses\/bicchiere-stemless\/","og_locale":"en_US","og_type":"article","og_title":"BICCHIERE STEMLESS - Fara Vetrerie e Cristallerie","og_description":"Il bicchiere stemless in vetro sonoro superiore dalla linea morbida ed elegante. Per un servizio dell'acqua di gusto classico e intramontabile","og_url":"https:\/\/faravetrerie.it\/en\/shop-en\/water-en\/water-glasses\/bicchiere-stemless\/","og_site_name":"Fara Vetrerie e Cristallerie","article_modified_time":"2026-01-26T09:52:55+00:00","og_image":[{"width":1145,"height":1146,"url":"https:\/\/faravetrerie.it\/wp-content\/uploads\/2025\/12\/BLMER1054_01-3.jpg","type":"image\/jpeg"}],"twitter_card":"summary_large_image","twitter_misc":{"Est. reading time":"2 minutes"},"schema":{"@context":"https:\/\/schema.org","@graph":[{"@type":"WebPage","@id":"https:\/\/faravetrerie.it\/en\/shop-en\/water-en\/water-glasses\/bicchiere-stemless\/","url":"https:\/\/faravetrerie.it\/en\/shop-en\/water-en\/water-glasses\/bicchiere-stemless\/","name":"BICCHIERE STEMLESS - Fara Vetrerie e Cristallerie","isPartOf":{"@id":"https:\/\/faravetrerie.it\/en\/#website"},"primaryImageOfPage":{"@id":"https:\/\/faravetrerie.it\/en\/shop-en\/water-en\/water-glasses\/bicchiere-stemless\/#primaryimage"},"image":{"@id":"https:\/\/faravetrerie.it\/en\/shop-en\/water-en\/water-glasses\/bicchiere-stemless\/#primaryimage"},"thumbnailUrl":"https:\/\/faravetrerie.it\/wp-content\/uploads\/2025\/12\/BLMER1054_01-3.jpg","datePublished":"2025-12-23T15:43:53+00:00","dateModified":"2026-01-26T09:52:55+00:00","description":"Il bicchiere stemless in vetro sonoro superiore dalla linea morbida ed elegante. Per un servizio dell'acqua di gusto classico e intramontabile","breadcrumb":{"@id":"https:\/\/faravetrerie.it\/en\/shop-en\/water-en\/water-glasses\/bicchiere-stemless\/#breadcrumb"},"inLanguage":"en-US","potentialAction":[{"@type":"ReadAction","target":["https:\/\/faravetrerie.it\/en\/shop-en\/water-en\/water-glasses\/bicchiere-stemless\/"]}]},{"@type":"ImageObject","inLanguage":"en-US","@id":"https:\/\/faravetrerie.it\/en\/shop-en\/water-en\/water-glasses\/bicchiere-stemless\/#primaryimage","url":"https:\/\/faravetrerie.it\/wp-content\/uploads\/2025\/12\/BLMER1054_01-3.jpg","contentUrl":"https:\/\/faravetrerie.it\/wp-content\/uploads\/2025\/12\/BLMER1054_01-3.jpg","width":1145,"height":1146,"caption":"Bicchiere Stemless in Vetro Sonoro superiore"},{"@type":"BreadcrumbList","@id":"https:\/\/faravetrerie.it\/en\/shop-en\/water-en\/water-glasses\/bicchiere-stemless\/#breadcrumb","itemListElement":[{"@type":"ListItem","position":1,"name":"Home","item":"https:\/\/faravetrerie.it\/en\/"},{"@type":"ListItem","position":2,"name":"Shop","item":"https:\/\/faravetrerie.it\/en\/shop-en\/"},{"@type":"ListItem","position":3,"name":"BICCHIERE STEMLESS"}]},{"@type":"WebSite","@id":"https:\/\/faravetrerie.it\/en\/#website","url":"https:\/\/faravetrerie.it\/en\/","name":"Fara Vetrerie e Cristallerie","description":"","publisher":{"@id":"https:\/\/faravetrerie.it\/en\/#organization"},"potentialAction":[{"@type":"SearchAction","target":{"@type":"EntryPoint","urlTemplate":"https:\/\/faravetrerie.it\/en\/?s={search_term_string}"},"query-input":{"@type":"PropertyValueSpecification","valueRequired":true,"valueName":"search_term_string"}}],"inLanguage":"en-US"},{"@type":"Organization","@id":"https:\/\/faravetrerie.it\/en\/#organization","name":"Fara Vetrerie e Cristallerie","url":"https:\/\/faravetrerie.it\/en\/","logo":{"@type":"ImageObject","inLanguage":"en-US","@id":"https:\/\/faravetrerie.it\/en\/#\/schema\/logo\/image\/","url":"https:\/\/faravetrerie.it\/wp-content\/uploads\/2025\/12\/logo-fara-bianco.png","contentUrl":"https:\/\/faravetrerie.it\/wp-content\/uploads\/2025\/12\/logo-fara-bianco.png","width":2038,"height":2942,"caption":"Fara Vetrerie e Cristallerie"},"image":{"@id":"https:\/\/faravetrerie.it\/en\/#\/schema\/logo\/image\/"}}]}},"_links":{"self":[{"href":"https:\/\/faravetrerie.it\/en\/wp-json\/wp\/v2\/product\/25888","targetHints":{"allow":["GET"]}}],"collection":[{"href":"https:\/\/faravetrerie.it\/en\/wp-json\/wp\/v2\/product"}],"about":[{"href":"https:\/\/faravetrerie.it\/en\/wp-json\/wp\/v2\/types\/product"}],"wp:featuredmedia":[{"embeddable":true,"href":"https:\/\/faravetrerie.it\/en\/wp-json\/wp\/v2\/media\/23590"}],"wp:attachment":[{"href":"https:\/\/faravetrerie.it\/en\/wp-json\/wp\/v2\/media?parent=25888"}],"wp:term":[{"taxonomy":"product_brand","embeddable":true,"href":"https:\/\/faravetrerie.it\/en\/wp-json\/wp\/v2\/product_brand?post=25888"},{"taxonomy":"product_cat","embeddable":true,"href":"https:\/\/faravetrerie.it\/en\/wp-json\/wp\/v2\/product_cat?post=25888"},{"taxonomy":"product_tag","embeddable":true,"href":"https:\/\/faravetrerie.it\/en\/wp-json\/wp\/v2\/product_tag?post=25888"}],"curies":[{"name":"wp","href":"https:\/\/api.w.org\/{rel}","templated":true}]}}