{"id":26972,"date":"2025-12-23T16:45:59","date_gmt":"2025-12-23T15:45:59","guid":{"rendered":"https:\/\/sviluppo.faravetrerie.it\/blog\/?post_type=product&#038;p=26972"},"modified":"2026-01-02T13:22:07","modified_gmt":"2026-01-02T12:22:07","slug":"catalan-cream-cup","status":"publish","type":"product","link":"https:\/\/faravetrerie.it\/en\/shop-en\/table\/plates-and-trays-for-the-table\/catalan-cream-cup\/","title":{"rendered":"CATALAN CREAM CUP"},"content":{"rendered":"<article class=\"w-full text-token-text-primary focus-visible:outline-2 focus-visible:outline-offset-[-4px]\" dir=\"auto\" data-testid=\"conversation-turn-31\" data-scroll-anchor=\"true\">\n<div class=\"m-auto text-base py-[18px] px-6\">\n<div class=\"mx-auto flex flex-1 text-base gap-4 md:gap-5 lg:gap-6 md:max-w-3xl\">\n<div class=\"group\/conversation-turn relative flex w-full min-w-0 flex-col agent-turn @xs\/thread:px-0 @sm\/thread:px-1.5 @md\/thread:px-4\">\n<div class=\"flex-col gap-1 md:gap-3\">\n<div class=\"flex max-w-full flex-col flex-grow\">\n<div class=\"min-h-8 text-message relative flex w-full flex-col items-end gap-2 whitespace-normal break-words text-start [.text-message+&amp;]:mt-5\" dir=\"auto\" data-message-author-role=\"assistant\" data-message-id=\"7cedf154-69ac-4daa-b7f8-f594cff507a8\" data-message-model-slug=\"gpt-4o-mini\">\n<div class=\"flex w-full flex-col gap-1 empty:hidden first:pt-[3px]\">\n<div class=\"markdown prose w-full break-words dark:prose-invert light\">\n<h4 data-start=\"0\" data-end=\"85\"><strong data-start=\"0\" data-end=\"85\">Catalan Cream Cup in Porcelain: Elegance and Functionality for Perfect Desserts<\/strong><\/h4>\n<p data-start=\"87\" data-end=\"533\">The porcelain cup for Catalan cream is the perfect accessory for preparing spoon desserts such as Catalan cream, cr\u00e8me br\u00fbl\u00e9e, and other baked or chilled treats. Made from durable porcelain, this cup ensures even cooking, preserving the quality and delicacy of each preparation. With its refined and practical design, it is ideal for those who enjoy making desserts with style, both at home and in professional settings.  <\/p>\n<h5 data-start=\"535\" data-end=\"836\"><strong data-start=\"535\" data-end=\"564\">High-quality material:<\/strong><\/h5>\n<p data-start=\"535\" data-end=\"836\">The high-quality porcelain of this cup allows for even heat distribution, essential for perfect baking of creams and oven-baked desserts. Its sturdiness also ensures long-lasting durability, maintaining its flawless appearance over time. <\/p>\n<h5 data-start=\"838\" data-end=\"1166\"><strong data-start=\"838\" data-end=\"853\">Versatility:<\/strong><\/h5>\n<p data-start=\"838\" data-end=\"1166\">This cup is ideal for preparing a variety of desserts, including baked creams like Catalan cream and cr\u00e8me br\u00fbl\u00e9e, as well as fresh spoon desserts like mousse and puddings. Its versatility makes it suitable for different preparations, making it an essential accessory for those who love pastry. <\/p>\n<h5 data-start=\"1168\" data-end=\"1458\"><strong data-start=\"1168\" data-end=\"1188\">Easy to clean:<\/strong><\/h5>\n<p data-start=\"1168\" data-end=\"1458\">The smooth surface of the porcelain cup makes maintenance simple and quick. It is dishwasher-safe, minimizing the effort required for cleaning, a key feature in both professional work environments and home kitchens. <\/p>\n<h5 data-start=\"1460\" data-end=\"1755\"><strong data-start=\"1460\" data-end=\"1479\">Elegant design:<\/strong><\/h5>\n<p data-start=\"1460\" data-end=\"1755\">The elegant design with embossed lines not only gives the cup a refined appearance but also enhances the presentation of your dishes. Perfect for special events, elegant dinners, or simply for an everyday dessert, it adds a touch of class to the table. <\/p>\n<p data-start=\"1757\" data-end=\"2014\" data-is-last-node=\"\" data-is-only-node=\"\">Perfect for those who love to prepare baked or chilled desserts with both practicality and elegance, the porcelain cup for Catalan cream is an essential accessory. Add it to your collection to achieve flawless results and a refined presentation every time. <\/p>\n<\/div>\n<\/div>\n<\/div>\n<\/div>\n<\/div>\n<\/div>\n<\/div>\n<\/div>\n<\/article>\n","protected":false},"excerpt":{"rendered":"<p>The porcelain baking cup is perfect for preparing cooked creams such as crema catalana and cr\u00e8me br\u00fbl\u00e9e, as well as fresh spoon desserts. Made of durable porcelain, this cup ensures even baking and long life. <\/p>\n<p>h. 200 mm. 30 mm.<\/p>\n<p>\u00d8 120 mm.<\/p>\n","protected":false},"featured_media":27641,"template":"","meta":{"inline_featured_image":false},"product_brand":[],"product_cat":[105,107],"product_tag":[1176],"class_list":{"0":"post-26972","1":"product","2":"type-product","3":"status-publish","4":"has-post-thumbnail","6":"product_cat-table","7":"product_cat-plates-and-trays-for-the-table","8":"product_tag-catalan-cream-cup","10":"first","11":"instock","12":"taxable","13":"shipping-taxable","14":"product-type-simple"},"yoast_head":"<!-- This site is optimized with the Yoast SEO plugin v26.6 - https:\/\/yoast.com\/wordpress\/plugins\/seo\/ -->\n<title>CATALAN CREAM CUP - Fara Vetrerie e Cristallerie<\/title>\n<meta name=\"description\" content=\"The porcelain baking cup ideal for preparing cooked creams such as crema catalana and creme brule\u00e8, as well as fresh spoon desserts\" \/>\n<meta name=\"robots\" content=\"index, follow, max-snippet:-1, max-image-preview:large, max-video-preview:-1\" \/>\n<link rel=\"canonical\" href=\"https:\/\/faravetrerie.it\/en\/shop-en\/table\/plates-and-trays-for-the-table\/catalan-cream-cup\/\" \/>\n<meta property=\"og:locale\" content=\"en_US\" \/>\n<meta property=\"og:type\" content=\"article\" \/>\n<meta property=\"og:title\" content=\"CATALAN CREAM CUP - Fara Vetrerie e Cristallerie\" \/>\n<meta property=\"og:description\" content=\"The porcelain baking cup ideal for preparing cooked creams such as crema catalana and creme brule\u00e8, as well as fresh spoon desserts\" \/>\n<meta property=\"og:url\" content=\"https:\/\/faravetrerie.it\/en\/shop-en\/table\/plates-and-trays-for-the-table\/catalan-cream-cup\/\" \/>\n<meta property=\"og:site_name\" content=\"Fara Vetrerie e Cristallerie\" \/>\n<meta property=\"article:modified_time\" content=\"2026-01-02T12:22:07+00:00\" \/>\n<meta property=\"og:image\" content=\"https:\/\/faravetrerie.it\/wp-content\/uploads\/2025\/12\/TTCOP616_01-scaled-4.jpg\" \/>\n\t<meta property=\"og:image:width\" content=\"2560\" \/>\n\t<meta property=\"og:image:height\" content=\"2560\" \/>\n\t<meta property=\"og:image:type\" content=\"image\/jpeg\" \/>\n<meta name=\"twitter:card\" content=\"summary_large_image\" \/>\n<meta name=\"twitter:label1\" content=\"Est. reading time\" \/>\n\t<meta name=\"twitter:data1\" content=\"1 minute\" \/>\n<script type=\"application\/ld+json\" class=\"yoast-schema-graph\">{\"@context\":\"https:\/\/schema.org\",\"@graph\":[{\"@type\":\"WebPage\",\"@id\":\"https:\/\/faravetrerie.it\/en\/shop-en\/table\/plates-and-trays-for-the-table\/catalan-cream-cup\/\",\"url\":\"https:\/\/faravetrerie.it\/en\/shop-en\/table\/plates-and-trays-for-the-table\/catalan-cream-cup\/\",\"name\":\"CATALAN CREAM CUP - Fara Vetrerie e Cristallerie\",\"isPartOf\":{\"@id\":\"https:\/\/faravetrerie.it\/en\/#website\"},\"primaryImageOfPage\":{\"@id\":\"https:\/\/faravetrerie.it\/en\/shop-en\/table\/plates-and-trays-for-the-table\/catalan-cream-cup\/#primaryimage\"},\"image\":{\"@id\":\"https:\/\/faravetrerie.it\/en\/shop-en\/table\/plates-and-trays-for-the-table\/catalan-cream-cup\/#primaryimage\"},\"thumbnailUrl\":\"https:\/\/faravetrerie.it\/wp-content\/uploads\/2025\/12\/TTCOP616_01-scaled-4.jpg\",\"datePublished\":\"2025-12-23T15:45:59+00:00\",\"dateModified\":\"2026-01-02T12:22:07+00:00\",\"description\":\"The porcelain baking cup ideal for preparing cooked creams such as crema catalana and creme brule\u00e8, as well as fresh spoon desserts\",\"breadcrumb\":{\"@id\":\"https:\/\/faravetrerie.it\/en\/shop-en\/table\/plates-and-trays-for-the-table\/catalan-cream-cup\/#breadcrumb\"},\"inLanguage\":\"en-US\",\"potentialAction\":[{\"@type\":\"ReadAction\",\"target\":[\"https:\/\/faravetrerie.it\/en\/shop-en\/table\/plates-and-trays-for-the-table\/catalan-cream-cup\/\"]}]},{\"@type\":\"ImageObject\",\"inLanguage\":\"en-US\",\"@id\":\"https:\/\/faravetrerie.it\/en\/shop-en\/table\/plates-and-trays-for-the-table\/catalan-cream-cup\/#primaryimage\",\"url\":\"https:\/\/faravetrerie.it\/wp-content\/uploads\/2025\/12\/TTCOP616_01-scaled-4.jpg\",\"contentUrl\":\"https:\/\/faravetrerie.it\/wp-content\/uploads\/2025\/12\/TTCOP616_01-scaled-4.jpg\",\"width\":2560,\"height\":2560,\"caption\":\"Coppetta Crema Catalana in Porcellana\"},{\"@type\":\"BreadcrumbList\",\"@id\":\"https:\/\/faravetrerie.it\/en\/shop-en\/table\/plates-and-trays-for-the-table\/catalan-cream-cup\/#breadcrumb\",\"itemListElement\":[{\"@type\":\"ListItem\",\"position\":1,\"name\":\"Home\",\"item\":\"https:\/\/faravetrerie.it\/en\/\"},{\"@type\":\"ListItem\",\"position\":2,\"name\":\"Shop\",\"item\":\"https:\/\/faravetrerie.it\/en\/shop-en\/\"},{\"@type\":\"ListItem\",\"position\":3,\"name\":\"CATALAN CREAM CUP\"}]},{\"@type\":\"WebSite\",\"@id\":\"https:\/\/faravetrerie.it\/en\/#website\",\"url\":\"https:\/\/faravetrerie.it\/en\/\",\"name\":\"Fara Vetrerie e Cristallerie\",\"description\":\"\",\"publisher\":{\"@id\":\"https:\/\/faravetrerie.it\/en\/#organization\"},\"potentialAction\":[{\"@type\":\"SearchAction\",\"target\":{\"@type\":\"EntryPoint\",\"urlTemplate\":\"https:\/\/faravetrerie.it\/en\/?s={search_term_string}\"},\"query-input\":{\"@type\":\"PropertyValueSpecification\",\"valueRequired\":true,\"valueName\":\"search_term_string\"}}],\"inLanguage\":\"en-US\"},{\"@type\":\"Organization\",\"@id\":\"https:\/\/faravetrerie.it\/en\/#organization\",\"name\":\"Fara Vetrerie e Cristallerie\",\"url\":\"https:\/\/faravetrerie.it\/en\/\",\"logo\":{\"@type\":\"ImageObject\",\"inLanguage\":\"en-US\",\"@id\":\"https:\/\/faravetrerie.it\/en\/#\/schema\/logo\/image\/\",\"url\":\"https:\/\/faravetrerie.it\/wp-content\/uploads\/2025\/12\/logo-fara-bianco.png\",\"contentUrl\":\"https:\/\/faravetrerie.it\/wp-content\/uploads\/2025\/12\/logo-fara-bianco.png\",\"width\":2038,\"height\":2942,\"caption\":\"Fara Vetrerie e Cristallerie\"},\"image\":{\"@id\":\"https:\/\/faravetrerie.it\/en\/#\/schema\/logo\/image\/\"}}]}<\/script>\n<!-- \/ Yoast SEO plugin. -->","yoast_head_json":{"title":"CATALAN CREAM CUP - Fara Vetrerie e Cristallerie","description":"The porcelain baking cup ideal for preparing cooked creams such as crema catalana and creme brule\u00e8, as well as fresh spoon desserts","robots":{"index":"index","follow":"follow","max-snippet":"max-snippet:-1","max-image-preview":"max-image-preview:large","max-video-preview":"max-video-preview:-1"},"canonical":"https:\/\/faravetrerie.it\/en\/shop-en\/table\/plates-and-trays-for-the-table\/catalan-cream-cup\/","og_locale":"en_US","og_type":"article","og_title":"CATALAN CREAM CUP - Fara Vetrerie e Cristallerie","og_description":"The porcelain baking cup ideal for preparing cooked creams such as crema catalana and creme brule\u00e8, as well as fresh spoon desserts","og_url":"https:\/\/faravetrerie.it\/en\/shop-en\/table\/plates-and-trays-for-the-table\/catalan-cream-cup\/","og_site_name":"Fara Vetrerie e Cristallerie","article_modified_time":"2026-01-02T12:22:07+00:00","og_image":[{"width":2560,"height":2560,"url":"https:\/\/faravetrerie.it\/wp-content\/uploads\/2025\/12\/TTCOP616_01-scaled-4.jpg","type":"image\/jpeg"}],"twitter_card":"summary_large_image","twitter_misc":{"Est. reading time":"1 minute"},"schema":{"@context":"https:\/\/schema.org","@graph":[{"@type":"WebPage","@id":"https:\/\/faravetrerie.it\/en\/shop-en\/table\/plates-and-trays-for-the-table\/catalan-cream-cup\/","url":"https:\/\/faravetrerie.it\/en\/shop-en\/table\/plates-and-trays-for-the-table\/catalan-cream-cup\/","name":"CATALAN CREAM CUP - Fara Vetrerie e Cristallerie","isPartOf":{"@id":"https:\/\/faravetrerie.it\/en\/#website"},"primaryImageOfPage":{"@id":"https:\/\/faravetrerie.it\/en\/shop-en\/table\/plates-and-trays-for-the-table\/catalan-cream-cup\/#primaryimage"},"image":{"@id":"https:\/\/faravetrerie.it\/en\/shop-en\/table\/plates-and-trays-for-the-table\/catalan-cream-cup\/#primaryimage"},"thumbnailUrl":"https:\/\/faravetrerie.it\/wp-content\/uploads\/2025\/12\/TTCOP616_01-scaled-4.jpg","datePublished":"2025-12-23T15:45:59+00:00","dateModified":"2026-01-02T12:22:07+00:00","description":"The porcelain baking cup ideal for preparing cooked creams such as crema catalana and creme brule\u00e8, as well as fresh spoon desserts","breadcrumb":{"@id":"https:\/\/faravetrerie.it\/en\/shop-en\/table\/plates-and-trays-for-the-table\/catalan-cream-cup\/#breadcrumb"},"inLanguage":"en-US","potentialAction":[{"@type":"ReadAction","target":["https:\/\/faravetrerie.it\/en\/shop-en\/table\/plates-and-trays-for-the-table\/catalan-cream-cup\/"]}]},{"@type":"ImageObject","inLanguage":"en-US","@id":"https:\/\/faravetrerie.it\/en\/shop-en\/table\/plates-and-trays-for-the-table\/catalan-cream-cup\/#primaryimage","url":"https:\/\/faravetrerie.it\/wp-content\/uploads\/2025\/12\/TTCOP616_01-scaled-4.jpg","contentUrl":"https:\/\/faravetrerie.it\/wp-content\/uploads\/2025\/12\/TTCOP616_01-scaled-4.jpg","width":2560,"height":2560,"caption":"Coppetta Crema Catalana in Porcellana"},{"@type":"BreadcrumbList","@id":"https:\/\/faravetrerie.it\/en\/shop-en\/table\/plates-and-trays-for-the-table\/catalan-cream-cup\/#breadcrumb","itemListElement":[{"@type":"ListItem","position":1,"name":"Home","item":"https:\/\/faravetrerie.it\/en\/"},{"@type":"ListItem","position":2,"name":"Shop","item":"https:\/\/faravetrerie.it\/en\/shop-en\/"},{"@type":"ListItem","position":3,"name":"CATALAN CREAM CUP"}]},{"@type":"WebSite","@id":"https:\/\/faravetrerie.it\/en\/#website","url":"https:\/\/faravetrerie.it\/en\/","name":"Fara Vetrerie e Cristallerie","description":"","publisher":{"@id":"https:\/\/faravetrerie.it\/en\/#organization"},"potentialAction":[{"@type":"SearchAction","target":{"@type":"EntryPoint","urlTemplate":"https:\/\/faravetrerie.it\/en\/?s={search_term_string}"},"query-input":{"@type":"PropertyValueSpecification","valueRequired":true,"valueName":"search_term_string"}}],"inLanguage":"en-US"},{"@type":"Organization","@id":"https:\/\/faravetrerie.it\/en\/#organization","name":"Fara Vetrerie e Cristallerie","url":"https:\/\/faravetrerie.it\/en\/","logo":{"@type":"ImageObject","inLanguage":"en-US","@id":"https:\/\/faravetrerie.it\/en\/#\/schema\/logo\/image\/","url":"https:\/\/faravetrerie.it\/wp-content\/uploads\/2025\/12\/logo-fara-bianco.png","contentUrl":"https:\/\/faravetrerie.it\/wp-content\/uploads\/2025\/12\/logo-fara-bianco.png","width":2038,"height":2942,"caption":"Fara Vetrerie e Cristallerie"},"image":{"@id":"https:\/\/faravetrerie.it\/en\/#\/schema\/logo\/image\/"}}]}},"_links":{"self":[{"href":"https:\/\/faravetrerie.it\/en\/wp-json\/wp\/v2\/product\/26972","targetHints":{"allow":["GET"]}}],"collection":[{"href":"https:\/\/faravetrerie.it\/en\/wp-json\/wp\/v2\/product"}],"about":[{"href":"https:\/\/faravetrerie.it\/en\/wp-json\/wp\/v2\/types\/product"}],"wp:featuredmedia":[{"embeddable":true,"href":"https:\/\/faravetrerie.it\/en\/wp-json\/wp\/v2\/media\/27641"}],"wp:attachment":[{"href":"https:\/\/faravetrerie.it\/en\/wp-json\/wp\/v2\/media?parent=26972"}],"wp:term":[{"taxonomy":"product_brand","embeddable":true,"href":"https:\/\/faravetrerie.it\/en\/wp-json\/wp\/v2\/product_brand?post=26972"},{"taxonomy":"product_cat","embeddable":true,"href":"https:\/\/faravetrerie.it\/en\/wp-json\/wp\/v2\/product_cat?post=26972"},{"taxonomy":"product_tag","embeddable":true,"href":"https:\/\/faravetrerie.it\/en\/wp-json\/wp\/v2\/product_tag?post=26972"}],"curies":[{"name":"wp","href":"https:\/\/api.w.org\/{rel}","templated":true}]}}