{"id":27017,"date":"2025-12-23T16:45:47","date_gmt":"2025-12-23T15:45:47","guid":{"rendered":"https:\/\/sviluppo.faravetrerie.it\/blog\/?post_type=product&#038;p=27017"},"modified":"2026-02-06T16:29:42","modified_gmt":"2026-02-06T15:29:42","slug":"milk-jug-vesuvium-9-cups","status":"publish","type":"product","link":"https:\/\/faravetrerie.it\/en\/shop-en\/coffee\/accessories-for-bar-and-coffee-service\/milk-jug-vesuvium-9-cups\/","title":{"rendered":"MILK JUG VESUVIUS 9 CUPS"},"content":{"rendered":"<article class=\"w-full text-token-text-primary focus-visible:outline-2 focus-visible:outline-offset-[-4px]\" dir=\"auto\" data-testid=\"conversation-turn-31\" data-scroll-anchor=\"true\">\n<div class=\"m-auto text-base py-[18px] px-6\">\n<div class=\"mx-auto flex flex-1 text-base gap-4 md:gap-5 lg:gap-6 md:max-w-3xl\">\n<div class=\"group\/conversation-turn relative flex w-full min-w-0 flex-col agent-turn @xs\/thread:px-0 @sm\/thread:px-1.5 @md\/thread:px-4\">\n<div class=\"flex-col gap-1 md:gap-3\">\n<div class=\"flex max-w-full flex-col flex-grow\">\n<div class=\"min-h-8 text-message relative flex w-full flex-col items-end gap-2 whitespace-normal break-words text-start [.text-message+&amp;]:mt-5\" dir=\"auto\" data-message-author-role=\"assistant\" data-message-id=\"067a58ca-e4f7-4ec4-878c-c23ddabcb23d\" data-message-model-slug=\"gpt-4o-mini\">\n<div class=\"flex w-full flex-col gap-1 empty:hidden first:pt-[3px]\">\n<div class=\"markdown prose w-full break-words dark:prose-invert light\">\n<h4 data-start=\"0\" data-end=\"91\"><strong data-start=\"0\" data-end=\"91\">Vesuvio 9-Cup Porcelain Milk jug &#8211; Elegance and Functionality for Bar Service<\/strong><\/h4>\n<p data-start=\"93\" data-end=\"528\">The Vesuvio 9-Cup Porcelain Dairy is the ideal choice for bar service, thanks to its elegant and functional design that adapts perfectly to any environment. With a clean and refined line, this milk jug is perfect for any situation, combining aesthetics and practicality. Perfect for bars, cafes and restaurants, it is the perfect accessory to complete the hot drinks service with a touch of class.<\/p>\n<h5 data-start=\"530\" data-end=\"565\"><strong data-start=\"534\" data-end=\"565\">Main Features<\/strong><\/h5>\n<h5 data-start=\"567\" data-end=\"928\"><strong data-start=\"567\" data-end=\"596\">High Quality Material<\/strong><\/h5>\n<p data-start=\"567\" data-end=\"928\">The Vesuvio Dairy is made of high-quality porcelain, a strong and durable material that ensures long-lasting use without compromising aesthetics or functionality. High-quality porcelain also preserves the temperature of milk and drinks, keeping them warm for a long time for optimal service.<\/p>\n<h5 data-start=\"930\" data-end=\"1275\"><strong data-start=\"930\" data-end=\"961\">Simple and Elegant Design<\/strong><\/h5>\n<p data-start=\"930\" data-end=\"1275\">With its clean and refined line, the Vesuvio Dairy easily integrates into any environment and pairs perfectly with all bar accessories, such as mugs and saucers. Its elegant design makes it ideal for modern and traditional environments, contributing to a well-groomed and high-class service.<\/p>\n<h5 data-start=\"1277\" data-end=\"1566\"><strong data-start=\"1277\" data-end=\"1311\">Suitable for Any Pairing<\/strong><\/h5>\n<p data-start=\"1277\" data-end=\"1566\">Thanks to its versatile design, the Vesuvio 9-Cup Dairy easily pairs with any type of decor and tableware combination. It is perfect to accompany the serving of cups and saucers, creating an aesthetic harmony on your table.<\/p>\n<h5 data-start=\"1568\" data-end=\"1890\"><strong data-start=\"1568\" data-end=\"1588\">Easy to Clean<\/strong><\/h5>\n<p data-start=\"1568\" data-end=\"1890\">Porcelain is a material that ensures ease of cleaning, making the Vesuvio Milk Jug simple to keep hygienic and ready to use. Its smooth surface allows you to easily remove any residual milk or drink, ensuring a always tidy working environment.<\/p>\n<h5 data-start=\"1892\" data-end=\"2243\"><strong data-start=\"1892\" data-end=\"1945\">Perfect for Serving Milk and Hot Drinks<\/strong><\/h5>\n<p data-start=\"1892\" data-end=\"2243\">Ideal for pouring milk, cream or other hot drinks, this milk jug maintains the temperature for a long time, allowing you to serve with precision and without waste. Its optimal capacity makes it perfect for any type of use, from serving coffee and cappuccino to serving tea and hot drinks.<\/p>\n<h5 data-start=\"2245\" data-end=\"2461\"><strong data-start=\"2245\" data-end=\"2290\">Ideal Capacity for Every Type of Service<\/strong><\/h5>\n<p data-start=\"2245\" data-end=\"2461\">The Vesuvio 9-Cup Milk jug has just the right capacity for each use, allowing milk or other beverages to be served in perfect portions for each cup or saucer.<\/p>\n<h5 data-start=\"2463\" data-end=\"2749\"><strong data-start=\"2463\" data-end=\"2488\">Durable and Durable<\/strong><\/h5>\n<p data-start=\"2463\" data-end=\"2749\">High quality porcelain makes this milk jug resistant to impact and everyday use, ensuring long life and high performance over time. It is the perfect accessory for those looking for a practical and durable product that does not compromise elegance.<\/p>\n<h5 data-start=\"2751\" data-end=\"2771\"><strong data-start=\"2755\" data-end=\"2771\">Conclusion<\/strong><\/h5>\n<p data-start=\"2773\" data-end=\"3235\" data-is-last-node=\"\" data-is-only-node=\"\">The Vesuvio 9-Cup Porcelain Milk Jug is the perfect solution for those who want an elegant, functional and high-quality accessory for their bar or caf\u00e9. Con il suo design senza tempo, la resistenza della porcellana e la praticit\u00e0 nell&#8217;uso quotidiano, questa lattiera \u00e8 ideale per ogni tipo di servizio di latte e bevande calde. Complete your service with style and practicality, choosing the Vesuvio 9-Cup Dairy for your establishment.<\/p>\n<\/div>\n<\/div>\n<\/div>\n<\/div>\n<\/div>\n<\/div>\n<\/div>\n<\/div>\n<\/article>\n","protected":false},"excerpt":{"rendered":"<p>cl. 92<\/p>\n<p>fl.oz. 32,38<\/p>\n<p>h. 200 mm. 144 mm.<\/p>\n<p>The porcelain milk jug line is the ideal choice for bar service, thanks to its elegant and functional design. With a clean and refined line, this product is perfect for any situation and easily combines with any type of furniture and service.<\/p>\n<p><a href=\"https:\/\/www.faravetrerie.it\/contatti\/\"><strong>CONTACT US TO BUY OR CUSTOMIZE IT<\/strong><\/a><\/p>\n","protected":false},"featured_media":27664,"template":"","meta":{"inline_featured_image":false},"product_brand":[],"product_cat":[1251,1252],"product_tag":[1191],"class_list":{"0":"post-27017","1":"product","2":"type-product","3":"status-publish","4":"has-post-thumbnail","6":"product_cat-coffee","7":"product_cat-accessories-for-bar-and-coffee-service","8":"product_tag-milk-jug-en","10":"first","11":"instock","12":"taxable","13":"shipping-taxable","14":"product-type-simple"},"yoast_head":"<!-- This site is optimized with the Yoast SEO plugin v26.6 - https:\/\/yoast.com\/wordpress\/plugins\/seo\/ -->\n<title>MILK JUG VESUVIUS 9 CUPS - Fara Vetrerie e Cristallerie<\/title>\n<meta name=\"description\" content=\"vesuvio 9-cup porcelain milk jug for bar service. With its clean lines, it is a universal product suitable in any situation and combination.\" \/>\n<meta name=\"robots\" content=\"index, follow, max-snippet:-1, max-image-preview:large, max-video-preview:-1\" \/>\n<link rel=\"canonical\" href=\"https:\/\/faravetrerie.it\/en\/shop-en\/coffee\/accessories-for-bar-and-coffee-service\/milk-jug-vesuvium-9-cups\/\" \/>\n<meta property=\"og:locale\" content=\"en_US\" \/>\n<meta property=\"og:type\" content=\"article\" \/>\n<meta property=\"og:title\" content=\"MILK JUG VESUVIUS 9 CUPS - Fara Vetrerie e Cristallerie\" \/>\n<meta property=\"og:description\" content=\"vesuvio 9-cup porcelain milk jug for bar service. With its clean lines, it is a universal product suitable in any situation and combination.\" \/>\n<meta property=\"og:url\" content=\"https:\/\/faravetrerie.it\/en\/shop-en\/coffee\/accessories-for-bar-and-coffee-service\/milk-jug-vesuvium-9-cups\/\" \/>\n<meta property=\"og:site_name\" content=\"Fara Vetrerie e Cristallerie\" \/>\n<meta property=\"article:modified_time\" content=\"2026-02-06T15:29:42+00:00\" \/>\n<meta property=\"og:image\" content=\"https:\/\/faravetrerie.it\/wp-content\/uploads\/2025\/12\/TGVESLAT92_01-3.jpg\" \/>\n\t<meta property=\"og:image:width\" content=\"2372\" \/>\n\t<meta property=\"og:image:height\" content=\"2372\" \/>\n\t<meta property=\"og:image:type\" content=\"image\/jpeg\" \/>\n<meta name=\"twitter:card\" content=\"summary_large_image\" \/>\n<meta name=\"twitter:label1\" content=\"Est. reading time\" \/>\n\t<meta name=\"twitter:data1\" content=\"2 minutes\" \/>\n<script type=\"application\/ld+json\" class=\"yoast-schema-graph\">{\"@context\":\"https:\/\/schema.org\",\"@graph\":[{\"@type\":\"WebPage\",\"@id\":\"https:\/\/faravetrerie.it\/en\/shop-en\/coffee\/accessories-for-bar-and-coffee-service\/milk-jug-vesuvium-9-cups\/\",\"url\":\"https:\/\/faravetrerie.it\/en\/shop-en\/coffee\/accessories-for-bar-and-coffee-service\/milk-jug-vesuvium-9-cups\/\",\"name\":\"MILK JUG VESUVIUS 9 CUPS - Fara Vetrerie e Cristallerie\",\"isPartOf\":{\"@id\":\"https:\/\/faravetrerie.it\/en\/#website\"},\"primaryImageOfPage\":{\"@id\":\"https:\/\/faravetrerie.it\/en\/shop-en\/coffee\/accessories-for-bar-and-coffee-service\/milk-jug-vesuvium-9-cups\/#primaryimage\"},\"image\":{\"@id\":\"https:\/\/faravetrerie.it\/en\/shop-en\/coffee\/accessories-for-bar-and-coffee-service\/milk-jug-vesuvium-9-cups\/#primaryimage\"},\"thumbnailUrl\":\"https:\/\/faravetrerie.it\/wp-content\/uploads\/2025\/12\/TGVESLAT92_01-3.jpg\",\"datePublished\":\"2025-12-23T15:45:47+00:00\",\"dateModified\":\"2026-02-06T15:29:42+00:00\",\"description\":\"vesuvio 9-cup porcelain milk jug for bar service. With its clean lines, it is a universal product suitable in any situation and combination.\",\"breadcrumb\":{\"@id\":\"https:\/\/faravetrerie.it\/en\/shop-en\/coffee\/accessories-for-bar-and-coffee-service\/milk-jug-vesuvium-9-cups\/#breadcrumb\"},\"inLanguage\":\"en-US\",\"potentialAction\":[{\"@type\":\"ReadAction\",\"target\":[\"https:\/\/faravetrerie.it\/en\/shop-en\/coffee\/accessories-for-bar-and-coffee-service\/milk-jug-vesuvium-9-cups\/\"]}]},{\"@type\":\"ImageObject\",\"inLanguage\":\"en-US\",\"@id\":\"https:\/\/faravetrerie.it\/en\/shop-en\/coffee\/accessories-for-bar-and-coffee-service\/milk-jug-vesuvium-9-cups\/#primaryimage\",\"url\":\"https:\/\/faravetrerie.it\/wp-content\/uploads\/2025\/12\/TGVESLAT92_01-3.jpg\",\"contentUrl\":\"https:\/\/faravetrerie.it\/wp-content\/uploads\/2025\/12\/TGVESLAT92_01-3.jpg\",\"width\":2372,\"height\":2372,\"caption\":\"Vesuvius Milk Tins 9 Cups in Porcelain\"},{\"@type\":\"BreadcrumbList\",\"@id\":\"https:\/\/faravetrerie.it\/en\/shop-en\/coffee\/accessories-for-bar-and-coffee-service\/milk-jug-vesuvium-9-cups\/#breadcrumb\",\"itemListElement\":[{\"@type\":\"ListItem\",\"position\":1,\"name\":\"Home\",\"item\":\"https:\/\/faravetrerie.it\/en\/\"},{\"@type\":\"ListItem\",\"position\":2,\"name\":\"Shop\",\"item\":\"https:\/\/faravetrerie.it\/en\/shop-en\/\"},{\"@type\":\"ListItem\",\"position\":3,\"name\":\"MILK JUG VESUVIUS 9 CUPS\"}]},{\"@type\":\"WebSite\",\"@id\":\"https:\/\/faravetrerie.it\/en\/#website\",\"url\":\"https:\/\/faravetrerie.it\/en\/\",\"name\":\"Fara Vetrerie e Cristallerie\",\"description\":\"\",\"publisher\":{\"@id\":\"https:\/\/faravetrerie.it\/en\/#organization\"},\"potentialAction\":[{\"@type\":\"SearchAction\",\"target\":{\"@type\":\"EntryPoint\",\"urlTemplate\":\"https:\/\/faravetrerie.it\/en\/?s={search_term_string}\"},\"query-input\":{\"@type\":\"PropertyValueSpecification\",\"valueRequired\":true,\"valueName\":\"search_term_string\"}}],\"inLanguage\":\"en-US\"},{\"@type\":\"Organization\",\"@id\":\"https:\/\/faravetrerie.it\/en\/#organization\",\"name\":\"Fara Vetrerie e Cristallerie\",\"url\":\"https:\/\/faravetrerie.it\/en\/\",\"logo\":{\"@type\":\"ImageObject\",\"inLanguage\":\"en-US\",\"@id\":\"https:\/\/faravetrerie.it\/en\/#\/schema\/logo\/image\/\",\"url\":\"https:\/\/faravetrerie.it\/wp-content\/uploads\/2025\/12\/logo-fara-bianco.png\",\"contentUrl\":\"https:\/\/faravetrerie.it\/wp-content\/uploads\/2025\/12\/logo-fara-bianco.png\",\"width\":2038,\"height\":2942,\"caption\":\"Fara Vetrerie e Cristallerie\"},\"image\":{\"@id\":\"https:\/\/faravetrerie.it\/en\/#\/schema\/logo\/image\/\"}}]}<\/script>\n<!-- \/ Yoast SEO plugin. -->","yoast_head_json":{"title":"MILK JUG VESUVIUS 9 CUPS - Fara Vetrerie e Cristallerie","description":"vesuvio 9-cup porcelain milk jug for bar service. With its clean lines, it is a universal product suitable in any situation and combination.","robots":{"index":"index","follow":"follow","max-snippet":"max-snippet:-1","max-image-preview":"max-image-preview:large","max-video-preview":"max-video-preview:-1"},"canonical":"https:\/\/faravetrerie.it\/en\/shop-en\/coffee\/accessories-for-bar-and-coffee-service\/milk-jug-vesuvium-9-cups\/","og_locale":"en_US","og_type":"article","og_title":"MILK JUG VESUVIUS 9 CUPS - Fara Vetrerie e Cristallerie","og_description":"vesuvio 9-cup porcelain milk jug for bar service. With its clean lines, it is a universal product suitable in any situation and combination.","og_url":"https:\/\/faravetrerie.it\/en\/shop-en\/coffee\/accessories-for-bar-and-coffee-service\/milk-jug-vesuvium-9-cups\/","og_site_name":"Fara Vetrerie e Cristallerie","article_modified_time":"2026-02-06T15:29:42+00:00","og_image":[{"width":2372,"height":2372,"url":"https:\/\/faravetrerie.it\/wp-content\/uploads\/2025\/12\/TGVESLAT92_01-3.jpg","type":"image\/jpeg"}],"twitter_card":"summary_large_image","twitter_misc":{"Est. reading time":"2 minutes"},"schema":{"@context":"https:\/\/schema.org","@graph":[{"@type":"WebPage","@id":"https:\/\/faravetrerie.it\/en\/shop-en\/coffee\/accessories-for-bar-and-coffee-service\/milk-jug-vesuvium-9-cups\/","url":"https:\/\/faravetrerie.it\/en\/shop-en\/coffee\/accessories-for-bar-and-coffee-service\/milk-jug-vesuvium-9-cups\/","name":"MILK JUG VESUVIUS 9 CUPS - Fara Vetrerie e Cristallerie","isPartOf":{"@id":"https:\/\/faravetrerie.it\/en\/#website"},"primaryImageOfPage":{"@id":"https:\/\/faravetrerie.it\/en\/shop-en\/coffee\/accessories-for-bar-and-coffee-service\/milk-jug-vesuvium-9-cups\/#primaryimage"},"image":{"@id":"https:\/\/faravetrerie.it\/en\/shop-en\/coffee\/accessories-for-bar-and-coffee-service\/milk-jug-vesuvium-9-cups\/#primaryimage"},"thumbnailUrl":"https:\/\/faravetrerie.it\/wp-content\/uploads\/2025\/12\/TGVESLAT92_01-3.jpg","datePublished":"2025-12-23T15:45:47+00:00","dateModified":"2026-02-06T15:29:42+00:00","description":"vesuvio 9-cup porcelain milk jug for bar service. With its clean lines, it is a universal product suitable in any situation and combination.","breadcrumb":{"@id":"https:\/\/faravetrerie.it\/en\/shop-en\/coffee\/accessories-for-bar-and-coffee-service\/milk-jug-vesuvium-9-cups\/#breadcrumb"},"inLanguage":"en-US","potentialAction":[{"@type":"ReadAction","target":["https:\/\/faravetrerie.it\/en\/shop-en\/coffee\/accessories-for-bar-and-coffee-service\/milk-jug-vesuvium-9-cups\/"]}]},{"@type":"ImageObject","inLanguage":"en-US","@id":"https:\/\/faravetrerie.it\/en\/shop-en\/coffee\/accessories-for-bar-and-coffee-service\/milk-jug-vesuvium-9-cups\/#primaryimage","url":"https:\/\/faravetrerie.it\/wp-content\/uploads\/2025\/12\/TGVESLAT92_01-3.jpg","contentUrl":"https:\/\/faravetrerie.it\/wp-content\/uploads\/2025\/12\/TGVESLAT92_01-3.jpg","width":2372,"height":2372,"caption":"Vesuvius Milk Tins 9 Cups in Porcelain"},{"@type":"BreadcrumbList","@id":"https:\/\/faravetrerie.it\/en\/shop-en\/coffee\/accessories-for-bar-and-coffee-service\/milk-jug-vesuvium-9-cups\/#breadcrumb","itemListElement":[{"@type":"ListItem","position":1,"name":"Home","item":"https:\/\/faravetrerie.it\/en\/"},{"@type":"ListItem","position":2,"name":"Shop","item":"https:\/\/faravetrerie.it\/en\/shop-en\/"},{"@type":"ListItem","position":3,"name":"MILK JUG VESUVIUS 9 CUPS"}]},{"@type":"WebSite","@id":"https:\/\/faravetrerie.it\/en\/#website","url":"https:\/\/faravetrerie.it\/en\/","name":"Fara Vetrerie e Cristallerie","description":"","publisher":{"@id":"https:\/\/faravetrerie.it\/en\/#organization"},"potentialAction":[{"@type":"SearchAction","target":{"@type":"EntryPoint","urlTemplate":"https:\/\/faravetrerie.it\/en\/?s={search_term_string}"},"query-input":{"@type":"PropertyValueSpecification","valueRequired":true,"valueName":"search_term_string"}}],"inLanguage":"en-US"},{"@type":"Organization","@id":"https:\/\/faravetrerie.it\/en\/#organization","name":"Fara Vetrerie e Cristallerie","url":"https:\/\/faravetrerie.it\/en\/","logo":{"@type":"ImageObject","inLanguage":"en-US","@id":"https:\/\/faravetrerie.it\/en\/#\/schema\/logo\/image\/","url":"https:\/\/faravetrerie.it\/wp-content\/uploads\/2025\/12\/logo-fara-bianco.png","contentUrl":"https:\/\/faravetrerie.it\/wp-content\/uploads\/2025\/12\/logo-fara-bianco.png","width":2038,"height":2942,"caption":"Fara Vetrerie e Cristallerie"},"image":{"@id":"https:\/\/faravetrerie.it\/en\/#\/schema\/logo\/image\/"}}]}},"_links":{"self":[{"href":"https:\/\/faravetrerie.it\/en\/wp-json\/wp\/v2\/product\/27017","targetHints":{"allow":["GET"]}}],"collection":[{"href":"https:\/\/faravetrerie.it\/en\/wp-json\/wp\/v2\/product"}],"about":[{"href":"https:\/\/faravetrerie.it\/en\/wp-json\/wp\/v2\/types\/product"}],"wp:featuredmedia":[{"embeddable":true,"href":"https:\/\/faravetrerie.it\/en\/wp-json\/wp\/v2\/media\/27664"}],"wp:attachment":[{"href":"https:\/\/faravetrerie.it\/en\/wp-json\/wp\/v2\/media?parent=27017"}],"wp:term":[{"taxonomy":"product_brand","embeddable":true,"href":"https:\/\/faravetrerie.it\/en\/wp-json\/wp\/v2\/product_brand?post=27017"},{"taxonomy":"product_cat","embeddable":true,"href":"https:\/\/faravetrerie.it\/en\/wp-json\/wp\/v2\/product_cat?post=27017"},{"taxonomy":"product_tag","embeddable":true,"href":"https:\/\/faravetrerie.it\/en\/wp-json\/wp\/v2\/product_tag?post=27017"}],"curies":[{"name":"wp","href":"https:\/\/api.w.org\/{rel}","templated":true}]}}