{"id":27458,"date":"2025-12-23T16:51:54","date_gmt":"2025-12-23T15:51:54","guid":{"rendered":"https:\/\/sviluppo.faravetrerie.it\/blog\/?post_type=product&#038;p=27458"},"modified":"2025-12-23T16:56:48","modified_gmt":"2025-12-23T15:56:48","slug":"barglass-juice-glass","status":"publish","type":"product","link":"https:\/\/faravetrerie.it\/en\/shop-en\/cocktails-en\/cocktail-glasses-and-chalices\/barglass-juice-glass\/","title":{"rendered":"BARGLASS JUICE GLASS"},"content":{"rendered":"<h4 data-start=\"170\" data-end=\"231\"><strong data-start=\"170\" data-end=\"231\">Barglass Juice Glass \u2013 Essential, Elegant, Compact<\/strong><\/h4>\n<p data-start=\"233\" data-end=\"509\">The Barglass Juice glass is the perfect choice for those who appreciate elegant simplicity and compact functionality. Characterized by sober and clean lines, it stands out for its minimalist yet refined style, capable of enhancing even the simplest preparations. <\/p>\n<p data-start=\"511\" data-end=\"780\">Its thick, solid, and well-proportioned base is embellished with a distinctive internal drop, a distinctive detail that captures the light and creates unusual and evocative reflections, adding personality to the presentation of the glass and the drinks.<\/p>\n<p data-start=\"782\" data-end=\"1180\">Thanks to its small capacity, the Juice format is ideal for fruit juices, still water, or small portions of other cold beverages, especially when ice is not used. It is particularly suitable in contexts where space is limited, such as breakfast buffets, room service, self-service lines, or domestic environments where compactness and order are essential. <\/p>\n<p data-start=\"1182\" data-end=\"1426\">Despite its simplicity, the Barglass Juice conveys a sense of attention to detail and quality construction, making it perfect for both everyday use at home and professional settings that require understated elegance and reliability.<\/p>\n<p data-start=\"1428\" data-end=\"1593\">Easy to handle, durable, and versatile in design, this glass is a practical and stylish solution to accompany the simplest moments of the day.<\/p>\n<p data-start=\"1595\" data-end=\"1784\">With Barglass Juice, every sip becomes a refined and enjoyable experience, in a glass that combines aesthetic simplicity, solidity, and functionality in a compact and intelligent format.<\/p>\n","protected":false},"excerpt":{"rendered":"<p>Das Barglass Juice Glas ist die perfekte Wahl f\u00fcr alle, die elegante Schlichtheit und kompakte Funktionalit\u00e4t sch\u00e4tzen. Es zeichnet sich durch schlichte und klare Linien aus und besticht durch seinen minimalistischen und dennoch raffinierten Stil, der selbst die einfachsten Zubereitungen aufwertet. <\/p>\n<p><a href=\"https:\/\/www.faravetrerie.it\/en\/contacts\/\"><strong>CONTACT US TO BUY OR CUSTOMIZE IT<\/strong><\/a><\/p>\n<p>cl. 19,5<\/p>\n<p>fl.oz 6,5<\/p>\n<p>h. 200 mm. 85 mm<\/p>\n<p>\u00d8 69 mm<\/p>\n","protected":false},"featured_media":27842,"template":"","meta":{"inline_featured_image":false},"product_brand":[],"product_cat":[1229,103],"product_tag":[1123],"class_list":{"0":"post-27458","1":"product","2":"type-product","3":"status-publish","4":"has-post-thumbnail","6":"product_cat-cocktail-glasses-and-chalices","8":"product_tag-glass","10":"first","11":"instock","12":"taxable","13":"shipping-taxable","14":"product-type-simple"},"yoast_head":"<!-- This site is optimized with the Yoast SEO plugin v26.6 - https:\/\/yoast.com\/wordpress\/plugins\/seo\/ -->\n<title>BARGLASS JUICE GLASS - Fara Vetrerie e Cristallerie<\/title>\n<meta name=\"description\" content=\"The Barglass Juice glass is the perfect choice for those who appreciate elegant simplicity and compact functionality. Characterized by sober and clean lines.\" \/>\n<meta name=\"robots\" content=\"index, follow, max-snippet:-1, max-image-preview:large, max-video-preview:-1\" \/>\n<link rel=\"canonical\" href=\"https:\/\/faravetrerie.it\/en\/shop-en\/cocktails-en\/cocktail-glasses-and-chalices\/barglass-juice-glass\/\" \/>\n<meta property=\"og:locale\" content=\"en_US\" \/>\n<meta property=\"og:type\" content=\"article\" \/>\n<meta property=\"og:title\" content=\"BARGLASS JUICE GLASS - Fara Vetrerie e Cristallerie\" \/>\n<meta property=\"og:description\" content=\"The Barglass Juice glass is the perfect choice for those who appreciate elegant simplicity and compact functionality. Characterized by sober and clean lines.\" \/>\n<meta property=\"og:url\" content=\"https:\/\/faravetrerie.it\/en\/shop-en\/cocktails-en\/cocktail-glasses-and-chalices\/barglass-juice-glass\/\" \/>\n<meta property=\"og:site_name\" content=\"Fara Vetrerie e Cristallerie\" \/>\n<meta property=\"article:modified_time\" content=\"2025-12-23T15:56:48+00:00\" \/>\n<meta property=\"og:image\" content=\"https:\/\/faravetrerie.it\/wp-content\/uploads\/2025\/12\/FVBARG19_01.jpg\" \/>\n\t<meta property=\"og:image:width\" content=\"894\" \/>\n\t<meta property=\"og:image:height\" content=\"826\" \/>\n\t<meta property=\"og:image:type\" content=\"image\/jpeg\" \/>\n<meta name=\"twitter:card\" content=\"summary_large_image\" \/>\n<meta name=\"twitter:label1\" content=\"Est. reading time\" \/>\n\t<meta name=\"twitter:data1\" content=\"1 minute\" \/>\n<script type=\"application\/ld+json\" class=\"yoast-schema-graph\">{\"@context\":\"https:\/\/schema.org\",\"@graph\":[{\"@type\":\"WebPage\",\"@id\":\"https:\/\/faravetrerie.it\/en\/shop-en\/cocktails-en\/cocktail-glasses-and-chalices\/barglass-juice-glass\/\",\"url\":\"https:\/\/faravetrerie.it\/en\/shop-en\/cocktails-en\/cocktail-glasses-and-chalices\/barglass-juice-glass\/\",\"name\":\"BARGLASS JUICE GLASS - Fara Vetrerie e Cristallerie\",\"isPartOf\":{\"@id\":\"https:\/\/faravetrerie.it\/en\/#website\"},\"primaryImageOfPage\":{\"@id\":\"https:\/\/faravetrerie.it\/en\/shop-en\/cocktails-en\/cocktail-glasses-and-chalices\/barglass-juice-glass\/#primaryimage\"},\"image\":{\"@id\":\"https:\/\/faravetrerie.it\/en\/shop-en\/cocktails-en\/cocktail-glasses-and-chalices\/barglass-juice-glass\/#primaryimage\"},\"thumbnailUrl\":\"https:\/\/faravetrerie.it\/wp-content\/uploads\/2025\/12\/FVBARG19_01.jpg\",\"datePublished\":\"2025-12-23T15:51:54+00:00\",\"dateModified\":\"2025-12-23T15:56:48+00:00\",\"description\":\"The Barglass Juice glass is the perfect choice for those who appreciate elegant simplicity and compact functionality. Characterized by sober and clean lines.\",\"breadcrumb\":{\"@id\":\"https:\/\/faravetrerie.it\/en\/shop-en\/cocktails-en\/cocktail-glasses-and-chalices\/barglass-juice-glass\/#breadcrumb\"},\"inLanguage\":\"en-US\",\"potentialAction\":[{\"@type\":\"ReadAction\",\"target\":[\"https:\/\/faravetrerie.it\/en\/shop-en\/cocktails-en\/cocktail-glasses-and-chalices\/barglass-juice-glass\/\"]}]},{\"@type\":\"ImageObject\",\"inLanguage\":\"en-US\",\"@id\":\"https:\/\/faravetrerie.it\/en\/shop-en\/cocktails-en\/cocktail-glasses-and-chalices\/barglass-juice-glass\/#primaryimage\",\"url\":\"https:\/\/faravetrerie.it\/wp-content\/uploads\/2025\/12\/FVBARG19_01.jpg\",\"contentUrl\":\"https:\/\/faravetrerie.it\/wp-content\/uploads\/2025\/12\/FVBARG19_01.jpg\",\"width\":894,\"height\":826,\"caption\":\"Bicchiere Barglass Juice\"},{\"@type\":\"BreadcrumbList\",\"@id\":\"https:\/\/faravetrerie.it\/en\/shop-en\/cocktails-en\/cocktail-glasses-and-chalices\/barglass-juice-glass\/#breadcrumb\",\"itemListElement\":[{\"@type\":\"ListItem\",\"position\":1,\"name\":\"Home\",\"item\":\"https:\/\/faravetrerie.it\/en\/\"},{\"@type\":\"ListItem\",\"position\":2,\"name\":\"Shop\",\"item\":\"https:\/\/faravetrerie.it\/en\/shop-en\/\"},{\"@type\":\"ListItem\",\"position\":3,\"name\":\"BARGLASS JUICE GLASS\"}]},{\"@type\":\"WebSite\",\"@id\":\"https:\/\/faravetrerie.it\/en\/#website\",\"url\":\"https:\/\/faravetrerie.it\/en\/\",\"name\":\"Fara Vetrerie e Cristallerie\",\"description\":\"\",\"publisher\":{\"@id\":\"https:\/\/faravetrerie.it\/en\/#organization\"},\"potentialAction\":[{\"@type\":\"SearchAction\",\"target\":{\"@type\":\"EntryPoint\",\"urlTemplate\":\"https:\/\/faravetrerie.it\/en\/?s={search_term_string}\"},\"query-input\":{\"@type\":\"PropertyValueSpecification\",\"valueRequired\":true,\"valueName\":\"search_term_string\"}}],\"inLanguage\":\"en-US\"},{\"@type\":\"Organization\",\"@id\":\"https:\/\/faravetrerie.it\/en\/#organization\",\"name\":\"Fara Vetrerie e Cristallerie\",\"url\":\"https:\/\/faravetrerie.it\/en\/\",\"logo\":{\"@type\":\"ImageObject\",\"inLanguage\":\"en-US\",\"@id\":\"https:\/\/faravetrerie.it\/en\/#\/schema\/logo\/image\/\",\"url\":\"https:\/\/faravetrerie.it\/wp-content\/uploads\/2025\/12\/logo-fara-bianco.png\",\"contentUrl\":\"https:\/\/faravetrerie.it\/wp-content\/uploads\/2025\/12\/logo-fara-bianco.png\",\"width\":2038,\"height\":2942,\"caption\":\"Fara Vetrerie e Cristallerie\"},\"image\":{\"@id\":\"https:\/\/faravetrerie.it\/en\/#\/schema\/logo\/image\/\"}}]}<\/script>\n<!-- \/ Yoast SEO plugin. -->","yoast_head_json":{"title":"BARGLASS JUICE GLASS - Fara Vetrerie e Cristallerie","description":"The Barglass Juice glass is the perfect choice for those who appreciate elegant simplicity and compact functionality. Characterized by sober and clean lines.","robots":{"index":"index","follow":"follow","max-snippet":"max-snippet:-1","max-image-preview":"max-image-preview:large","max-video-preview":"max-video-preview:-1"},"canonical":"https:\/\/faravetrerie.it\/en\/shop-en\/cocktails-en\/cocktail-glasses-and-chalices\/barglass-juice-glass\/","og_locale":"en_US","og_type":"article","og_title":"BARGLASS JUICE GLASS - Fara Vetrerie e Cristallerie","og_description":"The Barglass Juice glass is the perfect choice for those who appreciate elegant simplicity and compact functionality. Characterized by sober and clean lines.","og_url":"https:\/\/faravetrerie.it\/en\/shop-en\/cocktails-en\/cocktail-glasses-and-chalices\/barglass-juice-glass\/","og_site_name":"Fara Vetrerie e Cristallerie","article_modified_time":"2025-12-23T15:56:48+00:00","og_image":[{"width":894,"height":826,"url":"https:\/\/faravetrerie.it\/wp-content\/uploads\/2025\/12\/FVBARG19_01.jpg","type":"image\/jpeg"}],"twitter_card":"summary_large_image","twitter_misc":{"Est. reading time":"1 minute"},"schema":{"@context":"https:\/\/schema.org","@graph":[{"@type":"WebPage","@id":"https:\/\/faravetrerie.it\/en\/shop-en\/cocktails-en\/cocktail-glasses-and-chalices\/barglass-juice-glass\/","url":"https:\/\/faravetrerie.it\/en\/shop-en\/cocktails-en\/cocktail-glasses-and-chalices\/barglass-juice-glass\/","name":"BARGLASS JUICE GLASS - Fara Vetrerie e Cristallerie","isPartOf":{"@id":"https:\/\/faravetrerie.it\/en\/#website"},"primaryImageOfPage":{"@id":"https:\/\/faravetrerie.it\/en\/shop-en\/cocktails-en\/cocktail-glasses-and-chalices\/barglass-juice-glass\/#primaryimage"},"image":{"@id":"https:\/\/faravetrerie.it\/en\/shop-en\/cocktails-en\/cocktail-glasses-and-chalices\/barglass-juice-glass\/#primaryimage"},"thumbnailUrl":"https:\/\/faravetrerie.it\/wp-content\/uploads\/2025\/12\/FVBARG19_01.jpg","datePublished":"2025-12-23T15:51:54+00:00","dateModified":"2025-12-23T15:56:48+00:00","description":"The Barglass Juice glass is the perfect choice for those who appreciate elegant simplicity and compact functionality. Characterized by sober and clean lines.","breadcrumb":{"@id":"https:\/\/faravetrerie.it\/en\/shop-en\/cocktails-en\/cocktail-glasses-and-chalices\/barglass-juice-glass\/#breadcrumb"},"inLanguage":"en-US","potentialAction":[{"@type":"ReadAction","target":["https:\/\/faravetrerie.it\/en\/shop-en\/cocktails-en\/cocktail-glasses-and-chalices\/barglass-juice-glass\/"]}]},{"@type":"ImageObject","inLanguage":"en-US","@id":"https:\/\/faravetrerie.it\/en\/shop-en\/cocktails-en\/cocktail-glasses-and-chalices\/barglass-juice-glass\/#primaryimage","url":"https:\/\/faravetrerie.it\/wp-content\/uploads\/2025\/12\/FVBARG19_01.jpg","contentUrl":"https:\/\/faravetrerie.it\/wp-content\/uploads\/2025\/12\/FVBARG19_01.jpg","width":894,"height":826,"caption":"Bicchiere Barglass Juice"},{"@type":"BreadcrumbList","@id":"https:\/\/faravetrerie.it\/en\/shop-en\/cocktails-en\/cocktail-glasses-and-chalices\/barglass-juice-glass\/#breadcrumb","itemListElement":[{"@type":"ListItem","position":1,"name":"Home","item":"https:\/\/faravetrerie.it\/en\/"},{"@type":"ListItem","position":2,"name":"Shop","item":"https:\/\/faravetrerie.it\/en\/shop-en\/"},{"@type":"ListItem","position":3,"name":"BARGLASS JUICE GLASS"}]},{"@type":"WebSite","@id":"https:\/\/faravetrerie.it\/en\/#website","url":"https:\/\/faravetrerie.it\/en\/","name":"Fara Vetrerie e Cristallerie","description":"","publisher":{"@id":"https:\/\/faravetrerie.it\/en\/#organization"},"potentialAction":[{"@type":"SearchAction","target":{"@type":"EntryPoint","urlTemplate":"https:\/\/faravetrerie.it\/en\/?s={search_term_string}"},"query-input":{"@type":"PropertyValueSpecification","valueRequired":true,"valueName":"search_term_string"}}],"inLanguage":"en-US"},{"@type":"Organization","@id":"https:\/\/faravetrerie.it\/en\/#organization","name":"Fara Vetrerie e Cristallerie","url":"https:\/\/faravetrerie.it\/en\/","logo":{"@type":"ImageObject","inLanguage":"en-US","@id":"https:\/\/faravetrerie.it\/en\/#\/schema\/logo\/image\/","url":"https:\/\/faravetrerie.it\/wp-content\/uploads\/2025\/12\/logo-fara-bianco.png","contentUrl":"https:\/\/faravetrerie.it\/wp-content\/uploads\/2025\/12\/logo-fara-bianco.png","width":2038,"height":2942,"caption":"Fara Vetrerie e Cristallerie"},"image":{"@id":"https:\/\/faravetrerie.it\/en\/#\/schema\/logo\/image\/"}}]}},"_links":{"self":[{"href":"https:\/\/faravetrerie.it\/en\/wp-json\/wp\/v2\/product\/27458","targetHints":{"allow":["GET"]}}],"collection":[{"href":"https:\/\/faravetrerie.it\/en\/wp-json\/wp\/v2\/product"}],"about":[{"href":"https:\/\/faravetrerie.it\/en\/wp-json\/wp\/v2\/types\/product"}],"wp:featuredmedia":[{"embeddable":true,"href":"https:\/\/faravetrerie.it\/en\/wp-json\/wp\/v2\/media\/27842"}],"wp:attachment":[{"href":"https:\/\/faravetrerie.it\/en\/wp-json\/wp\/v2\/media?parent=27458"}],"wp:term":[{"taxonomy":"product_brand","embeddable":true,"href":"https:\/\/faravetrerie.it\/en\/wp-json\/wp\/v2\/product_brand?post=27458"},{"taxonomy":"product_cat","embeddable":true,"href":"https:\/\/faravetrerie.it\/en\/wp-json\/wp\/v2\/product_cat?post=27458"},{"taxonomy":"product_tag","embeddable":true,"href":"https:\/\/faravetrerie.it\/en\/wp-json\/wp\/v2\/product_tag?post=27458"}],"curies":[{"name":"wp","href":"https:\/\/api.w.org\/{rel}","templated":true}]}}