{"id":27470,"date":"2025-12-23T16:51:51","date_gmt":"2025-12-23T15:51:51","guid":{"rendered":"https:\/\/sviluppo.faravetrerie.it\/blog\/?post_type=product&#038;p=27470"},"modified":"2026-01-08T16:08:02","modified_gmt":"2026-01-08T15:08:02","slug":"brema-0-2-l-mug","status":"publish","type":"product","link":"https:\/\/faravetrerie.it\/en\/shop-en\/beer\/brema-0-2-l-mug\/","title":{"rendered":"BREMA MUG 0.2 L"},"content":{"rendered":"<p data-start=\"175\" data-end=\"240\"><strong data-start=\"175\" data-end=\"240\">Brema Mug 0.2 L \u2013 Elegance and Durability for Every Occasion<\/strong><\/p>\n<p data-start=\"242\" data-end=\"551\">The 0.2-liter Brema mug is the ideal choice for those seeking the perfect balance between functionality, style, and durability. Its simple yet distinctive shape is enhanced by elegant vertical lines, which give a sense of movement and visual dynamism, making it suitable for both classic and modern settings.<\/p>\n<p data-start=\"553\" data-end=\"864\">Made from high-quality glass, the mug is designed to withstand intensive daily use, even in the fast-paced environment of bars, breweries, and restaurants. Its solid structure makes it particularly suitable for frequent washing in the dishwasher, without risk of dulling or damage.<\/p>\n<p data-start=\"866\" data-end=\"1337\">One of the strengths of the Brema mug is the wide range of customization options available. Thanks to its smooth surface and linear design, logos, lettering, or custom graphics can be applied with high definition, transforming it into an effective visual communication tool for your business. Whether you want to promote a brand, an event, or simply make your table service unique, the Brema mug is perfect for every need.<\/p>\n<p data-start=\"1339\" data-end=\"1563\">Its 0.2-liter capacity makes it versatile and suitable for craft beers, tastings, non-alcoholic beverages, and soft drinks. It is the perfect option for those who want to offer a high-quality product without sacrificing practicality.<\/p>\n<p data-start=\"1565\" data-end=\"1838\">In summary, the Brema 0.2 L mug combines clean aesthetics, superior strength, and versatility of use in a single, fully customizable product. An essential accessory for those who want to make quality and attention to detail their calling card.<\/p>\n","protected":false},"excerpt":{"rendered":"<p>Il boccale Brema da 0.2 litri \u00e8 la scelta ideale per chi cerca un equilibrio perfetto tra funzionalit\u00e0, stile e durabilit\u00e0.<\/p>\n<p><a href=\"https:\/\/www.faravetrerie.it\/contatti\/\"><strong>CONTATTACI PER ACQUISTARLO O PERSONALIZZARLO<\/strong><\/a><\/p>\n<p>cl. 26<\/p>\n<p>fl.oz 9,15<\/p>\n<p>h 118 mm<\/p>\n<p>\u00d8 65 mm<\/p>\n","protected":false},"featured_media":27830,"template":"","meta":{"inline_featured_image":false},"product_brand":[],"product_cat":[98],"product_tag":[1214],"class_list":{"0":"post-27470","1":"product","2":"type-product","3":"status-publish","4":"has-post-thumbnail","6":"product_cat-beer","7":"product_tag-beer-mug","9":"first","10":"instock","11":"taxable","12":"shipping-taxable","13":"product-type-simple"},"yoast_head":"<!-- This site is optimized with the Yoast SEO plugin v26.6 - https:\/\/yoast.com\/wordpress\/plugins\/seo\/ -->\n<title>BREMA MUG 0.2 L - Fara Vetrerie e Cristallerie<\/title>\n<meta name=\"description\" content=\"The 0.2-liter Brema mug is the ideal choice for those seeking the perfect balance between functionality, style, and durability.\" \/>\n<meta name=\"robots\" content=\"index, follow, max-snippet:-1, max-image-preview:large, max-video-preview:-1\" \/>\n<link rel=\"canonical\" href=\"https:\/\/faravetrerie.it\/en\/shop-en\/beer\/brema-0-2-l-mug\/\" \/>\n<meta property=\"og:locale\" content=\"en_US\" \/>\n<meta property=\"og:type\" content=\"article\" \/>\n<meta property=\"og:title\" content=\"BREMA MUG 0.2 L - Fara Vetrerie e Cristallerie\" \/>\n<meta property=\"og:description\" content=\"The 0.2-liter Brema mug is the ideal choice for those seeking the perfect balance between functionality, style, and durability.\" \/>\n<meta property=\"og:url\" content=\"https:\/\/faravetrerie.it\/en\/shop-en\/beer\/brema-0-2-l-mug\/\" \/>\n<meta property=\"og:site_name\" content=\"Fara Vetrerie e Cristallerie\" \/>\n<meta property=\"article:modified_time\" content=\"2026-01-08T15:08:02+00:00\" \/>\n<meta property=\"og:image\" content=\"https:\/\/faravetrerie.it\/wp-content\/uploads\/2025\/12\/BNBRE02T-1-scaled-e1753880328241.jpg\" \/>\n\t<meta property=\"og:image:width\" content=\"597\" \/>\n\t<meta property=\"og:image:height\" content=\"626\" \/>\n\t<meta property=\"og:image:type\" content=\"image\/jpeg\" \/>\n<meta name=\"twitter:card\" content=\"summary_large_image\" \/>\n<meta name=\"twitter:label1\" content=\"Est. reading time\" \/>\n\t<meta name=\"twitter:data1\" content=\"1 minute\" \/>\n<script type=\"application\/ld+json\" class=\"yoast-schema-graph\">{\"@context\":\"https:\/\/schema.org\",\"@graph\":[{\"@type\":\"WebPage\",\"@id\":\"https:\/\/faravetrerie.it\/en\/shop-en\/beer\/brema-0-2-l-mug\/\",\"url\":\"https:\/\/faravetrerie.it\/en\/shop-en\/beer\/brema-0-2-l-mug\/\",\"name\":\"BREMA MUG 0.2 L - Fara Vetrerie e Cristallerie\",\"isPartOf\":{\"@id\":\"https:\/\/faravetrerie.it\/en\/#website\"},\"primaryImageOfPage\":{\"@id\":\"https:\/\/faravetrerie.it\/en\/shop-en\/beer\/brema-0-2-l-mug\/#primaryimage\"},\"image\":{\"@id\":\"https:\/\/faravetrerie.it\/en\/shop-en\/beer\/brema-0-2-l-mug\/#primaryimage\"},\"thumbnailUrl\":\"https:\/\/faravetrerie.it\/wp-content\/uploads\/2025\/12\/BNBRE02T-1-scaled-e1753880328241.jpg\",\"datePublished\":\"2025-12-23T15:51:51+00:00\",\"dateModified\":\"2026-01-08T15:08:02+00:00\",\"description\":\"The 0.2-liter Brema mug is the ideal choice for those seeking the perfect balance between functionality, style, and durability.\",\"breadcrumb\":{\"@id\":\"https:\/\/faravetrerie.it\/en\/shop-en\/beer\/brema-0-2-l-mug\/#breadcrumb\"},\"inLanguage\":\"en-US\",\"potentialAction\":[{\"@type\":\"ReadAction\",\"target\":[\"https:\/\/faravetrerie.it\/en\/shop-en\/beer\/brema-0-2-l-mug\/\"]}]},{\"@type\":\"ImageObject\",\"inLanguage\":\"en-US\",\"@id\":\"https:\/\/faravetrerie.it\/en\/shop-en\/beer\/brema-0-2-l-mug\/#primaryimage\",\"url\":\"https:\/\/faravetrerie.it\/wp-content\/uploads\/2025\/12\/BNBRE02T-1-scaled-e1753880328241.jpg\",\"contentUrl\":\"https:\/\/faravetrerie.it\/wp-content\/uploads\/2025\/12\/BNBRE02T-1-scaled-e1753880328241.jpg\",\"width\":597,\"height\":626,\"caption\":\"Brema 0.2 L mug\"},{\"@type\":\"BreadcrumbList\",\"@id\":\"https:\/\/faravetrerie.it\/en\/shop-en\/beer\/brema-0-2-l-mug\/#breadcrumb\",\"itemListElement\":[{\"@type\":\"ListItem\",\"position\":1,\"name\":\"Home\",\"item\":\"https:\/\/faravetrerie.it\/en\/\"},{\"@type\":\"ListItem\",\"position\":2,\"name\":\"Shop\",\"item\":\"https:\/\/faravetrerie.it\/en\/shop-en\/\"},{\"@type\":\"ListItem\",\"position\":3,\"name\":\"BREMA MUG 0.2 L\"}]},{\"@type\":\"WebSite\",\"@id\":\"https:\/\/faravetrerie.it\/en\/#website\",\"url\":\"https:\/\/faravetrerie.it\/en\/\",\"name\":\"Fara Vetrerie e Cristallerie\",\"description\":\"\",\"publisher\":{\"@id\":\"https:\/\/faravetrerie.it\/en\/#organization\"},\"potentialAction\":[{\"@type\":\"SearchAction\",\"target\":{\"@type\":\"EntryPoint\",\"urlTemplate\":\"https:\/\/faravetrerie.it\/en\/?s={search_term_string}\"},\"query-input\":{\"@type\":\"PropertyValueSpecification\",\"valueRequired\":true,\"valueName\":\"search_term_string\"}}],\"inLanguage\":\"en-US\"},{\"@type\":\"Organization\",\"@id\":\"https:\/\/faravetrerie.it\/en\/#organization\",\"name\":\"Fara Vetrerie e Cristallerie\",\"url\":\"https:\/\/faravetrerie.it\/en\/\",\"logo\":{\"@type\":\"ImageObject\",\"inLanguage\":\"en-US\",\"@id\":\"https:\/\/faravetrerie.it\/en\/#\/schema\/logo\/image\/\",\"url\":\"https:\/\/faravetrerie.it\/wp-content\/uploads\/2025\/12\/logo-fara-bianco.png\",\"contentUrl\":\"https:\/\/faravetrerie.it\/wp-content\/uploads\/2025\/12\/logo-fara-bianco.png\",\"width\":2038,\"height\":2942,\"caption\":\"Fara Vetrerie e Cristallerie\"},\"image\":{\"@id\":\"https:\/\/faravetrerie.it\/en\/#\/schema\/logo\/image\/\"}}]}<\/script>\n<!-- \/ Yoast SEO plugin. -->","yoast_head_json":{"title":"BREMA MUG 0.2 L - Fara Vetrerie e Cristallerie","description":"The 0.2-liter Brema mug is the ideal choice for those seeking the perfect balance between functionality, style, and durability.","robots":{"index":"index","follow":"follow","max-snippet":"max-snippet:-1","max-image-preview":"max-image-preview:large","max-video-preview":"max-video-preview:-1"},"canonical":"https:\/\/faravetrerie.it\/en\/shop-en\/beer\/brema-0-2-l-mug\/","og_locale":"en_US","og_type":"article","og_title":"BREMA MUG 0.2 L - Fara Vetrerie e Cristallerie","og_description":"The 0.2-liter Brema mug is the ideal choice for those seeking the perfect balance between functionality, style, and durability.","og_url":"https:\/\/faravetrerie.it\/en\/shop-en\/beer\/brema-0-2-l-mug\/","og_site_name":"Fara Vetrerie e Cristallerie","article_modified_time":"2026-01-08T15:08:02+00:00","og_image":[{"width":597,"height":626,"url":"https:\/\/faravetrerie.it\/wp-content\/uploads\/2025\/12\/BNBRE02T-1-scaled-e1753880328241.jpg","type":"image\/jpeg"}],"twitter_card":"summary_large_image","twitter_misc":{"Est. reading time":"1 minute"},"schema":{"@context":"https:\/\/schema.org","@graph":[{"@type":"WebPage","@id":"https:\/\/faravetrerie.it\/en\/shop-en\/beer\/brema-0-2-l-mug\/","url":"https:\/\/faravetrerie.it\/en\/shop-en\/beer\/brema-0-2-l-mug\/","name":"BREMA MUG 0.2 L - Fara Vetrerie e Cristallerie","isPartOf":{"@id":"https:\/\/faravetrerie.it\/en\/#website"},"primaryImageOfPage":{"@id":"https:\/\/faravetrerie.it\/en\/shop-en\/beer\/brema-0-2-l-mug\/#primaryimage"},"image":{"@id":"https:\/\/faravetrerie.it\/en\/shop-en\/beer\/brema-0-2-l-mug\/#primaryimage"},"thumbnailUrl":"https:\/\/faravetrerie.it\/wp-content\/uploads\/2025\/12\/BNBRE02T-1-scaled-e1753880328241.jpg","datePublished":"2025-12-23T15:51:51+00:00","dateModified":"2026-01-08T15:08:02+00:00","description":"The 0.2-liter Brema mug is the ideal choice for those seeking the perfect balance between functionality, style, and durability.","breadcrumb":{"@id":"https:\/\/faravetrerie.it\/en\/shop-en\/beer\/brema-0-2-l-mug\/#breadcrumb"},"inLanguage":"en-US","potentialAction":[{"@type":"ReadAction","target":["https:\/\/faravetrerie.it\/en\/shop-en\/beer\/brema-0-2-l-mug\/"]}]},{"@type":"ImageObject","inLanguage":"en-US","@id":"https:\/\/faravetrerie.it\/en\/shop-en\/beer\/brema-0-2-l-mug\/#primaryimage","url":"https:\/\/faravetrerie.it\/wp-content\/uploads\/2025\/12\/BNBRE02T-1-scaled-e1753880328241.jpg","contentUrl":"https:\/\/faravetrerie.it\/wp-content\/uploads\/2025\/12\/BNBRE02T-1-scaled-e1753880328241.jpg","width":597,"height":626,"caption":"Brema 0.2 L mug"},{"@type":"BreadcrumbList","@id":"https:\/\/faravetrerie.it\/en\/shop-en\/beer\/brema-0-2-l-mug\/#breadcrumb","itemListElement":[{"@type":"ListItem","position":1,"name":"Home","item":"https:\/\/faravetrerie.it\/en\/"},{"@type":"ListItem","position":2,"name":"Shop","item":"https:\/\/faravetrerie.it\/en\/shop-en\/"},{"@type":"ListItem","position":3,"name":"BREMA MUG 0.2 L"}]},{"@type":"WebSite","@id":"https:\/\/faravetrerie.it\/en\/#website","url":"https:\/\/faravetrerie.it\/en\/","name":"Fara Vetrerie e Cristallerie","description":"","publisher":{"@id":"https:\/\/faravetrerie.it\/en\/#organization"},"potentialAction":[{"@type":"SearchAction","target":{"@type":"EntryPoint","urlTemplate":"https:\/\/faravetrerie.it\/en\/?s={search_term_string}"},"query-input":{"@type":"PropertyValueSpecification","valueRequired":true,"valueName":"search_term_string"}}],"inLanguage":"en-US"},{"@type":"Organization","@id":"https:\/\/faravetrerie.it\/en\/#organization","name":"Fara Vetrerie e Cristallerie","url":"https:\/\/faravetrerie.it\/en\/","logo":{"@type":"ImageObject","inLanguage":"en-US","@id":"https:\/\/faravetrerie.it\/en\/#\/schema\/logo\/image\/","url":"https:\/\/faravetrerie.it\/wp-content\/uploads\/2025\/12\/logo-fara-bianco.png","contentUrl":"https:\/\/faravetrerie.it\/wp-content\/uploads\/2025\/12\/logo-fara-bianco.png","width":2038,"height":2942,"caption":"Fara Vetrerie e Cristallerie"},"image":{"@id":"https:\/\/faravetrerie.it\/en\/#\/schema\/logo\/image\/"}}]}},"_links":{"self":[{"href":"https:\/\/faravetrerie.it\/en\/wp-json\/wp\/v2\/product\/27470","targetHints":{"allow":["GET"]}}],"collection":[{"href":"https:\/\/faravetrerie.it\/en\/wp-json\/wp\/v2\/product"}],"about":[{"href":"https:\/\/faravetrerie.it\/en\/wp-json\/wp\/v2\/types\/product"}],"wp:featuredmedia":[{"embeddable":true,"href":"https:\/\/faravetrerie.it\/en\/wp-json\/wp\/v2\/media\/27830"}],"wp:attachment":[{"href":"https:\/\/faravetrerie.it\/en\/wp-json\/wp\/v2\/media?parent=27470"}],"wp:term":[{"taxonomy":"product_brand","embeddable":true,"href":"https:\/\/faravetrerie.it\/en\/wp-json\/wp\/v2\/product_brand?post=27470"},{"taxonomy":"product_cat","embeddable":true,"href":"https:\/\/faravetrerie.it\/en\/wp-json\/wp\/v2\/product_cat?post=27470"},{"taxonomy":"product_tag","embeddable":true,"href":"https:\/\/faravetrerie.it\/en\/wp-json\/wp\/v2\/product_tag?post=27470"}],"curies":[{"name":"wp","href":"https:\/\/api.w.org\/{rel}","templated":true}]}}