{"id":28795,"date":"2026-01-07T14:39:20","date_gmt":"2026-01-07T13:39:20","guid":{"rendered":"https:\/\/faravetrerie.it\/shop\/uncategorized\/multiuso-craquele-glass\/"},"modified":"2026-01-13T11:31:21","modified_gmt":"2026-01-13T10:31:21","slug":"multiuso-craquele-glass","status":"publish","type":"product","link":"https:\/\/faravetrerie.it\/en\/shop-en\/water-en\/water-glasses\/multiuso-craquele-glass\/","title":{"rendered":"SET OF 6 MULTIUSO CRAQUEL\u00c9 GLASSES"},"content":{"rendered":"<h2 data-start=\"4173\" data-end=\"4220\">Craquel\u00e9 Multiuso Glass Cup<\/h2>\n<p data-start=\"4222\" data-end=\"4542\">The <a href=\"https:\/\/faravetrerie.it\/en\/craquele\/\">Multiuso craquel\u00e9 glass <\/a>represents the ultimate expression of versatility within the line. Featuring a <strong data-start=\"4379\" data-end=\"4410\">satin-finish screen-printed decoration<\/strong>, it reproduces the typical cracked effect of craquel\u00e9, giving the glass a sophisticated, contemporary look full of personality.<\/p>\n<p data-start=\"4544\" data-end=\"4895\">Designed to adapt to multiple uses, this glass is ideal for water, soft drinks, cocktails, and long drinks, but also for creative presentations such as spoon desserts, fruit salads, or finger food. Its refined aesthetics make it perfect not only as a glass but also as a decorative element or versatile container for the table and home. <\/p>\n<p data-start=\"4897\" data-end=\"5212\">The satin texture of the decoration creates an elegant contrast with the transparency of the glass, generating soft reflections and a pleasant tactile sensation. The craquel\u00e9 effect recalls natural surfaces and craftsmanship, reinterpreted in a modern key thanks to a precise, high-quality printing technique. <\/p>\n<p data-start=\"5214\" data-end=\"5547\">The multiuso glass is made of durable glass, suitable for intensive daily use and easy to clean. The screen-printed decoration is designed to last over time, maintaining its appearance even after numerous washes. Its balanced proportions make it practical to hold and functional in any context.  <\/p>\n<p data-start=\"5549\" data-end=\"5911\">The multiuso glass is made of durable glass, suitable for intensive daily use and easy to clean. The screen-printed decoration is designed to last over time, maintaining its appearance even after numerous washes. Its balanced proportions make it practical to hold and functional in any context. <\/p>\n<p data-start=\"5913\" data-end=\"6180\" data-is-last-node=\"\" data-is-only-node=\"\">A design object that combines aesthetics, functionality, and creativity, designed for those who love versatile solutions without compromising on style.<\/p>\n","protected":false},"excerpt":{"rendered":"<p>The Multiuso craquel\u00e9 glass is the most versatile item in the line. Featuring a <strong data-start=\"4379\" data-end=\"4410\">satin silk-screen print decoration<\/strong>, it reproduces the typical crackle effect, giving the glass a sophisticated, contemporary look full of personality. <\/p>\n<p><a href=\"https:\/\/www.faravetrerie.it\/contatti\/\"><strong>CONTACT US TO BUY OR CUSTOMIZE IT<\/strong><\/a><\/p>\n<p>cl. 52<\/p>\n<p>fl.oz 18,48<\/p>\n<p>h. 200 mm. 106 mm<\/p>\n<p>\u00d8 83 mm<\/p>\n","protected":false},"featured_media":28786,"template":"","meta":{"inline_featured_image":false},"product_brand":[],"product_cat":[1260,1262,1261],"product_tag":[1123],"class_list":{"0":"post-28795","1":"product","2":"type-product","3":"status-publish","4":"has-post-thumbnail","6":"product_cat-water-glasses","7":"product_cat-craquele-en","8":"product_cat-available-for-sale-online","9":"product_tag-glass","11":"first","12":"instock","13":"taxable","14":"shipping-taxable","15":"purchasable","16":"product-type-simple"},"yoast_head":"<!-- This site is optimized with the Yoast SEO plugin v26.6 - https:\/\/yoast.com\/wordpress\/plugins\/seo\/ -->\n<title>SET OF 6 MULTIUSO CRAQUEL\u00c9 GLASSES - Fara Vetrerie e Cristallerie<\/title>\n<meta name=\"description\" content=\"The multiso craquel\u00e9 glass is made with satin screen printing, faithfully reproducing the cracked effect typical of craquel\u00e9.\" \/>\n<meta name=\"robots\" content=\"index, follow, max-snippet:-1, max-image-preview:large, max-video-preview:-1\" \/>\n<link rel=\"canonical\" href=\"https:\/\/faravetrerie.it\/en\/shop-en\/water-en\/water-glasses\/multiuso-craquele-glass\/\" \/>\n<meta property=\"og:locale\" content=\"en_US\" \/>\n<meta property=\"og:type\" content=\"article\" \/>\n<meta property=\"og:title\" content=\"SET OF 6 MULTIUSO CRAQUEL\u00c9 GLASSES - Fara Vetrerie e Cristallerie\" \/>\n<meta property=\"og:description\" content=\"The multiso craquel\u00e9 glass is made with satin screen printing, faithfully reproducing the cracked effect typical of craquel\u00e9.\" \/>\n<meta property=\"og:url\" content=\"https:\/\/faravetrerie.it\/en\/shop-en\/water-en\/water-glasses\/multiuso-craquele-glass\/\" \/>\n<meta property=\"og:site_name\" content=\"Fara Vetrerie e Cristallerie\" \/>\n<meta property=\"article:modified_time\" content=\"2026-01-13T10:31:21+00:00\" \/>\n<meta property=\"og:image\" content=\"https:\/\/faravetrerie.it\/wp-content\/uploads\/2026\/01\/craquele-1-scaled-e1767871288416.jpg\" \/>\n\t<meta property=\"og:image:width\" content=\"1404\" \/>\n\t<meta property=\"og:image:height\" content=\"1882\" \/>\n\t<meta property=\"og:image:type\" content=\"image\/jpeg\" \/>\n<meta name=\"twitter:card\" content=\"summary_large_image\" \/>\n<meta name=\"twitter:label1\" content=\"Est. reading time\" \/>\n\t<meta name=\"twitter:data1\" content=\"1 minute\" \/>\n<script type=\"application\/ld+json\" class=\"yoast-schema-graph\">{\"@context\":\"https:\/\/schema.org\",\"@graph\":[{\"@type\":\"WebPage\",\"@id\":\"https:\/\/faravetrerie.it\/en\/shop-en\/water-en\/water-glasses\/multiuso-craquele-glass\/\",\"url\":\"https:\/\/faravetrerie.it\/en\/shop-en\/water-en\/water-glasses\/multiuso-craquele-glass\/\",\"name\":\"SET OF 6 MULTIUSO CRAQUEL\u00c9 GLASSES - Fara Vetrerie e Cristallerie\",\"isPartOf\":{\"@id\":\"https:\/\/faravetrerie.it\/en\/#website\"},\"primaryImageOfPage\":{\"@id\":\"https:\/\/faravetrerie.it\/en\/shop-en\/water-en\/water-glasses\/multiuso-craquele-glass\/#primaryimage\"},\"image\":{\"@id\":\"https:\/\/faravetrerie.it\/en\/shop-en\/water-en\/water-glasses\/multiuso-craquele-glass\/#primaryimage\"},\"thumbnailUrl\":\"https:\/\/faravetrerie.it\/wp-content\/uploads\/2026\/01\/craquele-1-scaled-e1767871288416.jpg\",\"datePublished\":\"2026-01-07T13:39:20+00:00\",\"dateModified\":\"2026-01-13T10:31:21+00:00\",\"description\":\"The multiso craquel\u00e9 glass is made with satin screen printing, faithfully reproducing the cracked effect typical of craquel\u00e9.\",\"breadcrumb\":{\"@id\":\"https:\/\/faravetrerie.it\/en\/shop-en\/water-en\/water-glasses\/multiuso-craquele-glass\/#breadcrumb\"},\"inLanguage\":\"en-US\",\"potentialAction\":[{\"@type\":\"ReadAction\",\"target\":[\"https:\/\/faravetrerie.it\/en\/shop-en\/water-en\/water-glasses\/multiuso-craquele-glass\/\"]}]},{\"@type\":\"ImageObject\",\"inLanguage\":\"en-US\",\"@id\":\"https:\/\/faravetrerie.it\/en\/shop-en\/water-en\/water-glasses\/multiuso-craquele-glass\/#primaryimage\",\"url\":\"https:\/\/faravetrerie.it\/wp-content\/uploads\/2026\/01\/craquele-1-scaled-e1767871288416.jpg\",\"contentUrl\":\"https:\/\/faravetrerie.it\/wp-content\/uploads\/2026\/01\/craquele-1-scaled-e1767871288416.jpg\",\"width\":1404,\"height\":1882,\"caption\":\"multiuso craquel\u00e9 glass\"},{\"@type\":\"BreadcrumbList\",\"@id\":\"https:\/\/faravetrerie.it\/en\/shop-en\/water-en\/water-glasses\/multiuso-craquele-glass\/#breadcrumb\",\"itemListElement\":[{\"@type\":\"ListItem\",\"position\":1,\"name\":\"Home\",\"item\":\"https:\/\/faravetrerie.it\/en\/\"},{\"@type\":\"ListItem\",\"position\":2,\"name\":\"Shop\",\"item\":\"https:\/\/faravetrerie.it\/en\/shop-en\/\"},{\"@type\":\"ListItem\",\"position\":3,\"name\":\"SET OF 6 MULTIUSO CRAQUEL\u00c9 GLASSES\"}]},{\"@type\":\"WebSite\",\"@id\":\"https:\/\/faravetrerie.it\/en\/#website\",\"url\":\"https:\/\/faravetrerie.it\/en\/\",\"name\":\"Fara Vetrerie e Cristallerie\",\"description\":\"\",\"publisher\":{\"@id\":\"https:\/\/faravetrerie.it\/en\/#organization\"},\"potentialAction\":[{\"@type\":\"SearchAction\",\"target\":{\"@type\":\"EntryPoint\",\"urlTemplate\":\"https:\/\/faravetrerie.it\/en\/?s={search_term_string}\"},\"query-input\":{\"@type\":\"PropertyValueSpecification\",\"valueRequired\":true,\"valueName\":\"search_term_string\"}}],\"inLanguage\":\"en-US\"},{\"@type\":\"Organization\",\"@id\":\"https:\/\/faravetrerie.it\/en\/#organization\",\"name\":\"Fara Vetrerie e Cristallerie\",\"url\":\"https:\/\/faravetrerie.it\/en\/\",\"logo\":{\"@type\":\"ImageObject\",\"inLanguage\":\"en-US\",\"@id\":\"https:\/\/faravetrerie.it\/en\/#\/schema\/logo\/image\/\",\"url\":\"https:\/\/faravetrerie.it\/wp-content\/uploads\/2025\/12\/logo-fara-bianco.png\",\"contentUrl\":\"https:\/\/faravetrerie.it\/wp-content\/uploads\/2025\/12\/logo-fara-bianco.png\",\"width\":2038,\"height\":2942,\"caption\":\"Fara Vetrerie e Cristallerie\"},\"image\":{\"@id\":\"https:\/\/faravetrerie.it\/en\/#\/schema\/logo\/image\/\"}}]}<\/script>\n<!-- \/ Yoast SEO plugin. -->","yoast_head_json":{"title":"SET OF 6 MULTIUSO CRAQUEL\u00c9 GLASSES - Fara Vetrerie e Cristallerie","description":"The multiso craquel\u00e9 glass is made with satin screen printing, faithfully reproducing the cracked effect typical of craquel\u00e9.","robots":{"index":"index","follow":"follow","max-snippet":"max-snippet:-1","max-image-preview":"max-image-preview:large","max-video-preview":"max-video-preview:-1"},"canonical":"https:\/\/faravetrerie.it\/en\/shop-en\/water-en\/water-glasses\/multiuso-craquele-glass\/","og_locale":"en_US","og_type":"article","og_title":"SET OF 6 MULTIUSO CRAQUEL\u00c9 GLASSES - Fara Vetrerie e Cristallerie","og_description":"The multiso craquel\u00e9 glass is made with satin screen printing, faithfully reproducing the cracked effect typical of craquel\u00e9.","og_url":"https:\/\/faravetrerie.it\/en\/shop-en\/water-en\/water-glasses\/multiuso-craquele-glass\/","og_site_name":"Fara Vetrerie e Cristallerie","article_modified_time":"2026-01-13T10:31:21+00:00","og_image":[{"width":1404,"height":1882,"url":"https:\/\/faravetrerie.it\/wp-content\/uploads\/2026\/01\/craquele-1-scaled-e1767871288416.jpg","type":"image\/jpeg"}],"twitter_card":"summary_large_image","twitter_misc":{"Est. reading time":"1 minute"},"schema":{"@context":"https:\/\/schema.org","@graph":[{"@type":"WebPage","@id":"https:\/\/faravetrerie.it\/en\/shop-en\/water-en\/water-glasses\/multiuso-craquele-glass\/","url":"https:\/\/faravetrerie.it\/en\/shop-en\/water-en\/water-glasses\/multiuso-craquele-glass\/","name":"SET OF 6 MULTIUSO CRAQUEL\u00c9 GLASSES - Fara Vetrerie e Cristallerie","isPartOf":{"@id":"https:\/\/faravetrerie.it\/en\/#website"},"primaryImageOfPage":{"@id":"https:\/\/faravetrerie.it\/en\/shop-en\/water-en\/water-glasses\/multiuso-craquele-glass\/#primaryimage"},"image":{"@id":"https:\/\/faravetrerie.it\/en\/shop-en\/water-en\/water-glasses\/multiuso-craquele-glass\/#primaryimage"},"thumbnailUrl":"https:\/\/faravetrerie.it\/wp-content\/uploads\/2026\/01\/craquele-1-scaled-e1767871288416.jpg","datePublished":"2026-01-07T13:39:20+00:00","dateModified":"2026-01-13T10:31:21+00:00","description":"The multiso craquel\u00e9 glass is made with satin screen printing, faithfully reproducing the cracked effect typical of craquel\u00e9.","breadcrumb":{"@id":"https:\/\/faravetrerie.it\/en\/shop-en\/water-en\/water-glasses\/multiuso-craquele-glass\/#breadcrumb"},"inLanguage":"en-US","potentialAction":[{"@type":"ReadAction","target":["https:\/\/faravetrerie.it\/en\/shop-en\/water-en\/water-glasses\/multiuso-craquele-glass\/"]}]},{"@type":"ImageObject","inLanguage":"en-US","@id":"https:\/\/faravetrerie.it\/en\/shop-en\/water-en\/water-glasses\/multiuso-craquele-glass\/#primaryimage","url":"https:\/\/faravetrerie.it\/wp-content\/uploads\/2026\/01\/craquele-1-scaled-e1767871288416.jpg","contentUrl":"https:\/\/faravetrerie.it\/wp-content\/uploads\/2026\/01\/craquele-1-scaled-e1767871288416.jpg","width":1404,"height":1882,"caption":"multiuso craquel\u00e9 glass"},{"@type":"BreadcrumbList","@id":"https:\/\/faravetrerie.it\/en\/shop-en\/water-en\/water-glasses\/multiuso-craquele-glass\/#breadcrumb","itemListElement":[{"@type":"ListItem","position":1,"name":"Home","item":"https:\/\/faravetrerie.it\/en\/"},{"@type":"ListItem","position":2,"name":"Shop","item":"https:\/\/faravetrerie.it\/en\/shop-en\/"},{"@type":"ListItem","position":3,"name":"SET OF 6 MULTIUSO CRAQUEL\u00c9 GLASSES"}]},{"@type":"WebSite","@id":"https:\/\/faravetrerie.it\/en\/#website","url":"https:\/\/faravetrerie.it\/en\/","name":"Fara Vetrerie e Cristallerie","description":"","publisher":{"@id":"https:\/\/faravetrerie.it\/en\/#organization"},"potentialAction":[{"@type":"SearchAction","target":{"@type":"EntryPoint","urlTemplate":"https:\/\/faravetrerie.it\/en\/?s={search_term_string}"},"query-input":{"@type":"PropertyValueSpecification","valueRequired":true,"valueName":"search_term_string"}}],"inLanguage":"en-US"},{"@type":"Organization","@id":"https:\/\/faravetrerie.it\/en\/#organization","name":"Fara Vetrerie e Cristallerie","url":"https:\/\/faravetrerie.it\/en\/","logo":{"@type":"ImageObject","inLanguage":"en-US","@id":"https:\/\/faravetrerie.it\/en\/#\/schema\/logo\/image\/","url":"https:\/\/faravetrerie.it\/wp-content\/uploads\/2025\/12\/logo-fara-bianco.png","contentUrl":"https:\/\/faravetrerie.it\/wp-content\/uploads\/2025\/12\/logo-fara-bianco.png","width":2038,"height":2942,"caption":"Fara Vetrerie e Cristallerie"},"image":{"@id":"https:\/\/faravetrerie.it\/en\/#\/schema\/logo\/image\/"}}]}},"_links":{"self":[{"href":"https:\/\/faravetrerie.it\/en\/wp-json\/wp\/v2\/product\/28795","targetHints":{"allow":["GET"]}}],"collection":[{"href":"https:\/\/faravetrerie.it\/en\/wp-json\/wp\/v2\/product"}],"about":[{"href":"https:\/\/faravetrerie.it\/en\/wp-json\/wp\/v2\/types\/product"}],"wp:featuredmedia":[{"embeddable":true,"href":"https:\/\/faravetrerie.it\/en\/wp-json\/wp\/v2\/media\/28786"}],"wp:attachment":[{"href":"https:\/\/faravetrerie.it\/en\/wp-json\/wp\/v2\/media?parent=28795"}],"wp:term":[{"taxonomy":"product_brand","embeddable":true,"href":"https:\/\/faravetrerie.it\/en\/wp-json\/wp\/v2\/product_brand?post=28795"},{"taxonomy":"product_cat","embeddable":true,"href":"https:\/\/faravetrerie.it\/en\/wp-json\/wp\/v2\/product_cat?post=28795"},{"taxonomy":"product_tag","embeddable":true,"href":"https:\/\/faravetrerie.it\/en\/wp-json\/wp\/v2\/product_tag?post=28795"}],"curies":[{"name":"wp","href":"https:\/\/api.w.org\/{rel}","templated":true}]}}