{"id":28801,"date":"2026-01-07T14:39:20","date_gmt":"2026-01-07T13:39:20","guid":{"rendered":"https:\/\/faravetrerie.it\/shop\/uncategorized\/glass-craquele-bibita\/"},"modified":"2026-01-13T11:30:49","modified_gmt":"2026-01-13T10:30:49","slug":"glass-craquele-bibita","status":"publish","type":"product","link":"https:\/\/faravetrerie.it\/en\/shop-en\/cocktails-en\/cocktail-glasses-and-chalices\/glass-craquele-bibita\/","title":{"rendered":"SET DI 6 BICCHIERI CRAQUEL\u00c9 BIBITA"},"content":{"rendered":"<h4 data-start=\"2368\" data-end=\"2413\">Craquel\u00e9 Glass Beverage Glass<\/h4>\n<p data-start=\"2415\" data-end=\"2768\">The <a href=\"https:\/\/faravetrerie.it\/en\/craquele\/\">Bibita craquel\u00e9 glass <\/a>is designed for those who want to bring an original, sophisticated, and personality-filled object to the table. Its decoration, created using satin screen printing, faithfully reproduces the cracked effect typical of craquel\u00e9, creating a visually dynamic surface with great material appeal.<\/p>\n<p data-start=\"2770\" data-end=\"3149\">This glass stands out for its modern and refined design, ideal for serving beverages, soft drinks, fruit juices, iced teas, and non-alcoholic cocktails. The satin finish of the decoration elegantly filters the light, giving depth and character to the glass and enhancing the color of the drinks it contains. Every use thus becomes a visual as well as a functional experience.  <\/p>\n<p data-start=\"3151\" data-end=\"3523\">The shape of the glass is designed to ensure a comfortable grip and a capacity suitable for drinking cold beverages, with or without ice. The glass used is sturdy and durable, perfect for frequent use in both domestic and professional settings. The screen-printed decoration is durable and retains its aesthetic appeal over time, even after numerous washes.  <\/p>\n<p data-start=\"3525\" data-end=\"3873\">The Craquel\u00e9 beverage glass fits perfectly into modern, industrial, or urban chic settings, but also creates an interesting contrast on more traditional tables. It is ideal for bars, clubs, and restaurants that want to stand out through design details, as well as for those who love to take care of every aspect of their home table. <\/p>\n<p data-start=\"3875\" data-end=\"4166\">Part of a coordinated line that also includes a water glass and a multipurpose glass, this product allows you to create a harmonious and consistent set, while maintaining a clear functional distinction. A glass that combines aesthetics and practicality, transforming every break into a moment of style. <\/p>\n","protected":false},"excerpt":{"rendered":"<p>The Bibita craquel\u00e9 glass is designed for those who want to bring an original, sophisticated, and characterful item to their table. Its decoration, created using <strong data-start=\"2601\" data-end=\"2632\">satin screen printing<\/strong>, faithfully reproduces the cracked effect typical of craquel\u00e9, creating a visually dynamic surface with great material appeal. <\/p>\n<p><a href=\"https:\/\/www.faravetrerie.it\/contatti\/\"><strong>CONTACT US TO BUY OR CUSTOMIZE IT<\/strong><\/a><\/p>\n<p>cL 40<\/p>\n<p>fl.oz. 13,5<\/p>\n<p>h. 200 mm. 144 mm.<\/p>\n<p>\u00d8 61 mm.<\/p>\n","protected":false},"featured_media":28800,"template":"","meta":{"inline_featured_image":false},"product_brand":[],"product_cat":[103,1262,1261],"product_tag":[1269],"class_list":{"0":"post-28801","1":"product","2":"type-product","3":"status-publish","4":"has-post-thumbnail","6":"product_cat-cocktail-glasses-and-chalices","7":"product_cat-craquele-en","8":"product_cat-available-for-sale-online","9":"product_tag-drinking-glass-2","11":"first","12":"instock","13":"taxable","14":"shipping-taxable","15":"purchasable","16":"product-type-simple"},"yoast_head":"<!-- This site is optimized with the Yoast SEO plugin v26.6 - https:\/\/yoast.com\/wordpress\/plugins\/seo\/ -->\n<title>SET DI 6 BICCHIERI CRAQUEL\u00c9 BIBITA - Fara Vetrerie e Cristallerie<\/title>\n<meta name=\"description\" content=\"The Bibita craquel\u00e9 glass is made with satin screen printing, faithfully reproducing the cracked effect typical of craquel\u00e9.\" \/>\n<meta name=\"robots\" content=\"index, follow, max-snippet:-1, max-image-preview:large, max-video-preview:-1\" \/>\n<link rel=\"canonical\" href=\"https:\/\/faravetrerie.it\/en\/shop-en\/cocktails-en\/cocktail-glasses-and-chalices\/glass-craquele-bibita\/\" \/>\n<meta property=\"og:locale\" content=\"en_US\" \/>\n<meta property=\"og:type\" content=\"article\" \/>\n<meta property=\"og:title\" content=\"SET DI 6 BICCHIERI CRAQUEL\u00c9 BIBITA - Fara Vetrerie e Cristallerie\" \/>\n<meta property=\"og:description\" content=\"The Bibita craquel\u00e9 glass is made with satin screen printing, faithfully reproducing the cracked effect typical of craquel\u00e9.\" \/>\n<meta property=\"og:url\" content=\"https:\/\/faravetrerie.it\/en\/shop-en\/cocktails-en\/cocktail-glasses-and-chalices\/glass-craquele-bibita\/\" \/>\n<meta property=\"og:site_name\" content=\"Fara Vetrerie e Cristallerie\" \/>\n<meta property=\"article:modified_time\" content=\"2026-01-13T10:30:49+00:00\" \/>\n<meta property=\"og:image\" content=\"https:\/\/faravetrerie.it\/wp-content\/uploads\/2026\/01\/craquele-2-scaled-e1767871391812.jpg\" \/>\n\t<meta property=\"og:image:width\" content=\"1395\" \/>\n\t<meta property=\"og:image:height\" content=\"1732\" \/>\n\t<meta property=\"og:image:type\" content=\"image\/jpeg\" \/>\n<meta name=\"twitter:card\" content=\"summary_large_image\" \/>\n<meta name=\"twitter:label1\" content=\"Est. reading time\" \/>\n\t<meta name=\"twitter:data1\" content=\"1 minute\" \/>\n<script type=\"application\/ld+json\" class=\"yoast-schema-graph\">{\"@context\":\"https:\/\/schema.org\",\"@graph\":[{\"@type\":\"WebPage\",\"@id\":\"https:\/\/faravetrerie.it\/en\/shop-en\/cocktails-en\/cocktail-glasses-and-chalices\/glass-craquele-bibita\/\",\"url\":\"https:\/\/faravetrerie.it\/en\/shop-en\/cocktails-en\/cocktail-glasses-and-chalices\/glass-craquele-bibita\/\",\"name\":\"SET DI 6 BICCHIERI CRAQUEL\u00c9 BIBITA - Fara Vetrerie e Cristallerie\",\"isPartOf\":{\"@id\":\"https:\/\/faravetrerie.it\/en\/#website\"},\"primaryImageOfPage\":{\"@id\":\"https:\/\/faravetrerie.it\/en\/shop-en\/cocktails-en\/cocktail-glasses-and-chalices\/glass-craquele-bibita\/#primaryimage\"},\"image\":{\"@id\":\"https:\/\/faravetrerie.it\/en\/shop-en\/cocktails-en\/cocktail-glasses-and-chalices\/glass-craquele-bibita\/#primaryimage\"},\"thumbnailUrl\":\"https:\/\/faravetrerie.it\/wp-content\/uploads\/2026\/01\/craquele-2-scaled-e1767871391812.jpg\",\"datePublished\":\"2026-01-07T13:39:20+00:00\",\"dateModified\":\"2026-01-13T10:30:49+00:00\",\"description\":\"The Bibita craquel\u00e9 glass is made with satin screen printing, faithfully reproducing the cracked effect typical of craquel\u00e9.\",\"breadcrumb\":{\"@id\":\"https:\/\/faravetrerie.it\/en\/shop-en\/cocktails-en\/cocktail-glasses-and-chalices\/glass-craquele-bibita\/#breadcrumb\"},\"inLanguage\":\"en-US\",\"potentialAction\":[{\"@type\":\"ReadAction\",\"target\":[\"https:\/\/faravetrerie.it\/en\/shop-en\/cocktails-en\/cocktail-glasses-and-chalices\/glass-craquele-bibita\/\"]}]},{\"@type\":\"ImageObject\",\"inLanguage\":\"en-US\",\"@id\":\"https:\/\/faravetrerie.it\/en\/shop-en\/cocktails-en\/cocktail-glasses-and-chalices\/glass-craquele-bibita\/#primaryimage\",\"url\":\"https:\/\/faravetrerie.it\/wp-content\/uploads\/2026\/01\/craquele-2-scaled-e1767871391812.jpg\",\"contentUrl\":\"https:\/\/faravetrerie.it\/wp-content\/uploads\/2026\/01\/craquele-2-scaled-e1767871391812.jpg\",\"width\":1395,\"height\":1732,\"caption\":\"craquel\u00e9 bibita glass\"},{\"@type\":\"BreadcrumbList\",\"@id\":\"https:\/\/faravetrerie.it\/en\/shop-en\/cocktails-en\/cocktail-glasses-and-chalices\/glass-craquele-bibita\/#breadcrumb\",\"itemListElement\":[{\"@type\":\"ListItem\",\"position\":1,\"name\":\"Home\",\"item\":\"https:\/\/faravetrerie.it\/en\/\"},{\"@type\":\"ListItem\",\"position\":2,\"name\":\"Shop\",\"item\":\"https:\/\/faravetrerie.it\/en\/shop-en\/\"},{\"@type\":\"ListItem\",\"position\":3,\"name\":\"SET DI 6 BICCHIERI CRAQUEL\u00c9 BIBITA\"}]},{\"@type\":\"WebSite\",\"@id\":\"https:\/\/faravetrerie.it\/en\/#website\",\"url\":\"https:\/\/faravetrerie.it\/en\/\",\"name\":\"Fara Vetrerie e Cristallerie\",\"description\":\"\",\"publisher\":{\"@id\":\"https:\/\/faravetrerie.it\/en\/#organization\"},\"potentialAction\":[{\"@type\":\"SearchAction\",\"target\":{\"@type\":\"EntryPoint\",\"urlTemplate\":\"https:\/\/faravetrerie.it\/en\/?s={search_term_string}\"},\"query-input\":{\"@type\":\"PropertyValueSpecification\",\"valueRequired\":true,\"valueName\":\"search_term_string\"}}],\"inLanguage\":\"en-US\"},{\"@type\":\"Organization\",\"@id\":\"https:\/\/faravetrerie.it\/en\/#organization\",\"name\":\"Fara Vetrerie e Cristallerie\",\"url\":\"https:\/\/faravetrerie.it\/en\/\",\"logo\":{\"@type\":\"ImageObject\",\"inLanguage\":\"en-US\",\"@id\":\"https:\/\/faravetrerie.it\/en\/#\/schema\/logo\/image\/\",\"url\":\"https:\/\/faravetrerie.it\/wp-content\/uploads\/2025\/12\/logo-fara-bianco.png\",\"contentUrl\":\"https:\/\/faravetrerie.it\/wp-content\/uploads\/2025\/12\/logo-fara-bianco.png\",\"width\":2038,\"height\":2942,\"caption\":\"Fara Vetrerie e Cristallerie\"},\"image\":{\"@id\":\"https:\/\/faravetrerie.it\/en\/#\/schema\/logo\/image\/\"}}]}<\/script>\n<!-- \/ Yoast SEO plugin. -->","yoast_head_json":{"title":"SET DI 6 BICCHIERI CRAQUEL\u00c9 BIBITA - Fara Vetrerie e Cristallerie","description":"The Bibita craquel\u00e9 glass is made with satin screen printing, faithfully reproducing the cracked effect typical of craquel\u00e9.","robots":{"index":"index","follow":"follow","max-snippet":"max-snippet:-1","max-image-preview":"max-image-preview:large","max-video-preview":"max-video-preview:-1"},"canonical":"https:\/\/faravetrerie.it\/en\/shop-en\/cocktails-en\/cocktail-glasses-and-chalices\/glass-craquele-bibita\/","og_locale":"en_US","og_type":"article","og_title":"SET DI 6 BICCHIERI CRAQUEL\u00c9 BIBITA - Fara Vetrerie e Cristallerie","og_description":"The Bibita craquel\u00e9 glass is made with satin screen printing, faithfully reproducing the cracked effect typical of craquel\u00e9.","og_url":"https:\/\/faravetrerie.it\/en\/shop-en\/cocktails-en\/cocktail-glasses-and-chalices\/glass-craquele-bibita\/","og_site_name":"Fara Vetrerie e Cristallerie","article_modified_time":"2026-01-13T10:30:49+00:00","og_image":[{"width":1395,"height":1732,"url":"https:\/\/faravetrerie.it\/wp-content\/uploads\/2026\/01\/craquele-2-scaled-e1767871391812.jpg","type":"image\/jpeg"}],"twitter_card":"summary_large_image","twitter_misc":{"Est. reading time":"1 minute"},"schema":{"@context":"https:\/\/schema.org","@graph":[{"@type":"WebPage","@id":"https:\/\/faravetrerie.it\/en\/shop-en\/cocktails-en\/cocktail-glasses-and-chalices\/glass-craquele-bibita\/","url":"https:\/\/faravetrerie.it\/en\/shop-en\/cocktails-en\/cocktail-glasses-and-chalices\/glass-craquele-bibita\/","name":"SET DI 6 BICCHIERI CRAQUEL\u00c9 BIBITA - Fara Vetrerie e Cristallerie","isPartOf":{"@id":"https:\/\/faravetrerie.it\/en\/#website"},"primaryImageOfPage":{"@id":"https:\/\/faravetrerie.it\/en\/shop-en\/cocktails-en\/cocktail-glasses-and-chalices\/glass-craquele-bibita\/#primaryimage"},"image":{"@id":"https:\/\/faravetrerie.it\/en\/shop-en\/cocktails-en\/cocktail-glasses-and-chalices\/glass-craquele-bibita\/#primaryimage"},"thumbnailUrl":"https:\/\/faravetrerie.it\/wp-content\/uploads\/2026\/01\/craquele-2-scaled-e1767871391812.jpg","datePublished":"2026-01-07T13:39:20+00:00","dateModified":"2026-01-13T10:30:49+00:00","description":"The Bibita craquel\u00e9 glass is made with satin screen printing, faithfully reproducing the cracked effect typical of craquel\u00e9.","breadcrumb":{"@id":"https:\/\/faravetrerie.it\/en\/shop-en\/cocktails-en\/cocktail-glasses-and-chalices\/glass-craquele-bibita\/#breadcrumb"},"inLanguage":"en-US","potentialAction":[{"@type":"ReadAction","target":["https:\/\/faravetrerie.it\/en\/shop-en\/cocktails-en\/cocktail-glasses-and-chalices\/glass-craquele-bibita\/"]}]},{"@type":"ImageObject","inLanguage":"en-US","@id":"https:\/\/faravetrerie.it\/en\/shop-en\/cocktails-en\/cocktail-glasses-and-chalices\/glass-craquele-bibita\/#primaryimage","url":"https:\/\/faravetrerie.it\/wp-content\/uploads\/2026\/01\/craquele-2-scaled-e1767871391812.jpg","contentUrl":"https:\/\/faravetrerie.it\/wp-content\/uploads\/2026\/01\/craquele-2-scaled-e1767871391812.jpg","width":1395,"height":1732,"caption":"craquel\u00e9 bibita glass"},{"@type":"BreadcrumbList","@id":"https:\/\/faravetrerie.it\/en\/shop-en\/cocktails-en\/cocktail-glasses-and-chalices\/glass-craquele-bibita\/#breadcrumb","itemListElement":[{"@type":"ListItem","position":1,"name":"Home","item":"https:\/\/faravetrerie.it\/en\/"},{"@type":"ListItem","position":2,"name":"Shop","item":"https:\/\/faravetrerie.it\/en\/shop-en\/"},{"@type":"ListItem","position":3,"name":"SET DI 6 BICCHIERI CRAQUEL\u00c9 BIBITA"}]},{"@type":"WebSite","@id":"https:\/\/faravetrerie.it\/en\/#website","url":"https:\/\/faravetrerie.it\/en\/","name":"Fara Vetrerie e Cristallerie","description":"","publisher":{"@id":"https:\/\/faravetrerie.it\/en\/#organization"},"potentialAction":[{"@type":"SearchAction","target":{"@type":"EntryPoint","urlTemplate":"https:\/\/faravetrerie.it\/en\/?s={search_term_string}"},"query-input":{"@type":"PropertyValueSpecification","valueRequired":true,"valueName":"search_term_string"}}],"inLanguage":"en-US"},{"@type":"Organization","@id":"https:\/\/faravetrerie.it\/en\/#organization","name":"Fara Vetrerie e Cristallerie","url":"https:\/\/faravetrerie.it\/en\/","logo":{"@type":"ImageObject","inLanguage":"en-US","@id":"https:\/\/faravetrerie.it\/en\/#\/schema\/logo\/image\/","url":"https:\/\/faravetrerie.it\/wp-content\/uploads\/2025\/12\/logo-fara-bianco.png","contentUrl":"https:\/\/faravetrerie.it\/wp-content\/uploads\/2025\/12\/logo-fara-bianco.png","width":2038,"height":2942,"caption":"Fara Vetrerie e Cristallerie"},"image":{"@id":"https:\/\/faravetrerie.it\/en\/#\/schema\/logo\/image\/"}}]}},"_links":{"self":[{"href":"https:\/\/faravetrerie.it\/en\/wp-json\/wp\/v2\/product\/28801","targetHints":{"allow":["GET"]}}],"collection":[{"href":"https:\/\/faravetrerie.it\/en\/wp-json\/wp\/v2\/product"}],"about":[{"href":"https:\/\/faravetrerie.it\/en\/wp-json\/wp\/v2\/types\/product"}],"wp:featuredmedia":[{"embeddable":true,"href":"https:\/\/faravetrerie.it\/en\/wp-json\/wp\/v2\/media\/28800"}],"wp:attachment":[{"href":"https:\/\/faravetrerie.it\/en\/wp-json\/wp\/v2\/media?parent=28801"}],"wp:term":[{"taxonomy":"product_brand","embeddable":true,"href":"https:\/\/faravetrerie.it\/en\/wp-json\/wp\/v2\/product_brand?post=28801"},{"taxonomy":"product_cat","embeddable":true,"href":"https:\/\/faravetrerie.it\/en\/wp-json\/wp\/v2\/product_cat?post=28801"},{"taxonomy":"product_tag","embeddable":true,"href":"https:\/\/faravetrerie.it\/en\/wp-json\/wp\/v2\/product_tag?post=28801"}],"curies":[{"name":"wp","href":"https:\/\/api.w.org\/{rel}","templated":true}]}}